{"id":672,"date":"2023-04-02T16:06:05","date_gmt":"2023-04-02T19:06:05","guid":{"rendered":"http:\/\/caminhovivo.com\/?post_type=product&#038;p=672"},"modified":"2023-04-03T21:00:56","modified_gmt":"2023-04-04T00:00:56","slug":"amostra-caminho-das-silabas-vol1","status":"publish","type":"product","link":"https:\/\/caminhovivo.com\/index.php\/produto\/amostra-caminho-das-silabas-vol1\/","title":{"rendered":"AMOSTRA Caminho das S\u00edlabas Vol1"},"content":{"rendered":"<p>Baixe a amostra do nosso livro de s\u00edlabas simples das S\u00edlabas Volume 1.<\/p>\n<p>&nbsp;<\/p>\n<p><img fetchpriority=\"high\" decoding=\"async\" class=\"alignnone size-medium wp-image-673\" src=\"http:\/\/caminhovivo.com\/wp-content\/uploads\/2023\/04\/volume-1-212x300.png\" alt=\"\" width=\"212\" height=\"300\" srcset=\"https:\/\/caminhovivo.com\/wp-content\/uploads\/2023\/04\/volume-1-212x300.png 212w, https:\/\/caminhovivo.com\/wp-content\/uploads\/2023\/04\/volume-1-724x1024.png 724w, https:\/\/caminhovivo.com\/wp-content\/uploads\/2023\/04\/volume-1-768x1086.png 768w, https:\/\/caminhovivo.com\/wp-content\/uploads\/2023\/04\/volume-1-1086x1536.png 1086w, https:\/\/caminhovivo.com\/wp-content\/uploads\/2023\/04\/volume-1-600x849.png 600w, https:\/\/caminhovivo.com\/wp-content\/uploads\/2023\/04\/volume-1.png 1414w\" sizes=\"(max-width: 212px) 100vw, 212px\" \/><img decoding=\"async\" class=\"alignnone size-medium wp-image-675\" src=\"http:\/\/caminhovivo.com\/wp-content\/uploads\/2023\/04\/5-212x300.jpg\" alt=\"\" width=\"212\" height=\"300\" srcset=\"https:\/\/caminhovivo.com\/wp-content\/uploads\/2023\/04\/5-212x300.jpg 212w, https:\/\/caminhovivo.com\/wp-content\/uploads\/2023\/04\/5-724x1024.jpg 724w, https:\/\/caminhovivo.com\/wp-content\/uploads\/2023\/04\/5-768x1086.jpg 768w, https:\/\/caminhovivo.com\/wp-content\/uploads\/2023\/04\/5-1086x1536.jpg 1086w, https:\/\/caminhovivo.com\/wp-content\/uploads\/2023\/04\/5-600x849.jpg 600w, https:\/\/caminhovivo.com\/wp-content\/uploads\/2023\/04\/5.jpg 1414w\" sizes=\"(max-width: 212px) 100vw, 212px\" \/> <img decoding=\"async\" class=\"alignnone size-medium wp-image-676\" src=\"http:\/\/caminhovivo.com\/wp-content\/uploads\/2023\/04\/12-212x300.jpg\" alt=\"\" width=\"212\" height=\"300\" srcset=\"https:\/\/caminhovivo.com\/wp-content\/uploads\/2023\/04\/12-212x300.jpg 212w, https:\/\/caminhovivo.com\/wp-content\/uploads\/2023\/04\/12-724x1024.jpg 724w, https:\/\/caminhovivo.com\/wp-content\/uploads\/2023\/04\/12-768x1086.jpg 768w, https:\/\/caminhovivo.com\/wp-content\/uploads\/2023\/04\/12-1086x1536.jpg 1086w, https:\/\/caminhovivo.com\/wp-content\/uploads\/2023\/04\/12-600x849.jpg 600w, https:\/\/caminhovivo.com\/wp-content\/uploads\/2023\/04\/12.jpg 1414w\" sizes=\"(max-width: 212px) 100vw, 212px\" \/> <img loading=\"lazy\" decoding=\"async\" class=\"alignnone size-medium wp-image-677\" src=\"http:\/\/caminhovivo.com\/wp-content\/uploads\/2023\/04\/13-212x300.jpg\" alt=\"\" width=\"212\" height=\"300\" srcset=\"https:\/\/caminhovivo.com\/wp-content\/uploads\/2023\/04\/13-212x300.jpg 212w, https:\/\/caminhovivo.com\/wp-content\/uploads\/2023\/04\/13-724x1024.jpg 724w, https:\/\/caminhovivo.com\/wp-content\/uploads\/2023\/04\/13-768x1086.jpg 768w, https:\/\/caminhovivo.com\/wp-content\/uploads\/2023\/04\/13-1086x1536.jpg 1086w, https:\/\/caminhovivo.com\/wp-content\/uploads\/2023\/04\/13-600x849.jpg 600w, https:\/\/caminhovivo.com\/wp-content\/uploads\/2023\/04\/13.jpg 1414w\" sizes=\"(max-width: 212px) 100vw, 212px\" \/> <img loading=\"lazy\" decoding=\"async\" class=\"alignnone size-medium wp-image-678\" src=\"http:\/\/caminhovivo.com\/wp-content\/uploads\/2023\/04\/16-212x300.jpg\" alt=\"\" width=\"212\" height=\"300\" srcset=\"https:\/\/caminhovivo.com\/wp-content\/uploads\/2023\/04\/16-212x300.jpg 212w, https:\/\/caminhovivo.com\/wp-content\/uploads\/2023\/04\/16-724x1024.jpg 724w, https:\/\/caminhovivo.com\/wp-content\/uploads\/2023\/04\/16-768x1086.jpg 768w, https:\/\/caminhovivo.com\/wp-content\/uploads\/2023\/04\/16-1086x1536.jpg 1086w, https:\/\/caminhovivo.com\/wp-content\/uploads\/2023\/04\/16-600x849.jpg 600w, https:\/\/caminhovivo.com\/wp-content\/uploads\/2023\/04\/16.jpg 1414w\" sizes=\"(max-width: 212px) 100vw, 212px\" \/> <img loading=\"lazy\" decoding=\"async\" class=\"alignnone size-medium wp-image-679\" src=\"http:\/\/caminhovivo.com\/wp-content\/uploads\/2023\/04\/17-212x300.jpg\" alt=\"\" width=\"212\" height=\"300\" srcset=\"https:\/\/caminhovivo.com\/wp-content\/uploads\/2023\/04\/17-212x300.jpg 212w, https:\/\/caminhovivo.com\/wp-content\/uploads\/2023\/04\/17-724x1024.jpg 724w, https:\/\/caminhovivo.com\/wp-content\/uploads\/2023\/04\/17-768x1086.jpg 768w, https:\/\/caminhovivo.com\/wp-content\/uploads\/2023\/04\/17-1086x1536.jpg 1086w, https:\/\/caminhovivo.com\/wp-content\/uploads\/2023\/04\/17-600x849.jpg 600w, https:\/\/caminhovivo.com\/wp-content\/uploads\/2023\/04\/17.jpg 1414w\" sizes=\"(max-width: 212px) 100vw, 212px\" \/> <img loading=\"lazy\" decoding=\"async\" class=\"alignnone size-medium wp-image-680\" src=\"http:\/\/caminhovivo.com\/wp-content\/uploads\/2023\/04\/20-212x300.jpg\" alt=\"\" width=\"212\" height=\"300\" srcset=\"https:\/\/caminhovivo.com\/wp-content\/uploads\/2023\/04\/20-212x300.jpg 212w, https:\/\/caminhovivo.com\/wp-content\/uploads\/2023\/04\/20-724x1024.jpg 724w, https:\/\/caminhovivo.com\/wp-content\/uploads\/2023\/04\/20-768x1086.jpg 768w, https:\/\/caminhovivo.com\/wp-content\/uploads\/2023\/04\/20-1086x1536.jpg 1086w, https:\/\/caminhovivo.com\/wp-content\/uploads\/2023\/04\/20-600x849.jpg 600w, https:\/\/caminhovivo.com\/wp-content\/uploads\/2023\/04\/20.jpg 1414w\" sizes=\"(max-width: 212px) 100vw, 212px\" \/> <img loading=\"lazy\" decoding=\"async\" class=\"alignnone size-medium wp-image-681\" src=\"http:\/\/caminhovivo.com\/wp-content\/uploads\/2023\/04\/21-212x300.jpg\" alt=\"\" width=\"212\" height=\"300\" srcset=\"https:\/\/caminhovivo.com\/wp-content\/uploads\/2023\/04\/21-212x300.jpg 212w, https:\/\/caminhovivo.com\/wp-content\/uploads\/2023\/04\/21-724x1024.jpg 724w, https:\/\/caminhovivo.com\/wp-content\/uploads\/2023\/04\/21-768x1086.jpg 768w, https:\/\/caminhovivo.com\/wp-content\/uploads\/2023\/04\/21-1086x1536.jpg 1086w, https:\/\/caminhovivo.com\/wp-content\/uploads\/2023\/04\/21-600x849.jpg 600w, https:\/\/caminhovivo.com\/wp-content\/uploads\/2023\/04\/21.jpg 1414w\" sizes=\"(max-width: 212px) 100vw, 212px\" \/> <img loading=\"lazy\" decoding=\"async\" class=\"alignnone size-medium wp-image-682\" src=\"http:\/\/caminhovivo.com\/wp-content\/uploads\/2023\/04\/24-212x300.jpg\" alt=\"\" width=\"212\" height=\"300\" srcset=\"https:\/\/caminhovivo.com\/wp-content\/uploads\/2023\/04\/24-212x300.jpg 212w, https:\/\/caminhovivo.com\/wp-content\/uploads\/2023\/04\/24-724x1024.jpg 724w, https:\/\/caminhovivo.com\/wp-content\/uploads\/2023\/04\/24-768x1086.jpg 768w, https:\/\/caminhovivo.com\/wp-content\/uploads\/2023\/04\/24-1086x1536.jpg 1086w, https:\/\/caminhovivo.com\/wp-content\/uploads\/2023\/04\/24-600x849.jpg 600w, https:\/\/caminhovivo.com\/wp-content\/uploads\/2023\/04\/24.jpg 1414w\" sizes=\"(max-width: 212px) 100vw, 212px\" \/> <img loading=\"lazy\" decoding=\"async\" class=\"alignnone size-medium wp-image-683\" src=\"http:\/\/caminhovivo.com\/wp-content\/uploads\/2023\/04\/25-212x300.jpg\" alt=\"\" width=\"212\" height=\"300\" srcset=\"https:\/\/caminhovivo.com\/wp-content\/uploads\/2023\/04\/25-212x300.jpg 212w, https:\/\/caminhovivo.com\/wp-content\/uploads\/2023\/04\/25-724x1024.jpg 724w, https:\/\/caminhovivo.com\/wp-content\/uploads\/2023\/04\/25-768x1086.jpg 768w, https:\/\/caminhovivo.com\/wp-content\/uploads\/2023\/04\/25-1086x1536.jpg 1086w, https:\/\/caminhovivo.com\/wp-content\/uploads\/2023\/04\/25-600x849.jpg 600w, https:\/\/caminhovivo.com\/wp-content\/uploads\/2023\/04\/25.jpg 1414w\" sizes=\"(max-width: 212px) 100vw, 212px\" \/> <img loading=\"lazy\" decoding=\"async\" class=\"alignnone size-medium wp-image-684\" src=\"http:\/\/caminhovivo.com\/wp-content\/uploads\/2023\/04\/28-212x300.jpg\" alt=\"\" width=\"212\" height=\"300\" srcset=\"https:\/\/caminhovivo.com\/wp-content\/uploads\/2023\/04\/28-212x300.jpg 212w, https:\/\/caminhovivo.com\/wp-content\/uploads\/2023\/04\/28-724x1024.jpg 724w, https:\/\/caminhovivo.com\/wp-content\/uploads\/2023\/04\/28-768x1086.jpg 768w, https:\/\/caminhovivo.com\/wp-content\/uploads\/2023\/04\/28-1086x1536.jpg 1086w, https:\/\/caminhovivo.com\/wp-content\/uploads\/2023\/04\/28-600x849.jpg 600w, https:\/\/caminhovivo.com\/wp-content\/uploads\/2023\/04\/28.jpg 1414w\" sizes=\"(max-width: 212px) 100vw, 212px\" \/> <img loading=\"lazy\" decoding=\"async\" class=\"alignnone size-medium wp-image-686\" src=\"http:\/\/caminhovivo.com\/wp-content\/uploads\/2023\/04\/32-212x300.jpg\" alt=\"\" width=\"212\" height=\"300\" srcset=\"https:\/\/caminhovivo.com\/wp-content\/uploads\/2023\/04\/32-212x300.jpg 212w, https:\/\/caminhovivo.com\/wp-content\/uploads\/2023\/04\/32-724x1024.jpg 724w, https:\/\/caminhovivo.com\/wp-content\/uploads\/2023\/04\/32-768x1086.jpg 768w, https:\/\/caminhovivo.com\/wp-content\/uploads\/2023\/04\/32-1086x1536.jpg 1086w, https:\/\/caminhovivo.com\/wp-content\/uploads\/2023\/04\/32-600x849.jpg 600w, https:\/\/caminhovivo.com\/wp-content\/uploads\/2023\/04\/32.jpg 1414w\" sizes=\"(max-width: 212px) 100vw, 212px\" \/> <img loading=\"lazy\" decoding=\"async\" class=\"alignnone size-medium wp-image-687\" src=\"http:\/\/caminhovivo.com\/wp-content\/uploads\/2023\/04\/33-212x300.jpg\" alt=\"\" width=\"212\" height=\"300\" srcset=\"https:\/\/caminhovivo.com\/wp-content\/uploads\/2023\/04\/33-212x300.jpg 212w, https:\/\/caminhovivo.com\/wp-content\/uploads\/2023\/04\/33-724x1024.jpg 724w, https:\/\/caminhovivo.com\/wp-content\/uploads\/2023\/04\/33-768x1086.jpg 768w, https:\/\/caminhovivo.com\/wp-content\/uploads\/2023\/04\/33-1086x1536.jpg 1086w, https:\/\/caminhovivo.com\/wp-content\/uploads\/2023\/04\/33-600x849.jpg 600w, https:\/\/caminhovivo.com\/wp-content\/uploads\/2023\/04\/33.jpg 1414w\" sizes=\"(max-width: 212px) 100vw, 212px\" \/> <img loading=\"lazy\" decoding=\"async\" class=\"alignnone size-medium wp-image-688\" src=\"http:\/\/caminhovivo.com\/wp-content\/uploads\/2023\/04\/36-212x300.jpg\" alt=\"\" width=\"212\" height=\"300\" srcset=\"https:\/\/caminhovivo.com\/wp-content\/uploads\/2023\/04\/36-212x300.jpg 212w, https:\/\/caminhovivo.com\/wp-content\/uploads\/2023\/04\/36-724x1024.jpg 724w, https:\/\/caminhovivo.com\/wp-content\/uploads\/2023\/04\/36-768x1086.jpg 768w, https:\/\/caminhovivo.com\/wp-content\/uploads\/2023\/04\/36-1086x1536.jpg 1086w, https:\/\/caminhovivo.com\/wp-content\/uploads\/2023\/04\/36-600x849.jpg 600w, https:\/\/caminhovivo.com\/wp-content\/uploads\/2023\/04\/36.jpg 1414w\" sizes=\"(max-width: 212px) 100vw, 212px\" \/> <img loading=\"lazy\" decoding=\"async\" class=\"alignnone size-medium wp-image-689\" src=\"http:\/\/caminhovivo.com\/wp-content\/uploads\/2023\/04\/37-212x300.jpg\" alt=\"\" width=\"212\" height=\"300\" srcset=\"https:\/\/caminhovivo.com\/wp-content\/uploads\/2023\/04\/37-212x300.jpg 212w, https:\/\/caminhovivo.com\/wp-content\/uploads\/2023\/04\/37-724x1024.jpg 724w, https:\/\/caminhovivo.com\/wp-content\/uploads\/2023\/04\/37-768x1086.jpg 768w, https:\/\/caminhovivo.com\/wp-content\/uploads\/2023\/04\/37-1086x1536.jpg 1086w, https:\/\/caminhovivo.com\/wp-content\/uploads\/2023\/04\/37-600x849.jpg 600w, https:\/\/caminhovivo.com\/wp-content\/uploads\/2023\/04\/37.jpg 1414w\" sizes=\"(max-width: 212px) 100vw, 212px\" \/> Caminho<\/p>\n","protected":false},"excerpt":{"rendered":"<p>Baixe a amostra do nosso livro de s\u00edlabas simples das S\u00edlabas Volume 1. &nbsp; Caminho<\/p>\n","protected":false},"featured_media":673,"comment_status":"closed","ping_status":"closed","template":"","meta":{"site-sidebar-layout":"default","site-content-layout":"default","ast-global-header-display":"","ast-main-header-display":"","ast-hfb-above-header-display":"","ast-hfb-below-header-display":"","ast-hfb-mobile-header-display":"","site-post-title":"","ast-breadcrumbs-content":"","ast-featured-img":"","footer-sml-layout":"","theme-transparent-header-meta":"","adv-header-id-meta":"","stick-header-meta":"","header-above-stick-meta":"","header-main-stick-meta":"","header-below-stick-meta":""},"product_cat":[42],"product_tag":[],"class_list":{"0":"post-672","1":"product","2":"type-product","3":"status-publish","4":"has-post-thumbnail","6":"product_cat-sem-categoria","7":"desktop-align-left","8":"tablet-align-left","9":"mobile-align-left","11":"first","12":"instock","13":"shipping-taxable","14":"product-type-external"},"yoast_head":"<!-- This site is optimized with the Yoast SEO plugin v23.5 - https:\/\/yoast.com\/wordpress\/plugins\/seo\/ -->\n<title>AMOSTRA Caminho das S\u00edlabas Vol1 - Caminho Vivo<\/title>\n<meta name=\"robots\" content=\"index, follow, max-snippet:-1, max-image-preview:large, max-video-preview:-1\" \/>\n<link rel=\"canonical\" href=\"https:\/\/caminhovivo.com\/index.php\/produto\/amostra-caminho-das-silabas-vol1\/\" \/>\n<meta property=\"og:locale\" content=\"pt_BR\" \/>\n<meta property=\"og:type\" content=\"article\" \/>\n<meta property=\"og:title\" content=\"AMOSTRA Caminho das S\u00edlabas Vol1 - Caminho Vivo\" \/>\n<meta property=\"og:description\" content=\"Baixe a amostra do nosso livro de s\u00edlabas simples das S\u00edlabas Volume 1. &nbsp; Caminho\" \/>\n<meta property=\"og:url\" content=\"https:\/\/caminhovivo.com\/index.php\/produto\/amostra-caminho-das-silabas-vol1\/\" \/>\n<meta property=\"og:site_name\" content=\"Caminho Vivo\" \/>\n<meta property=\"article:modified_time\" content=\"2023-04-04T00:00:56+00:00\" \/>\n<meta property=\"og:image\" content=\"https:\/\/caminhovivo.com\/wp-content\/uploads\/2023\/04\/volume-1.png\" \/>\n\t<meta property=\"og:image:width\" content=\"1414\" \/>\n\t<meta property=\"og:image:height\" content=\"2000\" \/>\n\t<meta property=\"og:image:type\" content=\"image\/png\" \/>\n<meta name=\"twitter:card\" content=\"summary_large_image\" \/>\n<script type=\"application\/ld+json\" class=\"yoast-schema-graph\">{\"@context\":\"https:\/\/schema.org\",\"@graph\":[{\"@type\":\"WebPage\",\"@id\":\"https:\/\/caminhovivo.com\/index.php\/produto\/amostra-caminho-das-silabas-vol1\/\",\"url\":\"https:\/\/caminhovivo.com\/index.php\/produto\/amostra-caminho-das-silabas-vol1\/\",\"name\":\"AMOSTRA Caminho das S\u00edlabas Vol1 - Caminho Vivo\",\"isPartOf\":{\"@id\":\"https:\/\/caminhovivo.com\/#website\"},\"primaryImageOfPage\":{\"@id\":\"https:\/\/caminhovivo.com\/index.php\/produto\/amostra-caminho-das-silabas-vol1\/#primaryimage\"},\"image\":{\"@id\":\"https:\/\/caminhovivo.com\/index.php\/produto\/amostra-caminho-das-silabas-vol1\/#primaryimage\"},\"thumbnailUrl\":\"https:\/\/caminhovivo.com\/wp-content\/uploads\/2023\/04\/volume-1.png\",\"datePublished\":\"2023-04-02T19:06:05+00:00\",\"dateModified\":\"2023-04-04T00:00:56+00:00\",\"breadcrumb\":{\"@id\":\"https:\/\/caminhovivo.com\/index.php\/produto\/amostra-caminho-das-silabas-vol1\/#breadcrumb\"},\"inLanguage\":\"pt-BR\",\"potentialAction\":[{\"@type\":\"ReadAction\",\"target\":[\"https:\/\/caminhovivo.com\/index.php\/produto\/amostra-caminho-das-silabas-vol1\/\"]}]},{\"@type\":\"ImageObject\",\"inLanguage\":\"pt-BR\",\"@id\":\"https:\/\/caminhovivo.com\/index.php\/produto\/amostra-caminho-das-silabas-vol1\/#primaryimage\",\"url\":\"https:\/\/caminhovivo.com\/wp-content\/uploads\/2023\/04\/volume-1.png\",\"contentUrl\":\"https:\/\/caminhovivo.com\/wp-content\/uploads\/2023\/04\/volume-1.png\",\"width\":1414,\"height\":2000},{\"@type\":\"BreadcrumbList\",\"@id\":\"https:\/\/caminhovivo.com\/index.php\/produto\/amostra-caminho-das-silabas-vol1\/#breadcrumb\",\"itemListElement\":[{\"@type\":\"ListItem\",\"position\":1,\"name\":\"In\u00edcio\",\"item\":\"https:\/\/caminhovivo.com\/\"},{\"@type\":\"ListItem\",\"position\":2,\"name\":\"Loja\",\"item\":\"https:\/\/caminhovivo.com\/index.php\/loja\/\"},{\"@type\":\"ListItem\",\"position\":3,\"name\":\"AMOSTRA Caminho das S\u00edlabas Vol1\"}]},{\"@type\":\"WebSite\",\"@id\":\"https:\/\/caminhovivo.com\/#website\",\"url\":\"https:\/\/caminhovivo.com\/\",\"name\":\"Caminho Vivo\",\"description\":\"Curr\u00edculo para Educa\u00e7\u00e3o Domiciliar\",\"publisher\":{\"@id\":\"https:\/\/caminhovivo.com\/#organization\"},\"potentialAction\":[{\"@type\":\"SearchAction\",\"target\":{\"@type\":\"EntryPoint\",\"urlTemplate\":\"https:\/\/caminhovivo.com\/?s={search_term_string}\"},\"query-input\":{\"@type\":\"PropertyValueSpecification\",\"valueRequired\":true,\"valueName\":\"search_term_string\"}}],\"inLanguage\":\"pt-BR\"},{\"@type\":\"Organization\",\"@id\":\"https:\/\/caminhovivo.com\/#organization\",\"name\":\"Caminho Vivo\",\"url\":\"https:\/\/caminhovivo.com\/\",\"logo\":{\"@type\":\"ImageObject\",\"inLanguage\":\"pt-BR\",\"@id\":\"https:\/\/caminhovivo.com\/#\/schema\/logo\/image\/\",\"url\":\"https:\/\/caminhovivo.com\/wp-content\/uploads\/2024\/01\/HOMESCHOOL-3.png\",\"contentUrl\":\"https:\/\/caminhovivo.com\/wp-content\/uploads\/2024\/01\/HOMESCHOOL-3.png\",\"width\":2000,\"height\":1333,\"caption\":\"Caminho Vivo\"},\"image\":{\"@id\":\"https:\/\/caminhovivo.com\/#\/schema\/logo\/image\/\"}}]}<\/script>\n<!-- \/ Yoast SEO plugin. -->","yoast_head_json":{"title":"AMOSTRA Caminho das S\u00edlabas Vol1 - Caminho Vivo","robots":{"index":"index","follow":"follow","max-snippet":"max-snippet:-1","max-image-preview":"max-image-preview:large","max-video-preview":"max-video-preview:-1"},"canonical":"https:\/\/caminhovivo.com\/index.php\/produto\/amostra-caminho-das-silabas-vol1\/","og_locale":"pt_BR","og_type":"article","og_title":"AMOSTRA Caminho das S\u00edlabas Vol1 - Caminho Vivo","og_description":"Baixe a amostra do nosso livro de s\u00edlabas simples das S\u00edlabas Volume 1. &nbsp; Caminho","og_url":"https:\/\/caminhovivo.com\/index.php\/produto\/amostra-caminho-das-silabas-vol1\/","og_site_name":"Caminho Vivo","article_modified_time":"2023-04-04T00:00:56+00:00","og_image":[{"width":1414,"height":2000,"url":"https:\/\/caminhovivo.com\/wp-content\/uploads\/2023\/04\/volume-1.png","type":"image\/png"}],"twitter_card":"summary_large_image","schema":{"@context":"https:\/\/schema.org","@graph":[{"@type":"WebPage","@id":"https:\/\/caminhovivo.com\/index.php\/produto\/amostra-caminho-das-silabas-vol1\/","url":"https:\/\/caminhovivo.com\/index.php\/produto\/amostra-caminho-das-silabas-vol1\/","name":"AMOSTRA Caminho das S\u00edlabas Vol1 - Caminho Vivo","isPartOf":{"@id":"https:\/\/caminhovivo.com\/#website"},"primaryImageOfPage":{"@id":"https:\/\/caminhovivo.com\/index.php\/produto\/amostra-caminho-das-silabas-vol1\/#primaryimage"},"image":{"@id":"https:\/\/caminhovivo.com\/index.php\/produto\/amostra-caminho-das-silabas-vol1\/#primaryimage"},"thumbnailUrl":"https:\/\/caminhovivo.com\/wp-content\/uploads\/2023\/04\/volume-1.png","datePublished":"2023-04-02T19:06:05+00:00","dateModified":"2023-04-04T00:00:56+00:00","breadcrumb":{"@id":"https:\/\/caminhovivo.com\/index.php\/produto\/amostra-caminho-das-silabas-vol1\/#breadcrumb"},"inLanguage":"pt-BR","potentialAction":[{"@type":"ReadAction","target":["https:\/\/caminhovivo.com\/index.php\/produto\/amostra-caminho-das-silabas-vol1\/"]}]},{"@type":"ImageObject","inLanguage":"pt-BR","@id":"https:\/\/caminhovivo.com\/index.php\/produto\/amostra-caminho-das-silabas-vol1\/#primaryimage","url":"https:\/\/caminhovivo.com\/wp-content\/uploads\/2023\/04\/volume-1.png","contentUrl":"https:\/\/caminhovivo.com\/wp-content\/uploads\/2023\/04\/volume-1.png","width":1414,"height":2000},{"@type":"BreadcrumbList","@id":"https:\/\/caminhovivo.com\/index.php\/produto\/amostra-caminho-das-silabas-vol1\/#breadcrumb","itemListElement":[{"@type":"ListItem","position":1,"name":"In\u00edcio","item":"https:\/\/caminhovivo.com\/"},{"@type":"ListItem","position":2,"name":"Loja","item":"https:\/\/caminhovivo.com\/index.php\/loja\/"},{"@type":"ListItem","position":3,"name":"AMOSTRA Caminho das S\u00edlabas Vol1"}]},{"@type":"WebSite","@id":"https:\/\/caminhovivo.com\/#website","url":"https:\/\/caminhovivo.com\/","name":"Caminho Vivo","description":"Curr\u00edculo para Educa\u00e7\u00e3o Domiciliar","publisher":{"@id":"https:\/\/caminhovivo.com\/#organization"},"potentialAction":[{"@type":"SearchAction","target":{"@type":"EntryPoint","urlTemplate":"https:\/\/caminhovivo.com\/?s={search_term_string}"},"query-input":{"@type":"PropertyValueSpecification","valueRequired":true,"valueName":"search_term_string"}}],"inLanguage":"pt-BR"},{"@type":"Organization","@id":"https:\/\/caminhovivo.com\/#organization","name":"Caminho Vivo","url":"https:\/\/caminhovivo.com\/","logo":{"@type":"ImageObject","inLanguage":"pt-BR","@id":"https:\/\/caminhovivo.com\/#\/schema\/logo\/image\/","url":"https:\/\/caminhovivo.com\/wp-content\/uploads\/2024\/01\/HOMESCHOOL-3.png","contentUrl":"https:\/\/caminhovivo.com\/wp-content\/uploads\/2024\/01\/HOMESCHOOL-3.png","width":2000,"height":1333,"caption":"Caminho Vivo"},"image":{"@id":"https:\/\/caminhovivo.com\/#\/schema\/logo\/image\/"}}]}},"_links":{"self":[{"href":"https:\/\/caminhovivo.com\/index.php\/wp-json\/wp\/v2\/product\/672"}],"collection":[{"href":"https:\/\/caminhovivo.com\/index.php\/wp-json\/wp\/v2\/product"}],"about":[{"href":"https:\/\/caminhovivo.com\/index.php\/wp-json\/wp\/v2\/types\/product"}],"replies":[{"embeddable":true,"href":"https:\/\/caminhovivo.com\/index.php\/wp-json\/wp\/v2\/comments?post=672"}],"wp:featuredmedia":[{"embeddable":true,"href":"https:\/\/caminhovivo.com\/index.php\/wp-json\/wp\/v2\/media\/673"}],"wp:attachment":[{"href":"https:\/\/caminhovivo.com\/index.php\/wp-json\/wp\/v2\/media?parent=672"}],"wp:term":[{"taxonomy":"product_cat","embeddable":true,"href":"https:\/\/caminhovivo.com\/index.php\/wp-json\/wp\/v2\/product_cat?post=672"},{"taxonomy":"product_tag","embeddable":true,"href":"https:\/\/caminhovivo.com\/index.php\/wp-json\/wp\/v2\/product_tag?post=672"}],"curies":[{"name":"wp","href":"https:\/\/api.w.org\/{rel}","templated":true}]}}