{"id":636,"date":"2022-12-21T13:45:12","date_gmt":"2022-12-21T16:45:12","guid":{"rendered":"http:\/\/caminhovivo.com\/?post_type=product&#038;p=636"},"modified":"2025-08-16T00:00:30","modified_gmt":"2025-08-16T03:00:30","slug":"abc-do-caminho","status":"publish","type":"product","link":"https:\/\/caminhovivo.com\/index.php\/produto\/abc-do-caminho\/","title":{"rendered":"ABC do Caminho pdf"},"content":{"rendered":"<p class=\"_04xlpA direction-ltr align-start para-style-body\"><span class=\"S1PPyQ\">Este \u00e9 um livro sobre sons.<\/span><\/p>\n<p class=\"_04xlpA direction-ltr align-start para-style-body\"><span class=\"S1PPyQ\">Baseada em estrat\u00e9gias e livros internacionais de mesmo modelo, eu criei este livreto para meu filho de 2 anos de idade que tem apraxia da fala, uma dificuldade na emiss\u00e3o de sons pela crian\u00e7a. Meu intuito era trabalhar com ele os fonemas da l\u00edngua portuguesa. E foi um sucesso!<\/span><\/p>\n<p class=\"_04xlpA direction-ltr align-start para-style-body\"><span class=\"S1PPyQ\">Praticamos cada fonema associando-o a uma imagem e a\u00e7\u00e3o. Lemos cada uma das frases gesticulando e prolongando o som que remete ao fonema. Por exemplo, em &#8220;B, batendo o tambor est\u00e1 o beb\u00ea&#8221;, eu repetia o fonema \/b\/ enquanto imitava o bater em um tambor.<\/span><\/p>\n<p class=\"_04xlpA direction-ltr align-start para-style-body\"><span class=\"S1PPyQ\">Este mesmo modelo de associa\u00e7\u00e3o som-imagem-gesto pode ser utilizado como exerc\u00edcio de pr\u00e9-alfabetiza\u00e7\u00e3o pelo m\u00e9todo f\u00f4nico, na apresenta\u00e7\u00e3o dos sons de nosso alfabeto. Prolongue o som de cada letra, gesticule conforme a a\u00e7\u00e3o indicada na frase e traga a seu filho momentos de divers\u00e3o e aprendizado.<\/span><\/p>\n<p class=\"_04xlpA direction-ltr align-start para-style-body\"><span class=\"S1PPyQ\">A apresenta\u00e7\u00e3o, ou n\u00e3o, do nome da letra fica a seu crit\u00e9rio.<\/span><\/p>\n<p>&nbsp;<\/p>\n<p>Produto digital em pdf.<\/p>\n","protected":false},"excerpt":{"rendered":"<p>Este \u00e9 um livro sobre sons. Baseada em estrat\u00e9gias e livros internacionais de mesmo modelo, eu criei este livreto para meu filho de 2 anos de idade que tem apraxia da fala, uma dificuldade na emiss\u00e3o de sons pela crian\u00e7a. Meu intuito era trabalhar com ele os fonemas da l\u00edngua portuguesa. E foi um sucesso! &hellip;<\/p>\n<p class=\"read-more\"> <a class=\"\" href=\"https:\/\/caminhovivo.com\/index.php\/produto\/abc-do-caminho\/\"> <span class=\"screen-reader-text\">ABC do Caminho pdf<\/span> Leia mais &raquo;<\/a><\/p>\n","protected":false},"featured_media":637,"comment_status":"closed","ping_status":"closed","template":"","meta":{"site-sidebar-layout":"default","site-content-layout":"default","ast-global-header-display":"","ast-main-header-display":"","ast-hfb-above-header-display":"","ast-hfb-below-header-display":"","ast-hfb-mobile-header-display":"","site-post-title":"","ast-breadcrumbs-content":"","ast-featured-img":"","footer-sml-layout":"","theme-transparent-header-meta":"default","adv-header-id-meta":"","stick-header-meta":"","header-above-stick-meta":"","header-main-stick-meta":"","header-below-stick-meta":""},"product_cat":[42],"product_tag":[48,49,50,47],"class_list":{"0":"post-636","1":"product","2":"type-product","3":"status-publish","4":"has-post-thumbnail","6":"product_cat-sem-categoria","7":"product_tag-alfabetizacao","8":"product_tag-homeschooling","9":"product_tag-metodo-fonico","10":"product_tag-metodofonico","11":"desktop-align-left","12":"tablet-align-left","13":"mobile-align-left","15":"first","16":"instock","17":"shipping-taxable","18":"product-type-external"},"yoast_head":"<!-- This site is optimized with the Yoast SEO plugin v23.5 - https:\/\/yoast.com\/wordpress\/plugins\/seo\/ -->\n<title>ABC do Caminho pdf - Caminho Vivo<\/title>\n<meta name=\"robots\" content=\"index, follow, max-snippet:-1, max-image-preview:large, max-video-preview:-1\" \/>\n<link rel=\"canonical\" href=\"https:\/\/caminhovivo.com\/index.php\/produto\/abc-do-caminho\/\" \/>\n<meta property=\"og:locale\" content=\"pt_BR\" \/>\n<meta property=\"og:type\" content=\"article\" \/>\n<meta property=\"og:title\" content=\"ABC do Caminho pdf - Caminho Vivo\" \/>\n<meta property=\"og:description\" content=\"Este \u00e9 um livro sobre sons. Baseada em estrat\u00e9gias e livros internacionais de mesmo modelo, eu criei este livreto para meu filho de 2 anos de idade que tem apraxia da fala, uma dificuldade na emiss\u00e3o de sons pela crian\u00e7a. Meu intuito era trabalhar com ele os fonemas da l\u00edngua portuguesa. E foi um sucesso! &hellip; ABC do Caminho pdf Leia mais &raquo;\" \/>\n<meta property=\"og:url\" content=\"https:\/\/caminhovivo.com\/index.php\/produto\/abc-do-caminho\/\" \/>\n<meta property=\"og:site_name\" content=\"Caminho Vivo\" \/>\n<meta property=\"article:modified_time\" content=\"2025-08-16T03:00:30+00:00\" \/>\n<meta property=\"og:image\" content=\"http:\/\/caminhovivo.com\/wp-content\/uploads\/2022\/12\/A-1-724x1024.png\" \/>\n\t<meta property=\"og:image:width\" content=\"724\" \/>\n\t<meta property=\"og:image:height\" content=\"1024\" \/>\n\t<meta property=\"og:image:type\" content=\"image\/png\" \/>\n<meta name=\"twitter:card\" content=\"summary_large_image\" \/>\n<meta name=\"twitter:label1\" content=\"Est. tempo de leitura\" \/>\n\t<meta name=\"twitter:data1\" content=\"2 minutos\" \/>\n<script type=\"application\/ld+json\" class=\"yoast-schema-graph\">{\"@context\":\"https:\/\/schema.org\",\"@graph\":[{\"@type\":\"WebPage\",\"@id\":\"https:\/\/caminhovivo.com\/index.php\/produto\/abc-do-caminho\/\",\"url\":\"https:\/\/caminhovivo.com\/index.php\/produto\/abc-do-caminho\/\",\"name\":\"ABC do Caminho pdf - Caminho Vivo\",\"isPartOf\":{\"@id\":\"https:\/\/caminhovivo.com\/#website\"},\"primaryImageOfPage\":{\"@id\":\"https:\/\/caminhovivo.com\/index.php\/produto\/abc-do-caminho\/#primaryimage\"},\"image\":{\"@id\":\"https:\/\/caminhovivo.com\/index.php\/produto\/abc-do-caminho\/#primaryimage\"},\"thumbnailUrl\":\"https:\/\/caminhovivo.com\/wp-content\/uploads\/2022\/12\/A-1.png\",\"datePublished\":\"2022-12-21T16:45:12+00:00\",\"dateModified\":\"2025-08-16T03:00:30+00:00\",\"breadcrumb\":{\"@id\":\"https:\/\/caminhovivo.com\/index.php\/produto\/abc-do-caminho\/#breadcrumb\"},\"inLanguage\":\"pt-BR\",\"potentialAction\":[{\"@type\":\"ReadAction\",\"target\":[\"https:\/\/caminhovivo.com\/index.php\/produto\/abc-do-caminho\/\"]}]},{\"@type\":\"ImageObject\",\"inLanguage\":\"pt-BR\",\"@id\":\"https:\/\/caminhovivo.com\/index.php\/produto\/abc-do-caminho\/#primaryimage\",\"url\":\"https:\/\/caminhovivo.com\/wp-content\/uploads\/2022\/12\/A-1.png\",\"contentUrl\":\"https:\/\/caminhovivo.com\/wp-content\/uploads\/2022\/12\/A-1.png\",\"width\":1414,\"height\":2000},{\"@type\":\"BreadcrumbList\",\"@id\":\"https:\/\/caminhovivo.com\/index.php\/produto\/abc-do-caminho\/#breadcrumb\",\"itemListElement\":[{\"@type\":\"ListItem\",\"position\":1,\"name\":\"In\u00edcio\",\"item\":\"https:\/\/caminhovivo.com\/\"},{\"@type\":\"ListItem\",\"position\":2,\"name\":\"Loja\",\"item\":\"https:\/\/caminhovivo.com\/index.php\/loja\/\"},{\"@type\":\"ListItem\",\"position\":3,\"name\":\"ABC do Caminho pdf\"}]},{\"@type\":\"WebSite\",\"@id\":\"https:\/\/caminhovivo.com\/#website\",\"url\":\"https:\/\/caminhovivo.com\/\",\"name\":\"Caminho Vivo\",\"description\":\"Curr\u00edculo para Educa\u00e7\u00e3o Domiciliar\",\"publisher\":{\"@id\":\"https:\/\/caminhovivo.com\/#organization\"},\"potentialAction\":[{\"@type\":\"SearchAction\",\"target\":{\"@type\":\"EntryPoint\",\"urlTemplate\":\"https:\/\/caminhovivo.com\/?s={search_term_string}\"},\"query-input\":{\"@type\":\"PropertyValueSpecification\",\"valueRequired\":true,\"valueName\":\"search_term_string\"}}],\"inLanguage\":\"pt-BR\"},{\"@type\":\"Organization\",\"@id\":\"https:\/\/caminhovivo.com\/#organization\",\"name\":\"Caminho Vivo\",\"url\":\"https:\/\/caminhovivo.com\/\",\"logo\":{\"@type\":\"ImageObject\",\"inLanguage\":\"pt-BR\",\"@id\":\"https:\/\/caminhovivo.com\/#\/schema\/logo\/image\/\",\"url\":\"https:\/\/caminhovivo.com\/wp-content\/uploads\/2024\/01\/HOMESCHOOL-3.png\",\"contentUrl\":\"https:\/\/caminhovivo.com\/wp-content\/uploads\/2024\/01\/HOMESCHOOL-3.png\",\"width\":2000,\"height\":1333,\"caption\":\"Caminho Vivo\"},\"image\":{\"@id\":\"https:\/\/caminhovivo.com\/#\/schema\/logo\/image\/\"}}]}<\/script>\n<!-- \/ Yoast SEO plugin. -->","yoast_head_json":{"title":"ABC do Caminho pdf - Caminho Vivo","robots":{"index":"index","follow":"follow","max-snippet":"max-snippet:-1","max-image-preview":"max-image-preview:large","max-video-preview":"max-video-preview:-1"},"canonical":"https:\/\/caminhovivo.com\/index.php\/produto\/abc-do-caminho\/","og_locale":"pt_BR","og_type":"article","og_title":"ABC do Caminho pdf - Caminho Vivo","og_description":"Este \u00e9 um livro sobre sons. Baseada em estrat\u00e9gias e livros internacionais de mesmo modelo, eu criei este livreto para meu filho de 2 anos de idade que tem apraxia da fala, uma dificuldade na emiss\u00e3o de sons pela crian\u00e7a. Meu intuito era trabalhar com ele os fonemas da l\u00edngua portuguesa. E foi um sucesso! &hellip; ABC do Caminho pdf Leia mais &raquo;","og_url":"https:\/\/caminhovivo.com\/index.php\/produto\/abc-do-caminho\/","og_site_name":"Caminho Vivo","article_modified_time":"2025-08-16T03:00:30+00:00","og_image":[{"width":724,"height":1024,"url":"http:\/\/caminhovivo.com\/wp-content\/uploads\/2022\/12\/A-1-724x1024.png","type":"image\/png"}],"twitter_card":"summary_large_image","twitter_misc":{"Est. tempo de leitura":"2 minutos"},"schema":{"@context":"https:\/\/schema.org","@graph":[{"@type":"WebPage","@id":"https:\/\/caminhovivo.com\/index.php\/produto\/abc-do-caminho\/","url":"https:\/\/caminhovivo.com\/index.php\/produto\/abc-do-caminho\/","name":"ABC do Caminho pdf - Caminho Vivo","isPartOf":{"@id":"https:\/\/caminhovivo.com\/#website"},"primaryImageOfPage":{"@id":"https:\/\/caminhovivo.com\/index.php\/produto\/abc-do-caminho\/#primaryimage"},"image":{"@id":"https:\/\/caminhovivo.com\/index.php\/produto\/abc-do-caminho\/#primaryimage"},"thumbnailUrl":"https:\/\/caminhovivo.com\/wp-content\/uploads\/2022\/12\/A-1.png","datePublished":"2022-12-21T16:45:12+00:00","dateModified":"2025-08-16T03:00:30+00:00","breadcrumb":{"@id":"https:\/\/caminhovivo.com\/index.php\/produto\/abc-do-caminho\/#breadcrumb"},"inLanguage":"pt-BR","potentialAction":[{"@type":"ReadAction","target":["https:\/\/caminhovivo.com\/index.php\/produto\/abc-do-caminho\/"]}]},{"@type":"ImageObject","inLanguage":"pt-BR","@id":"https:\/\/caminhovivo.com\/index.php\/produto\/abc-do-caminho\/#primaryimage","url":"https:\/\/caminhovivo.com\/wp-content\/uploads\/2022\/12\/A-1.png","contentUrl":"https:\/\/caminhovivo.com\/wp-content\/uploads\/2022\/12\/A-1.png","width":1414,"height":2000},{"@type":"BreadcrumbList","@id":"https:\/\/caminhovivo.com\/index.php\/produto\/abc-do-caminho\/#breadcrumb","itemListElement":[{"@type":"ListItem","position":1,"name":"In\u00edcio","item":"https:\/\/caminhovivo.com\/"},{"@type":"ListItem","position":2,"name":"Loja","item":"https:\/\/caminhovivo.com\/index.php\/loja\/"},{"@type":"ListItem","position":3,"name":"ABC do Caminho pdf"}]},{"@type":"WebSite","@id":"https:\/\/caminhovivo.com\/#website","url":"https:\/\/caminhovivo.com\/","name":"Caminho Vivo","description":"Curr\u00edculo para Educa\u00e7\u00e3o Domiciliar","publisher":{"@id":"https:\/\/caminhovivo.com\/#organization"},"potentialAction":[{"@type":"SearchAction","target":{"@type":"EntryPoint","urlTemplate":"https:\/\/caminhovivo.com\/?s={search_term_string}"},"query-input":{"@type":"PropertyValueSpecification","valueRequired":true,"valueName":"search_term_string"}}],"inLanguage":"pt-BR"},{"@type":"Organization","@id":"https:\/\/caminhovivo.com\/#organization","name":"Caminho Vivo","url":"https:\/\/caminhovivo.com\/","logo":{"@type":"ImageObject","inLanguage":"pt-BR","@id":"https:\/\/caminhovivo.com\/#\/schema\/logo\/image\/","url":"https:\/\/caminhovivo.com\/wp-content\/uploads\/2024\/01\/HOMESCHOOL-3.png","contentUrl":"https:\/\/caminhovivo.com\/wp-content\/uploads\/2024\/01\/HOMESCHOOL-3.png","width":2000,"height":1333,"caption":"Caminho Vivo"},"image":{"@id":"https:\/\/caminhovivo.com\/#\/schema\/logo\/image\/"}}]}},"_links":{"self":[{"href":"https:\/\/caminhovivo.com\/index.php\/wp-json\/wp\/v2\/product\/636"}],"collection":[{"href":"https:\/\/caminhovivo.com\/index.php\/wp-json\/wp\/v2\/product"}],"about":[{"href":"https:\/\/caminhovivo.com\/index.php\/wp-json\/wp\/v2\/types\/product"}],"replies":[{"embeddable":true,"href":"https:\/\/caminhovivo.com\/index.php\/wp-json\/wp\/v2\/comments?post=636"}],"wp:featuredmedia":[{"embeddable":true,"href":"https:\/\/caminhovivo.com\/index.php\/wp-json\/wp\/v2\/media\/637"}],"wp:attachment":[{"href":"https:\/\/caminhovivo.com\/index.php\/wp-json\/wp\/v2\/media?parent=636"}],"wp:term":[{"taxonomy":"product_cat","embeddable":true,"href":"https:\/\/caminhovivo.com\/index.php\/wp-json\/wp\/v2\/product_cat?post=636"},{"taxonomy":"product_tag","embeddable":true,"href":"https:\/\/caminhovivo.com\/index.php\/wp-json\/wp\/v2\/product_tag?post=636"}],"curies":[{"name":"wp","href":"https:\/\/api.w.org\/{rel}","templated":true}]}}