{"id":630,"date":"2022-11-24T10:42:29","date_gmt":"2022-11-24T13:42:29","guid":{"rendered":"http:\/\/caminhovivo.com\/?post_type=product&#038;p=630"},"modified":"2025-08-16T00:00:30","modified_gmt":"2025-08-16T03:00:30","slug":"combo-o-que-vemos-e-nao-vemos-pdf","status":"publish","type":"product","link":"https:\/\/caminhovivo.com\/index.php\/produto\/combo-o-que-vemos-e-nao-vemos-pdf\/","title":{"rendered":"Combo O que vemos e n\u00e3o vemos pdf"},"content":{"rendered":"<p>Dois livros da S\u00e9rie O que vemos e n\u00e3o vemos<\/p>\n<p>Vida selvagem nos bosques e campos<br \/>\nNos lagos e rios<\/p>\n<p>Autor: Arabela Buckley<\/p>\n<p>N\u00e3o h\u00e1 entrega de produto f\u00edsico<\/p>\n","protected":false},"excerpt":{"rendered":"<p>Dois livros da S\u00e9rie O que vemos e n\u00e3o vemos Vida selvagem nos bosques e campos Nos lagos e rios Autor: Arabela Buckley N\u00e3o h\u00e1 entrega de produto f\u00edsico<\/p>\n","protected":false},"featured_media":631,"comment_status":"closed","ping_status":"closed","template":"","meta":{"site-sidebar-layout":"default","site-content-layout":"default","ast-global-header-display":"","ast-main-header-display":"","ast-hfb-above-header-display":"","ast-hfb-below-header-display":"","ast-hfb-mobile-header-display":"","site-post-title":"","ast-breadcrumbs-content":"","ast-featured-img":"","footer-sml-layout":"","theme-transparent-header-meta":"default","adv-header-id-meta":"","stick-header-meta":"","header-above-stick-meta":"","header-main-stick-meta":"","header-below-stick-meta":""},"product_cat":[42],"product_tag":[45,46],"class_list":{"0":"post-630","1":"product","2":"type-product","3":"status-publish","4":"has-post-thumbnail","6":"product_cat-sem-categoria","7":"product_tag-ciencias","8":"product_tag-livros-vivos","9":"desktop-align-left","10":"tablet-align-left","11":"mobile-align-left","13":"first","14":"instock","15":"shipping-taxable","16":"product-type-external"},"yoast_head":"<!-- This site is optimized with the Yoast SEO plugin v23.5 - https:\/\/yoast.com\/wordpress\/plugins\/seo\/ -->\n<title>Combo O que vemos e n\u00e3o vemos pdf - Caminho Vivo<\/title>\n<meta name=\"robots\" content=\"index, follow, max-snippet:-1, max-image-preview:large, max-video-preview:-1\" \/>\n<link rel=\"canonical\" href=\"https:\/\/caminhovivo.com\/index.php\/produto\/combo-o-que-vemos-e-nao-vemos-pdf\/\" \/>\n<meta property=\"og:locale\" content=\"pt_BR\" \/>\n<meta property=\"og:type\" content=\"article\" \/>\n<meta property=\"og:title\" content=\"Combo O que vemos e n\u00e3o vemos pdf - Caminho Vivo\" \/>\n<meta property=\"og:description\" content=\"Dois livros da S\u00e9rie O que vemos e n\u00e3o vemos Vida selvagem nos bosques e campos Nos lagos e rios Autor: Arabela Buckley N\u00e3o h\u00e1 entrega de produto f\u00edsico\" \/>\n<meta property=\"og:url\" content=\"https:\/\/caminhovivo.com\/index.php\/produto\/combo-o-que-vemos-e-nao-vemos-pdf\/\" \/>\n<meta property=\"og:site_name\" content=\"Caminho Vivo\" \/>\n<meta property=\"article:modified_time\" content=\"2025-08-16T03:00:30+00:00\" \/>\n<meta property=\"og:image\" content=\"http:\/\/caminhovivo.com\/wp-content\/uploads\/2022\/11\/Serie-O-que-vemos-e-nao-vemos-1-1024x1024.png\" \/>\n\t<meta property=\"og:image:width\" content=\"1024\" \/>\n\t<meta property=\"og:image:height\" content=\"1024\" \/>\n\t<meta property=\"og:image:type\" content=\"image\/png\" \/>\n<meta name=\"twitter:card\" content=\"summary_large_image\" \/>\n<meta name=\"twitter:label1\" content=\"Est. tempo de leitura\" \/>\n\t<meta name=\"twitter:data1\" content=\"1 minuto\" \/>\n<script type=\"application\/ld+json\" class=\"yoast-schema-graph\">{\"@context\":\"https:\/\/schema.org\",\"@graph\":[{\"@type\":\"WebPage\",\"@id\":\"https:\/\/caminhovivo.com\/index.php\/produto\/combo-o-que-vemos-e-nao-vemos-pdf\/\",\"url\":\"https:\/\/caminhovivo.com\/index.php\/produto\/combo-o-que-vemos-e-nao-vemos-pdf\/\",\"name\":\"Combo O que vemos e n\u00e3o vemos pdf - Caminho Vivo\",\"isPartOf\":{\"@id\":\"https:\/\/caminhovivo.com\/#website\"},\"primaryImageOfPage\":{\"@id\":\"https:\/\/caminhovivo.com\/index.php\/produto\/combo-o-que-vemos-e-nao-vemos-pdf\/#primaryimage\"},\"image\":{\"@id\":\"https:\/\/caminhovivo.com\/index.php\/produto\/combo-o-que-vemos-e-nao-vemos-pdf\/#primaryimage\"},\"thumbnailUrl\":\"https:\/\/caminhovivo.com\/wp-content\/uploads\/2022\/11\/Serie-O-que-vemos-e-nao-vemos-1.png\",\"datePublished\":\"2022-11-24T13:42:29+00:00\",\"dateModified\":\"2025-08-16T03:00:30+00:00\",\"breadcrumb\":{\"@id\":\"https:\/\/caminhovivo.com\/index.php\/produto\/combo-o-que-vemos-e-nao-vemos-pdf\/#breadcrumb\"},\"inLanguage\":\"pt-BR\",\"potentialAction\":[{\"@type\":\"ReadAction\",\"target\":[\"https:\/\/caminhovivo.com\/index.php\/produto\/combo-o-que-vemos-e-nao-vemos-pdf\/\"]}]},{\"@type\":\"ImageObject\",\"inLanguage\":\"pt-BR\",\"@id\":\"https:\/\/caminhovivo.com\/index.php\/produto\/combo-o-que-vemos-e-nao-vemos-pdf\/#primaryimage\",\"url\":\"https:\/\/caminhovivo.com\/wp-content\/uploads\/2022\/11\/Serie-O-que-vemos-e-nao-vemos-1.png\",\"contentUrl\":\"https:\/\/caminhovivo.com\/wp-content\/uploads\/2022\/11\/Serie-O-que-vemos-e-nao-vemos-1.png\",\"width\":1654,\"height\":1654},{\"@type\":\"BreadcrumbList\",\"@id\":\"https:\/\/caminhovivo.com\/index.php\/produto\/combo-o-que-vemos-e-nao-vemos-pdf\/#breadcrumb\",\"itemListElement\":[{\"@type\":\"ListItem\",\"position\":1,\"name\":\"In\u00edcio\",\"item\":\"https:\/\/caminhovivo.com\/\"},{\"@type\":\"ListItem\",\"position\":2,\"name\":\"Loja\",\"item\":\"https:\/\/caminhovivo.com\/index.php\/loja\/\"},{\"@type\":\"ListItem\",\"position\":3,\"name\":\"Combo O que vemos e n\u00e3o vemos pdf\"}]},{\"@type\":\"WebSite\",\"@id\":\"https:\/\/caminhovivo.com\/#website\",\"url\":\"https:\/\/caminhovivo.com\/\",\"name\":\"Caminho Vivo\",\"description\":\"Curr\u00edculo para Educa\u00e7\u00e3o Domiciliar\",\"publisher\":{\"@id\":\"https:\/\/caminhovivo.com\/#organization\"},\"potentialAction\":[{\"@type\":\"SearchAction\",\"target\":{\"@type\":\"EntryPoint\",\"urlTemplate\":\"https:\/\/caminhovivo.com\/?s={search_term_string}\"},\"query-input\":{\"@type\":\"PropertyValueSpecification\",\"valueRequired\":true,\"valueName\":\"search_term_string\"}}],\"inLanguage\":\"pt-BR\"},{\"@type\":\"Organization\",\"@id\":\"https:\/\/caminhovivo.com\/#organization\",\"name\":\"Caminho Vivo\",\"url\":\"https:\/\/caminhovivo.com\/\",\"logo\":{\"@type\":\"ImageObject\",\"inLanguage\":\"pt-BR\",\"@id\":\"https:\/\/caminhovivo.com\/#\/schema\/logo\/image\/\",\"url\":\"https:\/\/caminhovivo.com\/wp-content\/uploads\/2024\/01\/HOMESCHOOL-3.png\",\"contentUrl\":\"https:\/\/caminhovivo.com\/wp-content\/uploads\/2024\/01\/HOMESCHOOL-3.png\",\"width\":2000,\"height\":1333,\"caption\":\"Caminho Vivo\"},\"image\":{\"@id\":\"https:\/\/caminhovivo.com\/#\/schema\/logo\/image\/\"}}]}<\/script>\n<!-- \/ Yoast SEO plugin. -->","yoast_head_json":{"title":"Combo O que vemos e n\u00e3o vemos pdf - Caminho Vivo","robots":{"index":"index","follow":"follow","max-snippet":"max-snippet:-1","max-image-preview":"max-image-preview:large","max-video-preview":"max-video-preview:-1"},"canonical":"https:\/\/caminhovivo.com\/index.php\/produto\/combo-o-que-vemos-e-nao-vemos-pdf\/","og_locale":"pt_BR","og_type":"article","og_title":"Combo O que vemos e n\u00e3o vemos pdf - Caminho Vivo","og_description":"Dois livros da S\u00e9rie O que vemos e n\u00e3o vemos Vida selvagem nos bosques e campos Nos lagos e rios Autor: Arabela Buckley N\u00e3o h\u00e1 entrega de produto f\u00edsico","og_url":"https:\/\/caminhovivo.com\/index.php\/produto\/combo-o-que-vemos-e-nao-vemos-pdf\/","og_site_name":"Caminho Vivo","article_modified_time":"2025-08-16T03:00:30+00:00","og_image":[{"width":1024,"height":1024,"url":"http:\/\/caminhovivo.com\/wp-content\/uploads\/2022\/11\/Serie-O-que-vemos-e-nao-vemos-1-1024x1024.png","type":"image\/png"}],"twitter_card":"summary_large_image","twitter_misc":{"Est. tempo de leitura":"1 minuto"},"schema":{"@context":"https:\/\/schema.org","@graph":[{"@type":"WebPage","@id":"https:\/\/caminhovivo.com\/index.php\/produto\/combo-o-que-vemos-e-nao-vemos-pdf\/","url":"https:\/\/caminhovivo.com\/index.php\/produto\/combo-o-que-vemos-e-nao-vemos-pdf\/","name":"Combo O que vemos e n\u00e3o vemos pdf - Caminho Vivo","isPartOf":{"@id":"https:\/\/caminhovivo.com\/#website"},"primaryImageOfPage":{"@id":"https:\/\/caminhovivo.com\/index.php\/produto\/combo-o-que-vemos-e-nao-vemos-pdf\/#primaryimage"},"image":{"@id":"https:\/\/caminhovivo.com\/index.php\/produto\/combo-o-que-vemos-e-nao-vemos-pdf\/#primaryimage"},"thumbnailUrl":"https:\/\/caminhovivo.com\/wp-content\/uploads\/2022\/11\/Serie-O-que-vemos-e-nao-vemos-1.png","datePublished":"2022-11-24T13:42:29+00:00","dateModified":"2025-08-16T03:00:30+00:00","breadcrumb":{"@id":"https:\/\/caminhovivo.com\/index.php\/produto\/combo-o-que-vemos-e-nao-vemos-pdf\/#breadcrumb"},"inLanguage":"pt-BR","potentialAction":[{"@type":"ReadAction","target":["https:\/\/caminhovivo.com\/index.php\/produto\/combo-o-que-vemos-e-nao-vemos-pdf\/"]}]},{"@type":"ImageObject","inLanguage":"pt-BR","@id":"https:\/\/caminhovivo.com\/index.php\/produto\/combo-o-que-vemos-e-nao-vemos-pdf\/#primaryimage","url":"https:\/\/caminhovivo.com\/wp-content\/uploads\/2022\/11\/Serie-O-que-vemos-e-nao-vemos-1.png","contentUrl":"https:\/\/caminhovivo.com\/wp-content\/uploads\/2022\/11\/Serie-O-que-vemos-e-nao-vemos-1.png","width":1654,"height":1654},{"@type":"BreadcrumbList","@id":"https:\/\/caminhovivo.com\/index.php\/produto\/combo-o-que-vemos-e-nao-vemos-pdf\/#breadcrumb","itemListElement":[{"@type":"ListItem","position":1,"name":"In\u00edcio","item":"https:\/\/caminhovivo.com\/"},{"@type":"ListItem","position":2,"name":"Loja","item":"https:\/\/caminhovivo.com\/index.php\/loja\/"},{"@type":"ListItem","position":3,"name":"Combo O que vemos e n\u00e3o vemos pdf"}]},{"@type":"WebSite","@id":"https:\/\/caminhovivo.com\/#website","url":"https:\/\/caminhovivo.com\/","name":"Caminho Vivo","description":"Curr\u00edculo para Educa\u00e7\u00e3o Domiciliar","publisher":{"@id":"https:\/\/caminhovivo.com\/#organization"},"potentialAction":[{"@type":"SearchAction","target":{"@type":"EntryPoint","urlTemplate":"https:\/\/caminhovivo.com\/?s={search_term_string}"},"query-input":{"@type":"PropertyValueSpecification","valueRequired":true,"valueName":"search_term_string"}}],"inLanguage":"pt-BR"},{"@type":"Organization","@id":"https:\/\/caminhovivo.com\/#organization","name":"Caminho Vivo","url":"https:\/\/caminhovivo.com\/","logo":{"@type":"ImageObject","inLanguage":"pt-BR","@id":"https:\/\/caminhovivo.com\/#\/schema\/logo\/image\/","url":"https:\/\/caminhovivo.com\/wp-content\/uploads\/2024\/01\/HOMESCHOOL-3.png","contentUrl":"https:\/\/caminhovivo.com\/wp-content\/uploads\/2024\/01\/HOMESCHOOL-3.png","width":2000,"height":1333,"caption":"Caminho Vivo"},"image":{"@id":"https:\/\/caminhovivo.com\/#\/schema\/logo\/image\/"}}]}},"_links":{"self":[{"href":"https:\/\/caminhovivo.com\/index.php\/wp-json\/wp\/v2\/product\/630"}],"collection":[{"href":"https:\/\/caminhovivo.com\/index.php\/wp-json\/wp\/v2\/product"}],"about":[{"href":"https:\/\/caminhovivo.com\/index.php\/wp-json\/wp\/v2\/types\/product"}],"replies":[{"embeddable":true,"href":"https:\/\/caminhovivo.com\/index.php\/wp-json\/wp\/v2\/comments?post=630"}],"wp:featuredmedia":[{"embeddable":true,"href":"https:\/\/caminhovivo.com\/index.php\/wp-json\/wp\/v2\/media\/631"}],"wp:attachment":[{"href":"https:\/\/caminhovivo.com\/index.php\/wp-json\/wp\/v2\/media?parent=630"}],"wp:term":[{"taxonomy":"product_cat","embeddable":true,"href":"https:\/\/caminhovivo.com\/index.php\/wp-json\/wp\/v2\/product_cat?post=630"},{"taxonomy":"product_tag","embeddable":true,"href":"https:\/\/caminhovivo.com\/index.php\/wp-json\/wp\/v2\/product_tag?post=630"}],"curies":[{"name":"wp","href":"https:\/\/api.w.org\/{rel}","templated":true}]}}