{"id":518,"date":"2021-11-24T11:29:37","date_gmt":"2021-11-24T14:29:37","guid":{"rendered":"https:\/\/caminhovivo.com\/?post_type=product&#038;p=518"},"modified":"2024-08-23T20:59:45","modified_gmt":"2024-08-23T23:59:45","slug":"primeiras-leituras","status":"publish","type":"product","link":"https:\/\/caminhovivo.com\/index.php\/produto\/primeiras-leituras\/","title":{"rendered":"Primeiras Leituras pdf"},"content":{"rendered":"<p tabindex=\"1\">Este livro cont\u00e9m 55 poemas cuidadosamente selecionados, visando oferecer aos pequenos leitores beleza e riqueza em palavras.<\/p>\n<p tabindex=\"1\">Foi pensado e elaborado para crian\u00e7as rec\u00e9m-alfabetizadas.<\/p>\n<p tabindex=\"1\">Os textos foram organizados por tamanho e dificuldade de leitura.<\/p>\n<p tabindex=\"1\">Minha sugest\u00e3o \u00e9 que a crian\u00e7a leia um texto por dia e, assim, possa fazer um progresso tranquilo e gradual em sua flu\u00eancia na leitura.<\/p>\n","protected":false},"excerpt":{"rendered":"<p>Este livro cont\u00e9m 55 poemas cuidadosamente selecionados, visando oferecer aos pequenos leitores beleza e riqueza em palavras. Foi pensado e elaborado para crian\u00e7as rec\u00e9m-alfabetizadas. Os textos foram organizados por tamanho e dificuldade de leitura. Minha sugest\u00e3o \u00e9 que a crian\u00e7a leia um texto por dia e, assim, possa fazer um progresso tranquilo e gradual em &hellip;<\/p>\n<p class=\"read-more\"> <a class=\"\" href=\"https:\/\/caminhovivo.com\/index.php\/produto\/primeiras-leituras\/\"> <span class=\"screen-reader-text\">Primeiras Leituras pdf<\/span> Leia mais &raquo;<\/a><\/p>\n","protected":false},"featured_media":550,"comment_status":"open","ping_status":"closed","template":"","meta":{"site-sidebar-layout":"default","site-content-layout":"default","ast-global-header-display":"","ast-main-header-display":"","ast-hfb-above-header-display":"","ast-hfb-below-header-display":"","ast-hfb-mobile-header-display":"","site-post-title":"","ast-breadcrumbs-content":"","ast-featured-img":"","footer-sml-layout":"","theme-transparent-header-meta":"","adv-header-id-meta":"","stick-header-meta":"","header-above-stick-meta":"","header-main-stick-meta":"","header-below-stick-meta":""},"product_cat":[43],"product_tag":[44],"class_list":{"0":"post-518","1":"product","2":"type-product","3":"status-publish","4":"has-post-thumbnail","6":"product_cat-alfabetizacao","7":"product_tag-loja","8":"desktop-align-left","9":"tablet-align-left","10":"mobile-align-left","12":"first","13":"instock","14":"shipping-taxable","15":"product-type-external"},"yoast_head":"<!-- This site is optimized with the Yoast SEO plugin v23.5 - https:\/\/yoast.com\/wordpress\/plugins\/seo\/ -->\n<title>Primeiras Leituras pdf - Caminho Vivo<\/title>\n<meta name=\"robots\" content=\"index, follow, max-snippet:-1, max-image-preview:large, max-video-preview:-1\" \/>\n<link rel=\"canonical\" href=\"https:\/\/caminhovivo.com\/index.php\/produto\/primeiras-leituras\/\" \/>\n<meta property=\"og:locale\" content=\"pt_BR\" \/>\n<meta property=\"og:type\" content=\"article\" \/>\n<meta property=\"og:title\" content=\"Primeiras Leituras pdf - Caminho Vivo\" \/>\n<meta property=\"og:description\" content=\"Este livro cont\u00e9m 55 poemas cuidadosamente selecionados, visando oferecer aos pequenos leitores beleza e riqueza em palavras. Foi pensado e elaborado para crian\u00e7as rec\u00e9m-alfabetizadas. Os textos foram organizados por tamanho e dificuldade de leitura. Minha sugest\u00e3o \u00e9 que a crian\u00e7a leia um texto por dia e, assim, possa fazer um progresso tranquilo e gradual em &hellip; Primeiras Leituras pdf Leia mais &raquo;\" \/>\n<meta property=\"og:url\" content=\"https:\/\/caminhovivo.com\/index.php\/produto\/primeiras-leituras\/\" \/>\n<meta property=\"og:site_name\" content=\"Caminho Vivo\" \/>\n<meta property=\"article:modified_time\" content=\"2024-08-23T23:59:45+00:00\" \/>\n<meta property=\"og:image\" content=\"https:\/\/caminhovivo.com\/wp-content\/uploads\/2021\/11\/Design-sem-nome-2.jpg\" \/>\n\t<meta property=\"og:image:width\" content=\"1080\" \/>\n\t<meta property=\"og:image:height\" content=\"1080\" \/>\n\t<meta property=\"og:image:type\" content=\"image\/jpeg\" \/>\n<meta name=\"twitter:card\" content=\"summary_large_image\" \/>\n<script type=\"application\/ld+json\" class=\"yoast-schema-graph\">{\"@context\":\"https:\/\/schema.org\",\"@graph\":[{\"@type\":\"WebPage\",\"@id\":\"https:\/\/caminhovivo.com\/index.php\/produto\/primeiras-leituras\/\",\"url\":\"https:\/\/caminhovivo.com\/index.php\/produto\/primeiras-leituras\/\",\"name\":\"Primeiras Leituras pdf - Caminho Vivo\",\"isPartOf\":{\"@id\":\"https:\/\/caminhovivo.com\/#website\"},\"primaryImageOfPage\":{\"@id\":\"https:\/\/caminhovivo.com\/index.php\/produto\/primeiras-leituras\/#primaryimage\"},\"image\":{\"@id\":\"https:\/\/caminhovivo.com\/index.php\/produto\/primeiras-leituras\/#primaryimage\"},\"thumbnailUrl\":\"https:\/\/caminhovivo.com\/wp-content\/uploads\/2021\/11\/Design-sem-nome-2.jpg\",\"datePublished\":\"2021-11-24T14:29:37+00:00\",\"dateModified\":\"2024-08-23T23:59:45+00:00\",\"breadcrumb\":{\"@id\":\"https:\/\/caminhovivo.com\/index.php\/produto\/primeiras-leituras\/#breadcrumb\"},\"inLanguage\":\"pt-BR\",\"potentialAction\":[{\"@type\":\"ReadAction\",\"target\":[\"https:\/\/caminhovivo.com\/index.php\/produto\/primeiras-leituras\/\"]}]},{\"@type\":\"ImageObject\",\"inLanguage\":\"pt-BR\",\"@id\":\"https:\/\/caminhovivo.com\/index.php\/produto\/primeiras-leituras\/#primaryimage\",\"url\":\"https:\/\/caminhovivo.com\/wp-content\/uploads\/2021\/11\/Design-sem-nome-2.jpg\",\"contentUrl\":\"https:\/\/caminhovivo.com\/wp-content\/uploads\/2021\/11\/Design-sem-nome-2.jpg\",\"width\":1080,\"height\":1080},{\"@type\":\"BreadcrumbList\",\"@id\":\"https:\/\/caminhovivo.com\/index.php\/produto\/primeiras-leituras\/#breadcrumb\",\"itemListElement\":[{\"@type\":\"ListItem\",\"position\":1,\"name\":\"In\u00edcio\",\"item\":\"https:\/\/caminhovivo.com\/\"},{\"@type\":\"ListItem\",\"position\":2,\"name\":\"Loja\",\"item\":\"https:\/\/caminhovivo.com\/index.php\/loja\/\"},{\"@type\":\"ListItem\",\"position\":3,\"name\":\"Primeiras Leituras pdf\"}]},{\"@type\":\"WebSite\",\"@id\":\"https:\/\/caminhovivo.com\/#website\",\"url\":\"https:\/\/caminhovivo.com\/\",\"name\":\"Caminho Vivo\",\"description\":\"Curr\u00edculo para Educa\u00e7\u00e3o Domiciliar\",\"publisher\":{\"@id\":\"https:\/\/caminhovivo.com\/#organization\"},\"potentialAction\":[{\"@type\":\"SearchAction\",\"target\":{\"@type\":\"EntryPoint\",\"urlTemplate\":\"https:\/\/caminhovivo.com\/?s={search_term_string}\"},\"query-input\":{\"@type\":\"PropertyValueSpecification\",\"valueRequired\":true,\"valueName\":\"search_term_string\"}}],\"inLanguage\":\"pt-BR\"},{\"@type\":\"Organization\",\"@id\":\"https:\/\/caminhovivo.com\/#organization\",\"name\":\"Caminho Vivo\",\"url\":\"https:\/\/caminhovivo.com\/\",\"logo\":{\"@type\":\"ImageObject\",\"inLanguage\":\"pt-BR\",\"@id\":\"https:\/\/caminhovivo.com\/#\/schema\/logo\/image\/\",\"url\":\"https:\/\/caminhovivo.com\/wp-content\/uploads\/2024\/01\/HOMESCHOOL-3.png\",\"contentUrl\":\"https:\/\/caminhovivo.com\/wp-content\/uploads\/2024\/01\/HOMESCHOOL-3.png\",\"width\":2000,\"height\":1333,\"caption\":\"Caminho Vivo\"},\"image\":{\"@id\":\"https:\/\/caminhovivo.com\/#\/schema\/logo\/image\/\"}}]}<\/script>\n<!-- \/ Yoast SEO plugin. -->","yoast_head_json":{"title":"Primeiras Leituras pdf - Caminho Vivo","robots":{"index":"index","follow":"follow","max-snippet":"max-snippet:-1","max-image-preview":"max-image-preview:large","max-video-preview":"max-video-preview:-1"},"canonical":"https:\/\/caminhovivo.com\/index.php\/produto\/primeiras-leituras\/","og_locale":"pt_BR","og_type":"article","og_title":"Primeiras Leituras pdf - Caminho Vivo","og_description":"Este livro cont\u00e9m 55 poemas cuidadosamente selecionados, visando oferecer aos pequenos leitores beleza e riqueza em palavras. Foi pensado e elaborado para crian\u00e7as rec\u00e9m-alfabetizadas. Os textos foram organizados por tamanho e dificuldade de leitura. Minha sugest\u00e3o \u00e9 que a crian\u00e7a leia um texto por dia e, assim, possa fazer um progresso tranquilo e gradual em &hellip; Primeiras Leituras pdf Leia mais &raquo;","og_url":"https:\/\/caminhovivo.com\/index.php\/produto\/primeiras-leituras\/","og_site_name":"Caminho Vivo","article_modified_time":"2024-08-23T23:59:45+00:00","og_image":[{"width":1080,"height":1080,"url":"https:\/\/caminhovivo.com\/wp-content\/uploads\/2021\/11\/Design-sem-nome-2.jpg","type":"image\/jpeg"}],"twitter_card":"summary_large_image","schema":{"@context":"https:\/\/schema.org","@graph":[{"@type":"WebPage","@id":"https:\/\/caminhovivo.com\/index.php\/produto\/primeiras-leituras\/","url":"https:\/\/caminhovivo.com\/index.php\/produto\/primeiras-leituras\/","name":"Primeiras Leituras pdf - Caminho Vivo","isPartOf":{"@id":"https:\/\/caminhovivo.com\/#website"},"primaryImageOfPage":{"@id":"https:\/\/caminhovivo.com\/index.php\/produto\/primeiras-leituras\/#primaryimage"},"image":{"@id":"https:\/\/caminhovivo.com\/index.php\/produto\/primeiras-leituras\/#primaryimage"},"thumbnailUrl":"https:\/\/caminhovivo.com\/wp-content\/uploads\/2021\/11\/Design-sem-nome-2.jpg","datePublished":"2021-11-24T14:29:37+00:00","dateModified":"2024-08-23T23:59:45+00:00","breadcrumb":{"@id":"https:\/\/caminhovivo.com\/index.php\/produto\/primeiras-leituras\/#breadcrumb"},"inLanguage":"pt-BR","potentialAction":[{"@type":"ReadAction","target":["https:\/\/caminhovivo.com\/index.php\/produto\/primeiras-leituras\/"]}]},{"@type":"ImageObject","inLanguage":"pt-BR","@id":"https:\/\/caminhovivo.com\/index.php\/produto\/primeiras-leituras\/#primaryimage","url":"https:\/\/caminhovivo.com\/wp-content\/uploads\/2021\/11\/Design-sem-nome-2.jpg","contentUrl":"https:\/\/caminhovivo.com\/wp-content\/uploads\/2021\/11\/Design-sem-nome-2.jpg","width":1080,"height":1080},{"@type":"BreadcrumbList","@id":"https:\/\/caminhovivo.com\/index.php\/produto\/primeiras-leituras\/#breadcrumb","itemListElement":[{"@type":"ListItem","position":1,"name":"In\u00edcio","item":"https:\/\/caminhovivo.com\/"},{"@type":"ListItem","position":2,"name":"Loja","item":"https:\/\/caminhovivo.com\/index.php\/loja\/"},{"@type":"ListItem","position":3,"name":"Primeiras Leituras pdf"}]},{"@type":"WebSite","@id":"https:\/\/caminhovivo.com\/#website","url":"https:\/\/caminhovivo.com\/","name":"Caminho Vivo","description":"Curr\u00edculo para Educa\u00e7\u00e3o Domiciliar","publisher":{"@id":"https:\/\/caminhovivo.com\/#organization"},"potentialAction":[{"@type":"SearchAction","target":{"@type":"EntryPoint","urlTemplate":"https:\/\/caminhovivo.com\/?s={search_term_string}"},"query-input":{"@type":"PropertyValueSpecification","valueRequired":true,"valueName":"search_term_string"}}],"inLanguage":"pt-BR"},{"@type":"Organization","@id":"https:\/\/caminhovivo.com\/#organization","name":"Caminho Vivo","url":"https:\/\/caminhovivo.com\/","logo":{"@type":"ImageObject","inLanguage":"pt-BR","@id":"https:\/\/caminhovivo.com\/#\/schema\/logo\/image\/","url":"https:\/\/caminhovivo.com\/wp-content\/uploads\/2024\/01\/HOMESCHOOL-3.png","contentUrl":"https:\/\/caminhovivo.com\/wp-content\/uploads\/2024\/01\/HOMESCHOOL-3.png","width":2000,"height":1333,"caption":"Caminho Vivo"},"image":{"@id":"https:\/\/caminhovivo.com\/#\/schema\/logo\/image\/"}}]}},"_links":{"self":[{"href":"https:\/\/caminhovivo.com\/index.php\/wp-json\/wp\/v2\/product\/518"}],"collection":[{"href":"https:\/\/caminhovivo.com\/index.php\/wp-json\/wp\/v2\/product"}],"about":[{"href":"https:\/\/caminhovivo.com\/index.php\/wp-json\/wp\/v2\/types\/product"}],"replies":[{"embeddable":true,"href":"https:\/\/caminhovivo.com\/index.php\/wp-json\/wp\/v2\/comments?post=518"}],"wp:featuredmedia":[{"embeddable":true,"href":"https:\/\/caminhovivo.com\/index.php\/wp-json\/wp\/v2\/media\/550"}],"wp:attachment":[{"href":"https:\/\/caminhovivo.com\/index.php\/wp-json\/wp\/v2\/media?parent=518"}],"wp:term":[{"taxonomy":"product_cat","embeddable":true,"href":"https:\/\/caminhovivo.com\/index.php\/wp-json\/wp\/v2\/product_cat?post=518"},{"taxonomy":"product_tag","embeddable":true,"href":"https:\/\/caminhovivo.com\/index.php\/wp-json\/wp\/v2\/product_tag?post=518"}],"curies":[{"name":"wp","href":"https:\/\/api.w.org\/{rel}","templated":true}]}}