{"id":2591,"date":"2025-08-18T22:05:44","date_gmt":"2025-08-19T01:05:44","guid":{"rendered":"https:\/\/caminhovivo.com\/?post_type=product&#038;p=2591"},"modified":"2025-09-01T00:07:44","modified_gmt":"2025-09-01T03:07:44","slug":"caminho-das-consoantes-pdf","status":"publish","type":"product","link":"https:\/\/caminhovivo.com\/index.php\/produto\/caminho-das-consoantes-pdf\/","title":{"rendered":"Caminho das Consoantes pdf"},"content":{"rendered":"<p>Aprenda as consoantes de maneira divertida!!!<\/p>\n<p>Pr\u00e9-Alfabetiza\u00e7\u00e3o pelo m\u00e9todo f\u00f4nico<br \/>\nPara crian\u00e7as de 4 a 6 anos<br \/>\n239 p\u00e1ginas<br \/>\nEnsina as consoantes mai\u00fasculas e min\u00fasculas! Letras impressas e cursivas.<\/p>\n<p>&nbsp;<\/p>\n<p>Arquivo em PDF. N\u00e3o ser\u00e1 enviado nenhum material impresso.<\/p>\n","protected":false},"excerpt":{"rendered":"<p>Aprenda as consoantes de maneira divertida!!! Pr\u00e9-Alfabetiza\u00e7\u00e3o pelo m\u00e9todo f\u00f4nico Para crian\u00e7as de 4 a 6 anos 239 p\u00e1ginas Ensina as consoantes mai\u00fasculas e min\u00fasculas! Letras impressas e cursivas. &nbsp; Arquivo em PDF. N\u00e3o ser\u00e1 enviado nenhum material impresso.<\/p>\n","protected":false},"featured_media":2595,"comment_status":"closed","ping_status":"closed","template":"","meta":{"site-sidebar-layout":"default","site-content-layout":"default","ast-global-header-display":"","ast-main-header-display":"","ast-hfb-above-header-display":"","ast-hfb-below-header-display":"","ast-hfb-mobile-header-display":"","site-post-title":"","ast-breadcrumbs-content":"","ast-featured-img":"","footer-sml-layout":"","theme-transparent-header-meta":"default","adv-header-id-meta":"","stick-header-meta":"","header-above-stick-meta":"","header-main-stick-meta":"","header-below-stick-meta":""},"product_cat":[43],"product_tag":[48,50,47,71],"class_list":{"0":"post-2591","1":"product","2":"type-product","3":"status-publish","4":"has-post-thumbnail","6":"product_cat-alfabetizacao","7":"product_tag-alfabetizacao","8":"product_tag-metodo-fonico","9":"product_tag-metodofonico","10":"product_tag-pre-escola-homeschooling","11":"desktop-align-left","12":"tablet-align-left","13":"mobile-align-left","15":"first","16":"instock","17":"shipping-taxable","18":"product-type-external"},"yoast_head":"<!-- This site is optimized with the Yoast SEO plugin v23.5 - https:\/\/yoast.com\/wordpress\/plugins\/seo\/ -->\n<title>Caminho das Consoantes pdf - Caminho Vivo<\/title>\n<meta name=\"robots\" content=\"index, follow, max-snippet:-1, max-image-preview:large, max-video-preview:-1\" \/>\n<link rel=\"canonical\" href=\"https:\/\/caminhovivo.com\/index.php\/produto\/caminho-das-consoantes-pdf\/\" \/>\n<meta property=\"og:locale\" content=\"pt_BR\" \/>\n<meta property=\"og:type\" content=\"article\" \/>\n<meta property=\"og:title\" content=\"Caminho das Consoantes pdf - Caminho Vivo\" \/>\n<meta property=\"og:description\" content=\"Aprenda as consoantes de maneira divertida!!! Pr\u00e9-Alfabetiza\u00e7\u00e3o pelo m\u00e9todo f\u00f4nico Para crian\u00e7as de 4 a 6 anos 239 p\u00e1ginas Ensina as consoantes mai\u00fasculas e min\u00fasculas! Letras impressas e cursivas. &nbsp; Arquivo em PDF. N\u00e3o ser\u00e1 enviado nenhum material impresso.\" \/>\n<meta property=\"og:url\" content=\"https:\/\/caminhovivo.com\/index.php\/produto\/caminho-das-consoantes-pdf\/\" \/>\n<meta property=\"og:site_name\" content=\"Caminho Vivo\" \/>\n<meta property=\"article:modified_time\" content=\"2025-09-01T03:07:44+00:00\" \/>\n<meta property=\"og:image\" content=\"http:\/\/caminhovivo.com\/wp-content\/uploads\/2025\/08\/ChatGPT-Image-2-de-ago.-de-2025-15_48_05-e1755565406112-975x1024.png\" \/>\n\t<meta property=\"og:image:width\" content=\"975\" \/>\n\t<meta property=\"og:image:height\" content=\"1024\" \/>\n\t<meta property=\"og:image:type\" content=\"image\/png\" \/>\n<meta name=\"twitter:card\" content=\"summary_large_image\" \/>\n<meta name=\"twitter:label1\" content=\"Est. tempo de leitura\" \/>\n\t<meta name=\"twitter:data1\" content=\"1 minuto\" \/>\n<script type=\"application\/ld+json\" class=\"yoast-schema-graph\">{\"@context\":\"https:\/\/schema.org\",\"@graph\":[{\"@type\":\"WebPage\",\"@id\":\"https:\/\/caminhovivo.com\/index.php\/produto\/caminho-das-consoantes-pdf\/\",\"url\":\"https:\/\/caminhovivo.com\/index.php\/produto\/caminho-das-consoantes-pdf\/\",\"name\":\"Caminho das Consoantes pdf - Caminho Vivo\",\"isPartOf\":{\"@id\":\"https:\/\/caminhovivo.com\/#website\"},\"primaryImageOfPage\":{\"@id\":\"https:\/\/caminhovivo.com\/index.php\/produto\/caminho-das-consoantes-pdf\/#primaryimage\"},\"image\":{\"@id\":\"https:\/\/caminhovivo.com\/index.php\/produto\/caminho-das-consoantes-pdf\/#primaryimage\"},\"thumbnailUrl\":\"https:\/\/caminhovivo.com\/wp-content\/uploads\/2025\/08\/ChatGPT-Image-2-de-ago.-de-2025-15_48_05-e1755565406112.png\",\"datePublished\":\"2025-08-19T01:05:44+00:00\",\"dateModified\":\"2025-09-01T03:07:44+00:00\",\"breadcrumb\":{\"@id\":\"https:\/\/caminhovivo.com\/index.php\/produto\/caminho-das-consoantes-pdf\/#breadcrumb\"},\"inLanguage\":\"pt-BR\",\"potentialAction\":[{\"@type\":\"ReadAction\",\"target\":[\"https:\/\/caminhovivo.com\/index.php\/produto\/caminho-das-consoantes-pdf\/\"]}]},{\"@type\":\"ImageObject\",\"inLanguage\":\"pt-BR\",\"@id\":\"https:\/\/caminhovivo.com\/index.php\/produto\/caminho-das-consoantes-pdf\/#primaryimage\",\"url\":\"https:\/\/caminhovivo.com\/wp-content\/uploads\/2025\/08\/ChatGPT-Image-2-de-ago.-de-2025-15_48_05-e1755565406112.png\",\"contentUrl\":\"https:\/\/caminhovivo.com\/wp-content\/uploads\/2025\/08\/ChatGPT-Image-2-de-ago.-de-2025-15_48_05-e1755565406112.png\",\"width\":1024,\"height\":1075},{\"@type\":\"BreadcrumbList\",\"@id\":\"https:\/\/caminhovivo.com\/index.php\/produto\/caminho-das-consoantes-pdf\/#breadcrumb\",\"itemListElement\":[{\"@type\":\"ListItem\",\"position\":1,\"name\":\"In\u00edcio\",\"item\":\"https:\/\/caminhovivo.com\/\"},{\"@type\":\"ListItem\",\"position\":2,\"name\":\"Loja\",\"item\":\"https:\/\/caminhovivo.com\/index.php\/loja\/\"},{\"@type\":\"ListItem\",\"position\":3,\"name\":\"Caminho das Consoantes pdf\"}]},{\"@type\":\"WebSite\",\"@id\":\"https:\/\/caminhovivo.com\/#website\",\"url\":\"https:\/\/caminhovivo.com\/\",\"name\":\"Caminho Vivo\",\"description\":\"Curr\u00edculo para Educa\u00e7\u00e3o Domiciliar\",\"publisher\":{\"@id\":\"https:\/\/caminhovivo.com\/#organization\"},\"potentialAction\":[{\"@type\":\"SearchAction\",\"target\":{\"@type\":\"EntryPoint\",\"urlTemplate\":\"https:\/\/caminhovivo.com\/?s={search_term_string}\"},\"query-input\":{\"@type\":\"PropertyValueSpecification\",\"valueRequired\":true,\"valueName\":\"search_term_string\"}}],\"inLanguage\":\"pt-BR\"},{\"@type\":\"Organization\",\"@id\":\"https:\/\/caminhovivo.com\/#organization\",\"name\":\"Caminho Vivo\",\"url\":\"https:\/\/caminhovivo.com\/\",\"logo\":{\"@type\":\"ImageObject\",\"inLanguage\":\"pt-BR\",\"@id\":\"https:\/\/caminhovivo.com\/#\/schema\/logo\/image\/\",\"url\":\"https:\/\/caminhovivo.com\/wp-content\/uploads\/2024\/01\/HOMESCHOOL-3.png\",\"contentUrl\":\"https:\/\/caminhovivo.com\/wp-content\/uploads\/2024\/01\/HOMESCHOOL-3.png\",\"width\":2000,\"height\":1333,\"caption\":\"Caminho Vivo\"},\"image\":{\"@id\":\"https:\/\/caminhovivo.com\/#\/schema\/logo\/image\/\"}}]}<\/script>\n<!-- \/ Yoast SEO plugin. -->","yoast_head_json":{"title":"Caminho das Consoantes pdf - Caminho Vivo","robots":{"index":"index","follow":"follow","max-snippet":"max-snippet:-1","max-image-preview":"max-image-preview:large","max-video-preview":"max-video-preview:-1"},"canonical":"https:\/\/caminhovivo.com\/index.php\/produto\/caminho-das-consoantes-pdf\/","og_locale":"pt_BR","og_type":"article","og_title":"Caminho das Consoantes pdf - Caminho Vivo","og_description":"Aprenda as consoantes de maneira divertida!!! Pr\u00e9-Alfabetiza\u00e7\u00e3o pelo m\u00e9todo f\u00f4nico Para crian\u00e7as de 4 a 6 anos 239 p\u00e1ginas Ensina as consoantes mai\u00fasculas e min\u00fasculas! Letras impressas e cursivas. &nbsp; Arquivo em PDF. N\u00e3o ser\u00e1 enviado nenhum material impresso.","og_url":"https:\/\/caminhovivo.com\/index.php\/produto\/caminho-das-consoantes-pdf\/","og_site_name":"Caminho Vivo","article_modified_time":"2025-09-01T03:07:44+00:00","og_image":[{"width":975,"height":1024,"url":"http:\/\/caminhovivo.com\/wp-content\/uploads\/2025\/08\/ChatGPT-Image-2-de-ago.-de-2025-15_48_05-e1755565406112-975x1024.png","type":"image\/png"}],"twitter_card":"summary_large_image","twitter_misc":{"Est. tempo de leitura":"1 minuto"},"schema":{"@context":"https:\/\/schema.org","@graph":[{"@type":"WebPage","@id":"https:\/\/caminhovivo.com\/index.php\/produto\/caminho-das-consoantes-pdf\/","url":"https:\/\/caminhovivo.com\/index.php\/produto\/caminho-das-consoantes-pdf\/","name":"Caminho das Consoantes pdf - Caminho Vivo","isPartOf":{"@id":"https:\/\/caminhovivo.com\/#website"},"primaryImageOfPage":{"@id":"https:\/\/caminhovivo.com\/index.php\/produto\/caminho-das-consoantes-pdf\/#primaryimage"},"image":{"@id":"https:\/\/caminhovivo.com\/index.php\/produto\/caminho-das-consoantes-pdf\/#primaryimage"},"thumbnailUrl":"https:\/\/caminhovivo.com\/wp-content\/uploads\/2025\/08\/ChatGPT-Image-2-de-ago.-de-2025-15_48_05-e1755565406112.png","datePublished":"2025-08-19T01:05:44+00:00","dateModified":"2025-09-01T03:07:44+00:00","breadcrumb":{"@id":"https:\/\/caminhovivo.com\/index.php\/produto\/caminho-das-consoantes-pdf\/#breadcrumb"},"inLanguage":"pt-BR","potentialAction":[{"@type":"ReadAction","target":["https:\/\/caminhovivo.com\/index.php\/produto\/caminho-das-consoantes-pdf\/"]}]},{"@type":"ImageObject","inLanguage":"pt-BR","@id":"https:\/\/caminhovivo.com\/index.php\/produto\/caminho-das-consoantes-pdf\/#primaryimage","url":"https:\/\/caminhovivo.com\/wp-content\/uploads\/2025\/08\/ChatGPT-Image-2-de-ago.-de-2025-15_48_05-e1755565406112.png","contentUrl":"https:\/\/caminhovivo.com\/wp-content\/uploads\/2025\/08\/ChatGPT-Image-2-de-ago.-de-2025-15_48_05-e1755565406112.png","width":1024,"height":1075},{"@type":"BreadcrumbList","@id":"https:\/\/caminhovivo.com\/index.php\/produto\/caminho-das-consoantes-pdf\/#breadcrumb","itemListElement":[{"@type":"ListItem","position":1,"name":"In\u00edcio","item":"https:\/\/caminhovivo.com\/"},{"@type":"ListItem","position":2,"name":"Loja","item":"https:\/\/caminhovivo.com\/index.php\/loja\/"},{"@type":"ListItem","position":3,"name":"Caminho das Consoantes pdf"}]},{"@type":"WebSite","@id":"https:\/\/caminhovivo.com\/#website","url":"https:\/\/caminhovivo.com\/","name":"Caminho Vivo","description":"Curr\u00edculo para Educa\u00e7\u00e3o Domiciliar","publisher":{"@id":"https:\/\/caminhovivo.com\/#organization"},"potentialAction":[{"@type":"SearchAction","target":{"@type":"EntryPoint","urlTemplate":"https:\/\/caminhovivo.com\/?s={search_term_string}"},"query-input":{"@type":"PropertyValueSpecification","valueRequired":true,"valueName":"search_term_string"}}],"inLanguage":"pt-BR"},{"@type":"Organization","@id":"https:\/\/caminhovivo.com\/#organization","name":"Caminho Vivo","url":"https:\/\/caminhovivo.com\/","logo":{"@type":"ImageObject","inLanguage":"pt-BR","@id":"https:\/\/caminhovivo.com\/#\/schema\/logo\/image\/","url":"https:\/\/caminhovivo.com\/wp-content\/uploads\/2024\/01\/HOMESCHOOL-3.png","contentUrl":"https:\/\/caminhovivo.com\/wp-content\/uploads\/2024\/01\/HOMESCHOOL-3.png","width":2000,"height":1333,"caption":"Caminho Vivo"},"image":{"@id":"https:\/\/caminhovivo.com\/#\/schema\/logo\/image\/"}}]}},"_links":{"self":[{"href":"https:\/\/caminhovivo.com\/index.php\/wp-json\/wp\/v2\/product\/2591"}],"collection":[{"href":"https:\/\/caminhovivo.com\/index.php\/wp-json\/wp\/v2\/product"}],"about":[{"href":"https:\/\/caminhovivo.com\/index.php\/wp-json\/wp\/v2\/types\/product"}],"replies":[{"embeddable":true,"href":"https:\/\/caminhovivo.com\/index.php\/wp-json\/wp\/v2\/comments?post=2591"}],"wp:featuredmedia":[{"embeddable":true,"href":"https:\/\/caminhovivo.com\/index.php\/wp-json\/wp\/v2\/media\/2595"}],"wp:attachment":[{"href":"https:\/\/caminhovivo.com\/index.php\/wp-json\/wp\/v2\/media?parent=2591"}],"wp:term":[{"taxonomy":"product_cat","embeddable":true,"href":"https:\/\/caminhovivo.com\/index.php\/wp-json\/wp\/v2\/product_cat?post=2591"},{"taxonomy":"product_tag","embeddable":true,"href":"https:\/\/caminhovivo.com\/index.php\/wp-json\/wp\/v2\/product_tag?post=2591"}],"curies":[{"name":"wp","href":"https:\/\/api.w.org\/{rel}","templated":true}]}}