{"id":2481,"date":"2024-11-23T19:08:20","date_gmt":"2024-11-23T22:08:20","guid":{"rendered":"https:\/\/caminhovivo.com\/?post_type=product&#038;p=2481"},"modified":"2024-11-28T09:52:14","modified_gmt":"2024-11-28T12:52:14","slug":"hellenike-koine-o-alfabeto-grego-para-criancas","status":"publish","type":"product","link":"https:\/\/caminhovivo.com\/index.php\/produto\/hellenike-koine-o-alfabeto-grego-para-criancas\/","title":{"rendered":"Hellenike Koine &#8211; O alfabeto grego para crian\u00e7as"},"content":{"rendered":"<p>Neste livro voc\u00ea aprender\u00e1 as letras gregas, seus nomes e sons.<\/p>\n<p>S\u00e3o 10 li\u00e7\u00f5es para voc\u00ea aprender e praticar o alfabeto grego. As atividades t\u00eam como pano de fundo a hist\u00f3ria do Natal.<\/p>\n<p>\u00c9 necess\u00e1rio que a crian\u00e7as esteja alfabetizada para realizar as atividades. N\u00e3o h\u00e1 idade m\u00e1xima para uso do material.<\/p>\n<p>Aprenda e se encante!<\/p>\n<p>&nbsp;<\/p>\n<p>Material em pdf. N\u00e3o h\u00e1 entrega de material f\u00edsico.<\/p>\n","protected":false},"excerpt":{"rendered":"<p>Neste livro voc\u00ea aprender\u00e1 as letras gregas, seus nomes e sons. S\u00e3o 10 li\u00e7\u00f5es para voc\u00ea aprender e praticar o alfabeto grego. As atividades t\u00eam como pano de fundo a hist\u00f3ria do Natal. \u00c9 necess\u00e1rio que a crian\u00e7as esteja alfabetizada para realizar as atividades. N\u00e3o h\u00e1 idade m\u00e1xima para uso do material. Aprenda e se &hellip;<\/p>\n<p class=\"read-more\"> <a class=\"\" href=\"https:\/\/caminhovivo.com\/index.php\/produto\/hellenike-koine-o-alfabeto-grego-para-criancas\/\"> <span class=\"screen-reader-text\">Hellenike Koine &#8211; O alfabeto grego para crian\u00e7as<\/span> Leia mais &raquo;<\/a><\/p>\n","protected":false},"featured_media":2482,"comment_status":"closed","ping_status":"closed","template":"","meta":{"site-sidebar-layout":"default","site-content-layout":"default","ast-global-header-display":"","ast-main-header-display":"","ast-hfb-above-header-display":"","ast-hfb-below-header-display":"","ast-hfb-mobile-header-display":"","site-post-title":"","ast-breadcrumbs-content":"","ast-featured-img":"","footer-sml-layout":"","theme-transparent-header-meta":"default","adv-header-id-meta":"","stick-header-meta":"","header-above-stick-meta":"","header-main-stick-meta":"","header-below-stick-meta":""},"product_cat":[78,77,75,76],"product_tag":[82,83,79,81,80],"class_list":{"0":"post-2481","1":"product","2":"type-product","3":"status-publish","4":"has-post-thumbnail","6":"product_cat-alfabeto-grego","7":"product_cat-greek-for-kids","8":"product_cat-grego","9":"product_cat-grego-para-criancas","10":"product_tag-alfabeto-grego","11":"product_tag-greek-for-kids","12":"product_tag-grego","13":"product_tag-grego-para-crianca","14":"product_tag-grego-para-criancas","15":"desktop-align-left","16":"tablet-align-left","17":"mobile-align-left","19":"first","20":"instock","21":"shipping-taxable","22":"product-type-external"},"yoast_head":"<!-- This site is optimized with the Yoast SEO plugin v23.5 - https:\/\/yoast.com\/wordpress\/plugins\/seo\/ -->\n<title>Hellenike Koine - O alfabeto grego para crian\u00e7as - Caminho Vivo<\/title>\n<meta name=\"robots\" content=\"index, follow, max-snippet:-1, max-image-preview:large, max-video-preview:-1\" \/>\n<link rel=\"canonical\" href=\"https:\/\/caminhovivo.com\/index.php\/produto\/hellenike-koine-o-alfabeto-grego-para-criancas\/\" \/>\n<meta property=\"og:locale\" content=\"pt_BR\" \/>\n<meta property=\"og:type\" content=\"article\" \/>\n<meta property=\"og:title\" content=\"Hellenike Koine - O alfabeto grego para crian\u00e7as - Caminho Vivo\" \/>\n<meta property=\"og:description\" content=\"Neste livro voc\u00ea aprender\u00e1 as letras gregas, seus nomes e sons. S\u00e3o 10 li\u00e7\u00f5es para voc\u00ea aprender e praticar o alfabeto grego. As atividades t\u00eam como pano de fundo a hist\u00f3ria do Natal. \u00c9 necess\u00e1rio que a crian\u00e7as esteja alfabetizada para realizar as atividades. N\u00e3o h\u00e1 idade m\u00e1xima para uso do material. Aprenda e se &hellip; Hellenike Koine &#8211; O alfabeto grego para crian\u00e7as Leia mais &raquo;\" \/>\n<meta property=\"og:url\" content=\"https:\/\/caminhovivo.com\/index.php\/produto\/hellenike-koine-o-alfabeto-grego-para-criancas\/\" \/>\n<meta property=\"og:site_name\" content=\"Caminho Vivo\" \/>\n<meta property=\"article:modified_time\" content=\"2024-11-28T12:52:14+00:00\" \/>\n<meta property=\"og:image\" content=\"http:\/\/caminhovivo.com\/wp-content\/uploads\/2024\/11\/Modern-Neutral-Freebie-Lead-Magnet-Mockup-Instagram-Post-5.png\" \/>\n\t<meta property=\"og:image:width\" content=\"1080\" \/>\n\t<meta property=\"og:image:height\" content=\"1080\" \/>\n\t<meta property=\"og:image:type\" content=\"image\/png\" \/>\n<meta name=\"twitter:card\" content=\"summary_large_image\" \/>\n<meta name=\"twitter:label1\" content=\"Est. tempo de leitura\" \/>\n\t<meta name=\"twitter:data1\" content=\"1 minuto\" \/>\n<script type=\"application\/ld+json\" class=\"yoast-schema-graph\">{\"@context\":\"https:\/\/schema.org\",\"@graph\":[{\"@type\":\"WebPage\",\"@id\":\"https:\/\/caminhovivo.com\/index.php\/produto\/hellenike-koine-o-alfabeto-grego-para-criancas\/\",\"url\":\"https:\/\/caminhovivo.com\/index.php\/produto\/hellenike-koine-o-alfabeto-grego-para-criancas\/\",\"name\":\"Hellenike Koine - O alfabeto grego para crian\u00e7as - Caminho Vivo\",\"isPartOf\":{\"@id\":\"https:\/\/caminhovivo.com\/#website\"},\"primaryImageOfPage\":{\"@id\":\"https:\/\/caminhovivo.com\/index.php\/produto\/hellenike-koine-o-alfabeto-grego-para-criancas\/#primaryimage\"},\"image\":{\"@id\":\"https:\/\/caminhovivo.com\/index.php\/produto\/hellenike-koine-o-alfabeto-grego-para-criancas\/#primaryimage\"},\"thumbnailUrl\":\"https:\/\/caminhovivo.com\/wp-content\/uploads\/2024\/11\/Modern-Neutral-Freebie-Lead-Magnet-Mockup-Instagram-Post-5.png\",\"datePublished\":\"2024-11-23T22:08:20+00:00\",\"dateModified\":\"2024-11-28T12:52:14+00:00\",\"breadcrumb\":{\"@id\":\"https:\/\/caminhovivo.com\/index.php\/produto\/hellenike-koine-o-alfabeto-grego-para-criancas\/#breadcrumb\"},\"inLanguage\":\"pt-BR\",\"potentialAction\":[{\"@type\":\"ReadAction\",\"target\":[\"https:\/\/caminhovivo.com\/index.php\/produto\/hellenike-koine-o-alfabeto-grego-para-criancas\/\"]}]},{\"@type\":\"ImageObject\",\"inLanguage\":\"pt-BR\",\"@id\":\"https:\/\/caminhovivo.com\/index.php\/produto\/hellenike-koine-o-alfabeto-grego-para-criancas\/#primaryimage\",\"url\":\"https:\/\/caminhovivo.com\/wp-content\/uploads\/2024\/11\/Modern-Neutral-Freebie-Lead-Magnet-Mockup-Instagram-Post-5.png\",\"contentUrl\":\"https:\/\/caminhovivo.com\/wp-content\/uploads\/2024\/11\/Modern-Neutral-Freebie-Lead-Magnet-Mockup-Instagram-Post-5.png\",\"width\":1080,\"height\":1080},{\"@type\":\"BreadcrumbList\",\"@id\":\"https:\/\/caminhovivo.com\/index.php\/produto\/hellenike-koine-o-alfabeto-grego-para-criancas\/#breadcrumb\",\"itemListElement\":[{\"@type\":\"ListItem\",\"position\":1,\"name\":\"In\u00edcio\",\"item\":\"https:\/\/caminhovivo.com\/\"},{\"@type\":\"ListItem\",\"position\":2,\"name\":\"Loja\",\"item\":\"https:\/\/caminhovivo.com\/index.php\/loja\/\"},{\"@type\":\"ListItem\",\"position\":3,\"name\":\"Hellenike Koine &#8211; O alfabeto grego para crian\u00e7as\"}]},{\"@type\":\"WebSite\",\"@id\":\"https:\/\/caminhovivo.com\/#website\",\"url\":\"https:\/\/caminhovivo.com\/\",\"name\":\"Caminho Vivo\",\"description\":\"Curr\u00edculo para Educa\u00e7\u00e3o Domiciliar\",\"publisher\":{\"@id\":\"https:\/\/caminhovivo.com\/#organization\"},\"potentialAction\":[{\"@type\":\"SearchAction\",\"target\":{\"@type\":\"EntryPoint\",\"urlTemplate\":\"https:\/\/caminhovivo.com\/?s={search_term_string}\"},\"query-input\":{\"@type\":\"PropertyValueSpecification\",\"valueRequired\":true,\"valueName\":\"search_term_string\"}}],\"inLanguage\":\"pt-BR\"},{\"@type\":\"Organization\",\"@id\":\"https:\/\/caminhovivo.com\/#organization\",\"name\":\"Caminho Vivo\",\"url\":\"https:\/\/caminhovivo.com\/\",\"logo\":{\"@type\":\"ImageObject\",\"inLanguage\":\"pt-BR\",\"@id\":\"https:\/\/caminhovivo.com\/#\/schema\/logo\/image\/\",\"url\":\"https:\/\/caminhovivo.com\/wp-content\/uploads\/2024\/01\/HOMESCHOOL-3.png\",\"contentUrl\":\"https:\/\/caminhovivo.com\/wp-content\/uploads\/2024\/01\/HOMESCHOOL-3.png\",\"width\":2000,\"height\":1333,\"caption\":\"Caminho Vivo\"},\"image\":{\"@id\":\"https:\/\/caminhovivo.com\/#\/schema\/logo\/image\/\"}}]}<\/script>\n<!-- \/ Yoast SEO plugin. -->","yoast_head_json":{"title":"Hellenike Koine - O alfabeto grego para crian\u00e7as - Caminho Vivo","robots":{"index":"index","follow":"follow","max-snippet":"max-snippet:-1","max-image-preview":"max-image-preview:large","max-video-preview":"max-video-preview:-1"},"canonical":"https:\/\/caminhovivo.com\/index.php\/produto\/hellenike-koine-o-alfabeto-grego-para-criancas\/","og_locale":"pt_BR","og_type":"article","og_title":"Hellenike Koine - O alfabeto grego para crian\u00e7as - Caminho Vivo","og_description":"Neste livro voc\u00ea aprender\u00e1 as letras gregas, seus nomes e sons. S\u00e3o 10 li\u00e7\u00f5es para voc\u00ea aprender e praticar o alfabeto grego. As atividades t\u00eam como pano de fundo a hist\u00f3ria do Natal. \u00c9 necess\u00e1rio que a crian\u00e7as esteja alfabetizada para realizar as atividades. N\u00e3o h\u00e1 idade m\u00e1xima para uso do material. Aprenda e se &hellip; Hellenike Koine &#8211; O alfabeto grego para crian\u00e7as Leia mais &raquo;","og_url":"https:\/\/caminhovivo.com\/index.php\/produto\/hellenike-koine-o-alfabeto-grego-para-criancas\/","og_site_name":"Caminho Vivo","article_modified_time":"2024-11-28T12:52:14+00:00","og_image":[{"width":1080,"height":1080,"url":"http:\/\/caminhovivo.com\/wp-content\/uploads\/2024\/11\/Modern-Neutral-Freebie-Lead-Magnet-Mockup-Instagram-Post-5.png","type":"image\/png"}],"twitter_card":"summary_large_image","twitter_misc":{"Est. tempo de leitura":"1 minuto"},"schema":{"@context":"https:\/\/schema.org","@graph":[{"@type":"WebPage","@id":"https:\/\/caminhovivo.com\/index.php\/produto\/hellenike-koine-o-alfabeto-grego-para-criancas\/","url":"https:\/\/caminhovivo.com\/index.php\/produto\/hellenike-koine-o-alfabeto-grego-para-criancas\/","name":"Hellenike Koine - O alfabeto grego para crian\u00e7as - Caminho Vivo","isPartOf":{"@id":"https:\/\/caminhovivo.com\/#website"},"primaryImageOfPage":{"@id":"https:\/\/caminhovivo.com\/index.php\/produto\/hellenike-koine-o-alfabeto-grego-para-criancas\/#primaryimage"},"image":{"@id":"https:\/\/caminhovivo.com\/index.php\/produto\/hellenike-koine-o-alfabeto-grego-para-criancas\/#primaryimage"},"thumbnailUrl":"https:\/\/caminhovivo.com\/wp-content\/uploads\/2024\/11\/Modern-Neutral-Freebie-Lead-Magnet-Mockup-Instagram-Post-5.png","datePublished":"2024-11-23T22:08:20+00:00","dateModified":"2024-11-28T12:52:14+00:00","breadcrumb":{"@id":"https:\/\/caminhovivo.com\/index.php\/produto\/hellenike-koine-o-alfabeto-grego-para-criancas\/#breadcrumb"},"inLanguage":"pt-BR","potentialAction":[{"@type":"ReadAction","target":["https:\/\/caminhovivo.com\/index.php\/produto\/hellenike-koine-o-alfabeto-grego-para-criancas\/"]}]},{"@type":"ImageObject","inLanguage":"pt-BR","@id":"https:\/\/caminhovivo.com\/index.php\/produto\/hellenike-koine-o-alfabeto-grego-para-criancas\/#primaryimage","url":"https:\/\/caminhovivo.com\/wp-content\/uploads\/2024\/11\/Modern-Neutral-Freebie-Lead-Magnet-Mockup-Instagram-Post-5.png","contentUrl":"https:\/\/caminhovivo.com\/wp-content\/uploads\/2024\/11\/Modern-Neutral-Freebie-Lead-Magnet-Mockup-Instagram-Post-5.png","width":1080,"height":1080},{"@type":"BreadcrumbList","@id":"https:\/\/caminhovivo.com\/index.php\/produto\/hellenike-koine-o-alfabeto-grego-para-criancas\/#breadcrumb","itemListElement":[{"@type":"ListItem","position":1,"name":"In\u00edcio","item":"https:\/\/caminhovivo.com\/"},{"@type":"ListItem","position":2,"name":"Loja","item":"https:\/\/caminhovivo.com\/index.php\/loja\/"},{"@type":"ListItem","position":3,"name":"Hellenike Koine &#8211; O alfabeto grego para crian\u00e7as"}]},{"@type":"WebSite","@id":"https:\/\/caminhovivo.com\/#website","url":"https:\/\/caminhovivo.com\/","name":"Caminho Vivo","description":"Curr\u00edculo para Educa\u00e7\u00e3o Domiciliar","publisher":{"@id":"https:\/\/caminhovivo.com\/#organization"},"potentialAction":[{"@type":"SearchAction","target":{"@type":"EntryPoint","urlTemplate":"https:\/\/caminhovivo.com\/?s={search_term_string}"},"query-input":{"@type":"PropertyValueSpecification","valueRequired":true,"valueName":"search_term_string"}}],"inLanguage":"pt-BR"},{"@type":"Organization","@id":"https:\/\/caminhovivo.com\/#organization","name":"Caminho Vivo","url":"https:\/\/caminhovivo.com\/","logo":{"@type":"ImageObject","inLanguage":"pt-BR","@id":"https:\/\/caminhovivo.com\/#\/schema\/logo\/image\/","url":"https:\/\/caminhovivo.com\/wp-content\/uploads\/2024\/01\/HOMESCHOOL-3.png","contentUrl":"https:\/\/caminhovivo.com\/wp-content\/uploads\/2024\/01\/HOMESCHOOL-3.png","width":2000,"height":1333,"caption":"Caminho Vivo"},"image":{"@id":"https:\/\/caminhovivo.com\/#\/schema\/logo\/image\/"}}]}},"_links":{"self":[{"href":"https:\/\/caminhovivo.com\/index.php\/wp-json\/wp\/v2\/product\/2481"}],"collection":[{"href":"https:\/\/caminhovivo.com\/index.php\/wp-json\/wp\/v2\/product"}],"about":[{"href":"https:\/\/caminhovivo.com\/index.php\/wp-json\/wp\/v2\/types\/product"}],"replies":[{"embeddable":true,"href":"https:\/\/caminhovivo.com\/index.php\/wp-json\/wp\/v2\/comments?post=2481"}],"wp:featuredmedia":[{"embeddable":true,"href":"https:\/\/caminhovivo.com\/index.php\/wp-json\/wp\/v2\/media\/2482"}],"wp:attachment":[{"href":"https:\/\/caminhovivo.com\/index.php\/wp-json\/wp\/v2\/media?parent=2481"}],"wp:term":[{"taxonomy":"product_cat","embeddable":true,"href":"https:\/\/caminhovivo.com\/index.php\/wp-json\/wp\/v2\/product_cat?post=2481"},{"taxonomy":"product_tag","embeddable":true,"href":"https:\/\/caminhovivo.com\/index.php\/wp-json\/wp\/v2\/product_tag?post=2481"}],"curies":[{"name":"wp","href":"https:\/\/api.w.org\/{rel}","templated":true}]}}