{"id":2477,"date":"2024-11-21T21:45:40","date_gmt":"2024-11-22T00:45:40","guid":{"rendered":"https:\/\/caminhovivo.com\/?post_type=product&#038;p=2477"},"modified":"2024-11-21T21:45:40","modified_gmt":"2024-11-22T00:45:40","slug":"lista-de-livros-ano-3","status":"publish","type":"product","link":"https:\/\/caminhovivo.com\/index.php\/produto\/lista-de-livros-ano-3\/","title":{"rendered":"Lista de Livros Ano 3"},"content":{"rendered":"<p>Livros indicados para o Ano 3 em 2025.<\/p>\n<p>Para crian\u00e7as de 8 anos de idade.<\/p>\n<p>Produto em pdf. N\u00e3o inclui materiais.<\/p>\n","protected":false},"excerpt":{"rendered":"<p>Livros indicados para o Ano 3 em 2025. Para crian\u00e7as de 8 anos de idade. Produto em pdf. N\u00e3o inclui materiais.<\/p>\n","protected":false},"featured_media":2478,"comment_status":"closed","ping_status":"closed","template":"","meta":{"site-sidebar-layout":"default","site-content-layout":"default","ast-global-header-display":"","ast-main-header-display":"","ast-hfb-above-header-display":"","ast-hfb-below-header-display":"","ast-hfb-mobile-header-display":"","site-post-title":"","ast-breadcrumbs-content":"","ast-featured-img":"","footer-sml-layout":"","theme-transparent-header-meta":"default","adv-header-id-meta":"","stick-header-meta":"","header-above-stick-meta":"","header-main-stick-meta":"","header-below-stick-meta":""},"product_cat":[42],"product_tag":[],"class_list":{"0":"post-2477","1":"product","2":"type-product","3":"status-publish","4":"has-post-thumbnail","6":"product_cat-sem-categoria","7":"desktop-align-left","8":"tablet-align-left","9":"mobile-align-left","11":"first","12":"instock","13":"shipping-taxable","14":"product-type-external"},"yoast_head":"<!-- This site is optimized with the Yoast SEO plugin v23.5 - https:\/\/yoast.com\/wordpress\/plugins\/seo\/ -->\n<title>Lista de Livros Ano 3 - Caminho Vivo<\/title>\n<meta name=\"robots\" content=\"index, follow, max-snippet:-1, max-image-preview:large, max-video-preview:-1\" \/>\n<link rel=\"canonical\" href=\"https:\/\/caminhovivo.com\/index.php\/produto\/lista-de-livros-ano-3\/\" \/>\n<meta property=\"og:locale\" content=\"pt_BR\" \/>\n<meta property=\"og:type\" content=\"article\" \/>\n<meta property=\"og:title\" content=\"Lista de Livros Ano 3 - Caminho Vivo\" \/>\n<meta property=\"og:description\" content=\"Livros indicados para o Ano 3 em 2025. Para crian\u00e7as de 8 anos de idade. Produto em pdf. N\u00e3o inclui materiais.\" \/>\n<meta property=\"og:url\" content=\"https:\/\/caminhovivo.com\/index.php\/produto\/lista-de-livros-ano-3\/\" \/>\n<meta property=\"og:site_name\" content=\"Caminho Vivo\" \/>\n<meta property=\"og:image\" content=\"http:\/\/caminhovivo.com\/wp-content\/uploads\/2024\/11\/Modern-Neutral-Freebie-Lead-Magnet-Mockup-Instagram-Post-2.png\" \/>\n\t<meta property=\"og:image:width\" content=\"1080\" \/>\n\t<meta property=\"og:image:height\" content=\"1080\" \/>\n\t<meta property=\"og:image:type\" content=\"image\/png\" \/>\n<meta name=\"twitter:card\" content=\"summary_large_image\" \/>\n<meta name=\"twitter:label1\" content=\"Est. tempo de leitura\" \/>\n\t<meta name=\"twitter:data1\" content=\"1 minuto\" \/>\n<script type=\"application\/ld+json\" class=\"yoast-schema-graph\">{\"@context\":\"https:\/\/schema.org\",\"@graph\":[{\"@type\":\"WebPage\",\"@id\":\"https:\/\/caminhovivo.com\/index.php\/produto\/lista-de-livros-ano-3\/\",\"url\":\"https:\/\/caminhovivo.com\/index.php\/produto\/lista-de-livros-ano-3\/\",\"name\":\"Lista de Livros Ano 3 - Caminho Vivo\",\"isPartOf\":{\"@id\":\"https:\/\/caminhovivo.com\/#website\"},\"primaryImageOfPage\":{\"@id\":\"https:\/\/caminhovivo.com\/index.php\/produto\/lista-de-livros-ano-3\/#primaryimage\"},\"image\":{\"@id\":\"https:\/\/caminhovivo.com\/index.php\/produto\/lista-de-livros-ano-3\/#primaryimage\"},\"thumbnailUrl\":\"https:\/\/caminhovivo.com\/wp-content\/uploads\/2024\/11\/Modern-Neutral-Freebie-Lead-Magnet-Mockup-Instagram-Post-2.png\",\"datePublished\":\"2024-11-22T00:45:40+00:00\",\"dateModified\":\"2024-11-22T00:45:40+00:00\",\"breadcrumb\":{\"@id\":\"https:\/\/caminhovivo.com\/index.php\/produto\/lista-de-livros-ano-3\/#breadcrumb\"},\"inLanguage\":\"pt-BR\",\"potentialAction\":[{\"@type\":\"ReadAction\",\"target\":[\"https:\/\/caminhovivo.com\/index.php\/produto\/lista-de-livros-ano-3\/\"]}]},{\"@type\":\"ImageObject\",\"inLanguage\":\"pt-BR\",\"@id\":\"https:\/\/caminhovivo.com\/index.php\/produto\/lista-de-livros-ano-3\/#primaryimage\",\"url\":\"https:\/\/caminhovivo.com\/wp-content\/uploads\/2024\/11\/Modern-Neutral-Freebie-Lead-Magnet-Mockup-Instagram-Post-2.png\",\"contentUrl\":\"https:\/\/caminhovivo.com\/wp-content\/uploads\/2024\/11\/Modern-Neutral-Freebie-Lead-Magnet-Mockup-Instagram-Post-2.png\",\"width\":1080,\"height\":1080},{\"@type\":\"BreadcrumbList\",\"@id\":\"https:\/\/caminhovivo.com\/index.php\/produto\/lista-de-livros-ano-3\/#breadcrumb\",\"itemListElement\":[{\"@type\":\"ListItem\",\"position\":1,\"name\":\"In\u00edcio\",\"item\":\"https:\/\/caminhovivo.com\/\"},{\"@type\":\"ListItem\",\"position\":2,\"name\":\"Loja\",\"item\":\"https:\/\/caminhovivo.com\/index.php\/loja\/\"},{\"@type\":\"ListItem\",\"position\":3,\"name\":\"Lista de Livros Ano 3\"}]},{\"@type\":\"WebSite\",\"@id\":\"https:\/\/caminhovivo.com\/#website\",\"url\":\"https:\/\/caminhovivo.com\/\",\"name\":\"Caminho Vivo\",\"description\":\"Curr\u00edculo para Educa\u00e7\u00e3o Domiciliar\",\"publisher\":{\"@id\":\"https:\/\/caminhovivo.com\/#organization\"},\"potentialAction\":[{\"@type\":\"SearchAction\",\"target\":{\"@type\":\"EntryPoint\",\"urlTemplate\":\"https:\/\/caminhovivo.com\/?s={search_term_string}\"},\"query-input\":{\"@type\":\"PropertyValueSpecification\",\"valueRequired\":true,\"valueName\":\"search_term_string\"}}],\"inLanguage\":\"pt-BR\"},{\"@type\":\"Organization\",\"@id\":\"https:\/\/caminhovivo.com\/#organization\",\"name\":\"Caminho Vivo\",\"url\":\"https:\/\/caminhovivo.com\/\",\"logo\":{\"@type\":\"ImageObject\",\"inLanguage\":\"pt-BR\",\"@id\":\"https:\/\/caminhovivo.com\/#\/schema\/logo\/image\/\",\"url\":\"https:\/\/caminhovivo.com\/wp-content\/uploads\/2024\/01\/HOMESCHOOL-3.png\",\"contentUrl\":\"https:\/\/caminhovivo.com\/wp-content\/uploads\/2024\/01\/HOMESCHOOL-3.png\",\"width\":2000,\"height\":1333,\"caption\":\"Caminho Vivo\"},\"image\":{\"@id\":\"https:\/\/caminhovivo.com\/#\/schema\/logo\/image\/\"}}]}<\/script>\n<!-- \/ Yoast SEO plugin. -->","yoast_head_json":{"title":"Lista de Livros Ano 3 - Caminho Vivo","robots":{"index":"index","follow":"follow","max-snippet":"max-snippet:-1","max-image-preview":"max-image-preview:large","max-video-preview":"max-video-preview:-1"},"canonical":"https:\/\/caminhovivo.com\/index.php\/produto\/lista-de-livros-ano-3\/","og_locale":"pt_BR","og_type":"article","og_title":"Lista de Livros Ano 3 - Caminho Vivo","og_description":"Livros indicados para o Ano 3 em 2025. Para crian\u00e7as de 8 anos de idade. Produto em pdf. N\u00e3o inclui materiais.","og_url":"https:\/\/caminhovivo.com\/index.php\/produto\/lista-de-livros-ano-3\/","og_site_name":"Caminho Vivo","og_image":[{"width":1080,"height":1080,"url":"http:\/\/caminhovivo.com\/wp-content\/uploads\/2024\/11\/Modern-Neutral-Freebie-Lead-Magnet-Mockup-Instagram-Post-2.png","type":"image\/png"}],"twitter_card":"summary_large_image","twitter_misc":{"Est. tempo de leitura":"1 minuto"},"schema":{"@context":"https:\/\/schema.org","@graph":[{"@type":"WebPage","@id":"https:\/\/caminhovivo.com\/index.php\/produto\/lista-de-livros-ano-3\/","url":"https:\/\/caminhovivo.com\/index.php\/produto\/lista-de-livros-ano-3\/","name":"Lista de Livros Ano 3 - Caminho Vivo","isPartOf":{"@id":"https:\/\/caminhovivo.com\/#website"},"primaryImageOfPage":{"@id":"https:\/\/caminhovivo.com\/index.php\/produto\/lista-de-livros-ano-3\/#primaryimage"},"image":{"@id":"https:\/\/caminhovivo.com\/index.php\/produto\/lista-de-livros-ano-3\/#primaryimage"},"thumbnailUrl":"https:\/\/caminhovivo.com\/wp-content\/uploads\/2024\/11\/Modern-Neutral-Freebie-Lead-Magnet-Mockup-Instagram-Post-2.png","datePublished":"2024-11-22T00:45:40+00:00","dateModified":"2024-11-22T00:45:40+00:00","breadcrumb":{"@id":"https:\/\/caminhovivo.com\/index.php\/produto\/lista-de-livros-ano-3\/#breadcrumb"},"inLanguage":"pt-BR","potentialAction":[{"@type":"ReadAction","target":["https:\/\/caminhovivo.com\/index.php\/produto\/lista-de-livros-ano-3\/"]}]},{"@type":"ImageObject","inLanguage":"pt-BR","@id":"https:\/\/caminhovivo.com\/index.php\/produto\/lista-de-livros-ano-3\/#primaryimage","url":"https:\/\/caminhovivo.com\/wp-content\/uploads\/2024\/11\/Modern-Neutral-Freebie-Lead-Magnet-Mockup-Instagram-Post-2.png","contentUrl":"https:\/\/caminhovivo.com\/wp-content\/uploads\/2024\/11\/Modern-Neutral-Freebie-Lead-Magnet-Mockup-Instagram-Post-2.png","width":1080,"height":1080},{"@type":"BreadcrumbList","@id":"https:\/\/caminhovivo.com\/index.php\/produto\/lista-de-livros-ano-3\/#breadcrumb","itemListElement":[{"@type":"ListItem","position":1,"name":"In\u00edcio","item":"https:\/\/caminhovivo.com\/"},{"@type":"ListItem","position":2,"name":"Loja","item":"https:\/\/caminhovivo.com\/index.php\/loja\/"},{"@type":"ListItem","position":3,"name":"Lista de Livros Ano 3"}]},{"@type":"WebSite","@id":"https:\/\/caminhovivo.com\/#website","url":"https:\/\/caminhovivo.com\/","name":"Caminho Vivo","description":"Curr\u00edculo para Educa\u00e7\u00e3o Domiciliar","publisher":{"@id":"https:\/\/caminhovivo.com\/#organization"},"potentialAction":[{"@type":"SearchAction","target":{"@type":"EntryPoint","urlTemplate":"https:\/\/caminhovivo.com\/?s={search_term_string}"},"query-input":{"@type":"PropertyValueSpecification","valueRequired":true,"valueName":"search_term_string"}}],"inLanguage":"pt-BR"},{"@type":"Organization","@id":"https:\/\/caminhovivo.com\/#organization","name":"Caminho Vivo","url":"https:\/\/caminhovivo.com\/","logo":{"@type":"ImageObject","inLanguage":"pt-BR","@id":"https:\/\/caminhovivo.com\/#\/schema\/logo\/image\/","url":"https:\/\/caminhovivo.com\/wp-content\/uploads\/2024\/01\/HOMESCHOOL-3.png","contentUrl":"https:\/\/caminhovivo.com\/wp-content\/uploads\/2024\/01\/HOMESCHOOL-3.png","width":2000,"height":1333,"caption":"Caminho Vivo"},"image":{"@id":"https:\/\/caminhovivo.com\/#\/schema\/logo\/image\/"}}]}},"_links":{"self":[{"href":"https:\/\/caminhovivo.com\/index.php\/wp-json\/wp\/v2\/product\/2477"}],"collection":[{"href":"https:\/\/caminhovivo.com\/index.php\/wp-json\/wp\/v2\/product"}],"about":[{"href":"https:\/\/caminhovivo.com\/index.php\/wp-json\/wp\/v2\/types\/product"}],"replies":[{"embeddable":true,"href":"https:\/\/caminhovivo.com\/index.php\/wp-json\/wp\/v2\/comments?post=2477"}],"wp:featuredmedia":[{"embeddable":true,"href":"https:\/\/caminhovivo.com\/index.php\/wp-json\/wp\/v2\/media\/2478"}],"wp:attachment":[{"href":"https:\/\/caminhovivo.com\/index.php\/wp-json\/wp\/v2\/media?parent=2477"}],"wp:term":[{"taxonomy":"product_cat","embeddable":true,"href":"https:\/\/caminhovivo.com\/index.php\/wp-json\/wp\/v2\/product_cat?post=2477"},{"taxonomy":"product_tag","embeddable":true,"href":"https:\/\/caminhovivo.com\/index.php\/wp-json\/wp\/v2\/product_tag?post=2477"}],"curies":[{"name":"wp","href":"https:\/\/api.w.org\/{rel}","templated":true}]}}