{"id":1535,"date":"2023-08-14T20:12:30","date_gmt":"2023-08-14T23:12:30","guid":{"rendered":"http:\/\/caminhovivo.com\/?post_type=product&#038;p=1535"},"modified":"2025-08-16T00:00:30","modified_gmt":"2025-08-16T03:00:30","slug":"abra-o-caminho-para-os-patinhos-programa-pre-escolar","status":"publish","type":"product","link":"https:\/\/caminhovivo.com\/index.php\/produto\/abra-o-caminho-para-os-patinhos-programa-pre-escolar\/","title":{"rendered":"Abra o Caminho para os Patinhos Programa Pr\u00e9-escolar"},"content":{"rendered":"<p style=\"text-align: left;\">SEJA BEM-VINDO(A) AO ABRA O CAMINHO PARA OS PATINHOS!<\/p>\n<p>O Abra o Caminho para os Patinhos \u00e9 um curr\u00edculo especialmente projetado para facilitar aos pais a oferta de um ensino pr\u00e9-escolar de qualidade aos seus filhos.\u00a0Este programa \u00e9 uma sele\u00e7\u00e3o meticulosa de livros infantis que n\u00e3o apenas encantar\u00e1 seu pequeno, mas tamb\u00e9m o levar\u00e1 a explorar, aprender e crescer com beleza e verdade.<\/p>\n<p>Descubra o que este programa oferece!<\/p>\n<p>Na se\u00e7\u00e3o &#8220;PR\u00c9-ESCOLA&#8221;, voc\u00ea encontrar\u00e1 o conte\u00fado, organizado por disciplinas, recomendado para crian\u00e7as de 4 e 5 anos de idade.<\/p>\n<p>Em seguida, voc\u00ea ter\u00e1 acesso \u00e0s &#8220;INSTRU\u00c7\u00d5ES&#8221; sobre como aplicar e organizar o conte\u00fado. Tudo est\u00e1 explicado de forma simples e clara, para que voc\u00ea, como m\u00e3e ou pai educador, possa preparar o ensino domiciliar do seu filho com facilidade.<\/p>\n<p>E para tornar ainda mais simples, compartilho algumas dicas com base na minha experi\u00eancia di\u00e1ria como m\u00e3e educadora em &#8220;ORGANIZANDO O DIA&#8221;.<\/p>\n<p>Como sei da import\u00e2ncia de registrar tudo o que nossos pequenos estudam, em &#8220;MINHA SEMANA&#8221; voc\u00ea poder\u00e1 fazer seus registros. \u00c9 uma planilha intuitiva e f\u00e1cil de ser completada, e ainda inclu\u00ed um modelo j\u00e1 preenchido para eliminar qualquer d\u00favida.<\/p>\n<p>Depois, temos a se\u00e7\u00e3o favorita das mam\u00e3es: as &#8220;SUGEST\u00d5ES DE LIVROS&#8221;!<\/p>\n<p>E para os pais que desejam seguir a BNCC na educa\u00e7\u00e3o domiciliar, em &#8220;A OP\u00c7\u00c3O PELA BNCC&#8221; eu explico como fazer isso e listo os c\u00f3digos que constam na BNCC para serem adicionados aos registros da crian\u00e7a em &#8220;ANOTANDO OS C\u00d3DIGOS DA BNCC&#8221;.<\/p>\n<p>Para finalizar, h\u00e1 uma lista de brinquedos e brincadeiras para os patinhos!<\/p>\n<p>Ent\u00e3o, vamos come\u00e7ar!<\/p>\n<p>&nbsp;<\/p>\n<p>Produto em pdf. N\u00e3o h\u00e1 entrega de produtos f\u00edsicos.<\/p>\n","protected":false},"excerpt":{"rendered":"<p>SEJA BEM-VINDO(A) AO ABRA O CAMINHO PARA OS PATINHOS! O Abra o Caminho para os Patinhos \u00e9 um curr\u00edculo especialmente projetado para facilitar aos pais a oferta de um ensino pr\u00e9-escolar de qualidade aos seus filhos.\u00a0Este programa \u00e9 uma sele\u00e7\u00e3o meticulosa de livros infantis que n\u00e3o apenas encantar\u00e1 seu pequeno, mas tamb\u00e9m o levar\u00e1 a &hellip;<\/p>\n<p class=\"read-more\"> <a class=\"\" href=\"https:\/\/caminhovivo.com\/index.php\/produto\/abra-o-caminho-para-os-patinhos-programa-pre-escolar\/\"> <span class=\"screen-reader-text\">Abra o Caminho para os Patinhos Programa Pr\u00e9-escolar<\/span> Leia mais &raquo;<\/a><\/p>\n","protected":false},"featured_media":1536,"comment_status":"closed","ping_status":"closed","template":"","meta":{"site-sidebar-layout":"default","site-content-layout":"default","ast-global-header-display":"","ast-main-header-display":"","ast-hfb-above-header-display":"","ast-hfb-below-header-display":"","ast-hfb-mobile-header-display":"","site-post-title":"","ast-breadcrumbs-content":"","ast-featured-img":"","footer-sml-layout":"","theme-transparent-header-meta":"default","adv-header-id-meta":"","stick-header-meta":"","header-above-stick-meta":"","header-main-stick-meta":"","header-below-stick-meta":""},"product_cat":[42],"product_tag":[67,68,70,69,71,72],"class_list":{"0":"post-1535","1":"product","2":"type-product","3":"status-publish","4":"has-post-thumbnail","6":"product_cat-sem-categoria","7":"product_tag-curriculo-educacao-domiciliar","8":"product_tag-curriculo-pre-escola","9":"product_tag-curriculo-preescola","10":"product_tag-pre-escola","11":"product_tag-pre-escola-homeschooling","12":"product_tag-preescola-homeschool","13":"desktop-align-left","14":"tablet-align-left","15":"mobile-align-left","17":"first","18":"instock","19":"shipping-taxable","20":"product-type-external"},"yoast_head":"<!-- This site is optimized with the Yoast SEO plugin v23.5 - https:\/\/yoast.com\/wordpress\/plugins\/seo\/ -->\n<title>Abra o Caminho para os Patinhos Programa Pr\u00e9-escolar - Caminho Vivo<\/title>\n<meta name=\"robots\" content=\"index, follow, max-snippet:-1, max-image-preview:large, max-video-preview:-1\" \/>\n<link rel=\"canonical\" href=\"https:\/\/caminhovivo.com\/index.php\/produto\/abra-o-caminho-para-os-patinhos-programa-pre-escolar\/\" \/>\n<meta property=\"og:locale\" content=\"pt_BR\" \/>\n<meta property=\"og:type\" content=\"article\" \/>\n<meta property=\"og:title\" content=\"Abra o Caminho para os Patinhos Programa Pr\u00e9-escolar - Caminho Vivo\" \/>\n<meta property=\"og:description\" content=\"SEJA BEM-VINDO(A) AO ABRA O CAMINHO PARA OS PATINHOS! O Abra o Caminho para os Patinhos \u00e9 um curr\u00edculo especialmente projetado para facilitar aos pais a oferta de um ensino pr\u00e9-escolar de qualidade aos seus filhos.\u00a0Este programa \u00e9 uma sele\u00e7\u00e3o meticulosa de livros infantis que n\u00e3o apenas encantar\u00e1 seu pequeno, mas tamb\u00e9m o levar\u00e1 a &hellip; Abra o Caminho para os Patinhos Programa Pr\u00e9-escolar Leia mais &raquo;\" \/>\n<meta property=\"og:url\" content=\"https:\/\/caminhovivo.com\/index.php\/produto\/abra-o-caminho-para-os-patinhos-programa-pre-escolar\/\" \/>\n<meta property=\"og:site_name\" content=\"Caminho Vivo\" \/>\n<meta property=\"article:modified_time\" content=\"2025-08-16T03:00:30+00:00\" \/>\n<meta property=\"og:image\" content=\"http:\/\/caminhovivo.com\/wp-content\/uploads\/2023\/08\/Design-sem-nome-8.png\" \/>\n\t<meta property=\"og:image:width\" content=\"1080\" \/>\n\t<meta property=\"og:image:height\" content=\"1080\" \/>\n\t<meta property=\"og:image:type\" content=\"image\/png\" \/>\n<meta name=\"twitter:card\" content=\"summary_large_image\" \/>\n<meta name=\"twitter:label1\" content=\"Est. tempo de leitura\" \/>\n\t<meta name=\"twitter:data1\" content=\"2 minutos\" \/>\n<script type=\"application\/ld+json\" class=\"yoast-schema-graph\">{\"@context\":\"https:\/\/schema.org\",\"@graph\":[{\"@type\":\"WebPage\",\"@id\":\"https:\/\/caminhovivo.com\/index.php\/produto\/abra-o-caminho-para-os-patinhos-programa-pre-escolar\/\",\"url\":\"https:\/\/caminhovivo.com\/index.php\/produto\/abra-o-caminho-para-os-patinhos-programa-pre-escolar\/\",\"name\":\"Abra o Caminho para os Patinhos Programa Pr\u00e9-escolar - Caminho Vivo\",\"isPartOf\":{\"@id\":\"https:\/\/caminhovivo.com\/#website\"},\"primaryImageOfPage\":{\"@id\":\"https:\/\/caminhovivo.com\/index.php\/produto\/abra-o-caminho-para-os-patinhos-programa-pre-escolar\/#primaryimage\"},\"image\":{\"@id\":\"https:\/\/caminhovivo.com\/index.php\/produto\/abra-o-caminho-para-os-patinhos-programa-pre-escolar\/#primaryimage\"},\"thumbnailUrl\":\"https:\/\/caminhovivo.com\/wp-content\/uploads\/2023\/08\/Design-sem-nome-8.png\",\"datePublished\":\"2023-08-14T23:12:30+00:00\",\"dateModified\":\"2025-08-16T03:00:30+00:00\",\"breadcrumb\":{\"@id\":\"https:\/\/caminhovivo.com\/index.php\/produto\/abra-o-caminho-para-os-patinhos-programa-pre-escolar\/#breadcrumb\"},\"inLanguage\":\"pt-BR\",\"potentialAction\":[{\"@type\":\"ReadAction\",\"target\":[\"https:\/\/caminhovivo.com\/index.php\/produto\/abra-o-caminho-para-os-patinhos-programa-pre-escolar\/\"]}]},{\"@type\":\"ImageObject\",\"inLanguage\":\"pt-BR\",\"@id\":\"https:\/\/caminhovivo.com\/index.php\/produto\/abra-o-caminho-para-os-patinhos-programa-pre-escolar\/#primaryimage\",\"url\":\"https:\/\/caminhovivo.com\/wp-content\/uploads\/2023\/08\/Design-sem-nome-8.png\",\"contentUrl\":\"https:\/\/caminhovivo.com\/wp-content\/uploads\/2023\/08\/Design-sem-nome-8.png\",\"width\":1080,\"height\":1080},{\"@type\":\"BreadcrumbList\",\"@id\":\"https:\/\/caminhovivo.com\/index.php\/produto\/abra-o-caminho-para-os-patinhos-programa-pre-escolar\/#breadcrumb\",\"itemListElement\":[{\"@type\":\"ListItem\",\"position\":1,\"name\":\"In\u00edcio\",\"item\":\"https:\/\/caminhovivo.com\/\"},{\"@type\":\"ListItem\",\"position\":2,\"name\":\"Loja\",\"item\":\"https:\/\/caminhovivo.com\/index.php\/loja\/\"},{\"@type\":\"ListItem\",\"position\":3,\"name\":\"Abra o Caminho para os Patinhos Programa Pr\u00e9-escolar\"}]},{\"@type\":\"WebSite\",\"@id\":\"https:\/\/caminhovivo.com\/#website\",\"url\":\"https:\/\/caminhovivo.com\/\",\"name\":\"Caminho Vivo\",\"description\":\"Curr\u00edculo para Educa\u00e7\u00e3o Domiciliar\",\"publisher\":{\"@id\":\"https:\/\/caminhovivo.com\/#organization\"},\"potentialAction\":[{\"@type\":\"SearchAction\",\"target\":{\"@type\":\"EntryPoint\",\"urlTemplate\":\"https:\/\/caminhovivo.com\/?s={search_term_string}\"},\"query-input\":{\"@type\":\"PropertyValueSpecification\",\"valueRequired\":true,\"valueName\":\"search_term_string\"}}],\"inLanguage\":\"pt-BR\"},{\"@type\":\"Organization\",\"@id\":\"https:\/\/caminhovivo.com\/#organization\",\"name\":\"Caminho Vivo\",\"url\":\"https:\/\/caminhovivo.com\/\",\"logo\":{\"@type\":\"ImageObject\",\"inLanguage\":\"pt-BR\",\"@id\":\"https:\/\/caminhovivo.com\/#\/schema\/logo\/image\/\",\"url\":\"https:\/\/caminhovivo.com\/wp-content\/uploads\/2024\/01\/HOMESCHOOL-3.png\",\"contentUrl\":\"https:\/\/caminhovivo.com\/wp-content\/uploads\/2024\/01\/HOMESCHOOL-3.png\",\"width\":2000,\"height\":1333,\"caption\":\"Caminho Vivo\"},\"image\":{\"@id\":\"https:\/\/caminhovivo.com\/#\/schema\/logo\/image\/\"}}]}<\/script>\n<!-- \/ Yoast SEO plugin. -->","yoast_head_json":{"title":"Abra o Caminho para os Patinhos Programa Pr\u00e9-escolar - Caminho Vivo","robots":{"index":"index","follow":"follow","max-snippet":"max-snippet:-1","max-image-preview":"max-image-preview:large","max-video-preview":"max-video-preview:-1"},"canonical":"https:\/\/caminhovivo.com\/index.php\/produto\/abra-o-caminho-para-os-patinhos-programa-pre-escolar\/","og_locale":"pt_BR","og_type":"article","og_title":"Abra o Caminho para os Patinhos Programa Pr\u00e9-escolar - Caminho Vivo","og_description":"SEJA BEM-VINDO(A) AO ABRA O CAMINHO PARA OS PATINHOS! O Abra o Caminho para os Patinhos \u00e9 um curr\u00edculo especialmente projetado para facilitar aos pais a oferta de um ensino pr\u00e9-escolar de qualidade aos seus filhos.\u00a0Este programa \u00e9 uma sele\u00e7\u00e3o meticulosa de livros infantis que n\u00e3o apenas encantar\u00e1 seu pequeno, mas tamb\u00e9m o levar\u00e1 a &hellip; Abra o Caminho para os Patinhos Programa Pr\u00e9-escolar Leia mais &raquo;","og_url":"https:\/\/caminhovivo.com\/index.php\/produto\/abra-o-caminho-para-os-patinhos-programa-pre-escolar\/","og_site_name":"Caminho Vivo","article_modified_time":"2025-08-16T03:00:30+00:00","og_image":[{"width":1080,"height":1080,"url":"http:\/\/caminhovivo.com\/wp-content\/uploads\/2023\/08\/Design-sem-nome-8.png","type":"image\/png"}],"twitter_card":"summary_large_image","twitter_misc":{"Est. tempo de leitura":"2 minutos"},"schema":{"@context":"https:\/\/schema.org","@graph":[{"@type":"WebPage","@id":"https:\/\/caminhovivo.com\/index.php\/produto\/abra-o-caminho-para-os-patinhos-programa-pre-escolar\/","url":"https:\/\/caminhovivo.com\/index.php\/produto\/abra-o-caminho-para-os-patinhos-programa-pre-escolar\/","name":"Abra o Caminho para os Patinhos Programa Pr\u00e9-escolar - Caminho Vivo","isPartOf":{"@id":"https:\/\/caminhovivo.com\/#website"},"primaryImageOfPage":{"@id":"https:\/\/caminhovivo.com\/index.php\/produto\/abra-o-caminho-para-os-patinhos-programa-pre-escolar\/#primaryimage"},"image":{"@id":"https:\/\/caminhovivo.com\/index.php\/produto\/abra-o-caminho-para-os-patinhos-programa-pre-escolar\/#primaryimage"},"thumbnailUrl":"https:\/\/caminhovivo.com\/wp-content\/uploads\/2023\/08\/Design-sem-nome-8.png","datePublished":"2023-08-14T23:12:30+00:00","dateModified":"2025-08-16T03:00:30+00:00","breadcrumb":{"@id":"https:\/\/caminhovivo.com\/index.php\/produto\/abra-o-caminho-para-os-patinhos-programa-pre-escolar\/#breadcrumb"},"inLanguage":"pt-BR","potentialAction":[{"@type":"ReadAction","target":["https:\/\/caminhovivo.com\/index.php\/produto\/abra-o-caminho-para-os-patinhos-programa-pre-escolar\/"]}]},{"@type":"ImageObject","inLanguage":"pt-BR","@id":"https:\/\/caminhovivo.com\/index.php\/produto\/abra-o-caminho-para-os-patinhos-programa-pre-escolar\/#primaryimage","url":"https:\/\/caminhovivo.com\/wp-content\/uploads\/2023\/08\/Design-sem-nome-8.png","contentUrl":"https:\/\/caminhovivo.com\/wp-content\/uploads\/2023\/08\/Design-sem-nome-8.png","width":1080,"height":1080},{"@type":"BreadcrumbList","@id":"https:\/\/caminhovivo.com\/index.php\/produto\/abra-o-caminho-para-os-patinhos-programa-pre-escolar\/#breadcrumb","itemListElement":[{"@type":"ListItem","position":1,"name":"In\u00edcio","item":"https:\/\/caminhovivo.com\/"},{"@type":"ListItem","position":2,"name":"Loja","item":"https:\/\/caminhovivo.com\/index.php\/loja\/"},{"@type":"ListItem","position":3,"name":"Abra o Caminho para os Patinhos Programa Pr\u00e9-escolar"}]},{"@type":"WebSite","@id":"https:\/\/caminhovivo.com\/#website","url":"https:\/\/caminhovivo.com\/","name":"Caminho Vivo","description":"Curr\u00edculo para Educa\u00e7\u00e3o Domiciliar","publisher":{"@id":"https:\/\/caminhovivo.com\/#organization"},"potentialAction":[{"@type":"SearchAction","target":{"@type":"EntryPoint","urlTemplate":"https:\/\/caminhovivo.com\/?s={search_term_string}"},"query-input":{"@type":"PropertyValueSpecification","valueRequired":true,"valueName":"search_term_string"}}],"inLanguage":"pt-BR"},{"@type":"Organization","@id":"https:\/\/caminhovivo.com\/#organization","name":"Caminho Vivo","url":"https:\/\/caminhovivo.com\/","logo":{"@type":"ImageObject","inLanguage":"pt-BR","@id":"https:\/\/caminhovivo.com\/#\/schema\/logo\/image\/","url":"https:\/\/caminhovivo.com\/wp-content\/uploads\/2024\/01\/HOMESCHOOL-3.png","contentUrl":"https:\/\/caminhovivo.com\/wp-content\/uploads\/2024\/01\/HOMESCHOOL-3.png","width":2000,"height":1333,"caption":"Caminho Vivo"},"image":{"@id":"https:\/\/caminhovivo.com\/#\/schema\/logo\/image\/"}}]}},"_links":{"self":[{"href":"https:\/\/caminhovivo.com\/index.php\/wp-json\/wp\/v2\/product\/1535"}],"collection":[{"href":"https:\/\/caminhovivo.com\/index.php\/wp-json\/wp\/v2\/product"}],"about":[{"href":"https:\/\/caminhovivo.com\/index.php\/wp-json\/wp\/v2\/types\/product"}],"replies":[{"embeddable":true,"href":"https:\/\/caminhovivo.com\/index.php\/wp-json\/wp\/v2\/comments?post=1535"}],"wp:featuredmedia":[{"embeddable":true,"href":"https:\/\/caminhovivo.com\/index.php\/wp-json\/wp\/v2\/media\/1536"}],"wp:attachment":[{"href":"https:\/\/caminhovivo.com\/index.php\/wp-json\/wp\/v2\/media?parent=1535"}],"wp:term":[{"taxonomy":"product_cat","embeddable":true,"href":"https:\/\/caminhovivo.com\/index.php\/wp-json\/wp\/v2\/product_cat?post=1535"},{"taxonomy":"product_tag","embeddable":true,"href":"https:\/\/caminhovivo.com\/index.php\/wp-json\/wp\/v2\/product_tag?post=1535"}],"curies":[{"name":"wp","href":"https:\/\/api.w.org\/{rel}","templated":true}]}}