{"id":1530,"date":"2023-08-01T14:49:02","date_gmt":"2023-08-01T17:49:02","guid":{"rendered":"http:\/\/caminhovivo.com\/?post_type=product&#038;p=1530"},"modified":"2024-08-23T20:57:43","modified_gmt":"2024-08-23T23:57:43","slug":"historias-de-criancas-e-animais-pdf","status":"publish","type":"product","link":"https:\/\/caminhovivo.com\/index.php\/produto\/historias-de-criancas-e-animais-pdf\/","title":{"rendered":"Hist\u00f3rias de Crian\u00e7as e Animais pdf"},"content":{"rendered":"<p>Autor Jo\u00e3o Kopke<\/p>\n<p>&nbsp;<\/p>\n<p>Livro com pequenos contos de fundo moral com \u00eanfase na dilig\u00eancia, obedi\u00eancia e honestidade.<\/p>\n<p>Editado em cacha alta para permitir a leitura independente por parte de jovens leitores.<\/p>\n<p>Ideal para trabalho de flu\u00eancia e treino de leitura em cap\u00edtulos pequenos.<\/p>\n<p>Livro em pdf. N\u00e3o h\u00e1 entrega de produtos f\u00edsicos.<\/p>\n","protected":false},"excerpt":{"rendered":"<p>Autor Jo\u00e3o Kopke &nbsp; Livro com pequenos contos de fundo moral com \u00eanfase na dilig\u00eancia, obedi\u00eancia e honestidade. Editado em cacha alta para permitir a leitura independente por parte de jovens leitores. Ideal para trabalho de flu\u00eancia e treino de leitura em cap\u00edtulos pequenos. Livro em pdf. N\u00e3o h\u00e1 entrega de produtos f\u00edsicos.<\/p>\n","protected":false},"featured_media":1531,"comment_status":"closed","ping_status":"closed","template":"","meta":{"site-sidebar-layout":"default","site-content-layout":"default","ast-global-header-display":"","ast-main-header-display":"","ast-hfb-above-header-display":"","ast-hfb-below-header-display":"","ast-hfb-mobile-header-display":"","site-post-title":"","ast-breadcrumbs-content":"","ast-featured-img":"","footer-sml-layout":"","theme-transparent-header-meta":"default","adv-header-id-meta":"","stick-header-meta":"","header-above-stick-meta":"","header-main-stick-meta":"","header-below-stick-meta":""},"product_cat":[42],"product_tag":[],"class_list":{"0":"post-1530","1":"product","2":"type-product","3":"status-publish","4":"has-post-thumbnail","6":"product_cat-sem-categoria","7":"desktop-align-left","8":"tablet-align-left","9":"mobile-align-left","11":"first","12":"instock","13":"shipping-taxable","14":"product-type-external"},"yoast_head":"<!-- This site is optimized with the Yoast SEO plugin v23.5 - https:\/\/yoast.com\/wordpress\/plugins\/seo\/ -->\n<title>Hist\u00f3rias de Crian\u00e7as e Animais pdf - Caminho Vivo<\/title>\n<meta name=\"robots\" content=\"index, follow, max-snippet:-1, max-image-preview:large, max-video-preview:-1\" \/>\n<link rel=\"canonical\" href=\"https:\/\/caminhovivo.com\/index.php\/produto\/historias-de-criancas-e-animais-pdf\/\" \/>\n<meta property=\"og:locale\" content=\"pt_BR\" \/>\n<meta property=\"og:type\" content=\"article\" \/>\n<meta property=\"og:title\" content=\"Hist\u00f3rias de Crian\u00e7as e Animais pdf - Caminho Vivo\" \/>\n<meta property=\"og:description\" content=\"Autor Jo\u00e3o Kopke &nbsp; Livro com pequenos contos de fundo moral com \u00eanfase na dilig\u00eancia, obedi\u00eancia e honestidade. Editado em cacha alta para permitir a leitura independente por parte de jovens leitores. Ideal para trabalho de flu\u00eancia e treino de leitura em cap\u00edtulos pequenos. Livro em pdf. N\u00e3o h\u00e1 entrega de produtos f\u00edsicos.\" \/>\n<meta property=\"og:url\" content=\"https:\/\/caminhovivo.com\/index.php\/produto\/historias-de-criancas-e-animais-pdf\/\" \/>\n<meta property=\"og:site_name\" content=\"Caminho Vivo\" \/>\n<meta property=\"article:modified_time\" content=\"2024-08-23T23:57:43+00:00\" \/>\n<meta property=\"og:image\" content=\"https:\/\/caminhovivo.com\/wp-content\/uploads\/2023\/08\/Historias-de-Criancas-e-Animais-2-e1690912261880.png\" \/>\n\t<meta property=\"og:image:width\" content=\"1095\" \/>\n\t<meta property=\"og:image:height\" content=\"1200\" \/>\n\t<meta property=\"og:image:type\" content=\"image\/png\" \/>\n<meta name=\"twitter:card\" content=\"summary_large_image\" \/>\n<script type=\"application\/ld+json\" class=\"yoast-schema-graph\">{\"@context\":\"https:\/\/schema.org\",\"@graph\":[{\"@type\":\"WebPage\",\"@id\":\"https:\/\/caminhovivo.com\/index.php\/produto\/historias-de-criancas-e-animais-pdf\/\",\"url\":\"https:\/\/caminhovivo.com\/index.php\/produto\/historias-de-criancas-e-animais-pdf\/\",\"name\":\"Hist\u00f3rias de Crian\u00e7as e Animais pdf - Caminho Vivo\",\"isPartOf\":{\"@id\":\"https:\/\/caminhovivo.com\/#website\"},\"primaryImageOfPage\":{\"@id\":\"https:\/\/caminhovivo.com\/index.php\/produto\/historias-de-criancas-e-animais-pdf\/#primaryimage\"},\"image\":{\"@id\":\"https:\/\/caminhovivo.com\/index.php\/produto\/historias-de-criancas-e-animais-pdf\/#primaryimage\"},\"thumbnailUrl\":\"https:\/\/caminhovivo.com\/wp-content\/uploads\/2023\/08\/Historias-de-Criancas-e-Animais-2-e1690912261880.png\",\"datePublished\":\"2023-08-01T17:49:02+00:00\",\"dateModified\":\"2024-08-23T23:57:43+00:00\",\"breadcrumb\":{\"@id\":\"https:\/\/caminhovivo.com\/index.php\/produto\/historias-de-criancas-e-animais-pdf\/#breadcrumb\"},\"inLanguage\":\"pt-BR\",\"potentialAction\":[{\"@type\":\"ReadAction\",\"target\":[\"https:\/\/caminhovivo.com\/index.php\/produto\/historias-de-criancas-e-animais-pdf\/\"]}]},{\"@type\":\"ImageObject\",\"inLanguage\":\"pt-BR\",\"@id\":\"https:\/\/caminhovivo.com\/index.php\/produto\/historias-de-criancas-e-animais-pdf\/#primaryimage\",\"url\":\"https:\/\/caminhovivo.com\/wp-content\/uploads\/2023\/08\/Historias-de-Criancas-e-Animais-2-e1690912261880.png\",\"contentUrl\":\"https:\/\/caminhovivo.com\/wp-content\/uploads\/2023\/08\/Historias-de-Criancas-e-Animais-2-e1690912261880.png\",\"width\":1095,\"height\":1200},{\"@type\":\"BreadcrumbList\",\"@id\":\"https:\/\/caminhovivo.com\/index.php\/produto\/historias-de-criancas-e-animais-pdf\/#breadcrumb\",\"itemListElement\":[{\"@type\":\"ListItem\",\"position\":1,\"name\":\"In\u00edcio\",\"item\":\"https:\/\/caminhovivo.com\/\"},{\"@type\":\"ListItem\",\"position\":2,\"name\":\"Loja\",\"item\":\"https:\/\/caminhovivo.com\/index.php\/loja\/\"},{\"@type\":\"ListItem\",\"position\":3,\"name\":\"Hist\u00f3rias de Crian\u00e7as e Animais pdf\"}]},{\"@type\":\"WebSite\",\"@id\":\"https:\/\/caminhovivo.com\/#website\",\"url\":\"https:\/\/caminhovivo.com\/\",\"name\":\"Caminho Vivo\",\"description\":\"Curr\u00edculo para Educa\u00e7\u00e3o Domiciliar\",\"publisher\":{\"@id\":\"https:\/\/caminhovivo.com\/#organization\"},\"potentialAction\":[{\"@type\":\"SearchAction\",\"target\":{\"@type\":\"EntryPoint\",\"urlTemplate\":\"https:\/\/caminhovivo.com\/?s={search_term_string}\"},\"query-input\":{\"@type\":\"PropertyValueSpecification\",\"valueRequired\":true,\"valueName\":\"search_term_string\"}}],\"inLanguage\":\"pt-BR\"},{\"@type\":\"Organization\",\"@id\":\"https:\/\/caminhovivo.com\/#organization\",\"name\":\"Caminho Vivo\",\"url\":\"https:\/\/caminhovivo.com\/\",\"logo\":{\"@type\":\"ImageObject\",\"inLanguage\":\"pt-BR\",\"@id\":\"https:\/\/caminhovivo.com\/#\/schema\/logo\/image\/\",\"url\":\"https:\/\/caminhovivo.com\/wp-content\/uploads\/2024\/01\/HOMESCHOOL-3.png\",\"contentUrl\":\"https:\/\/caminhovivo.com\/wp-content\/uploads\/2024\/01\/HOMESCHOOL-3.png\",\"width\":2000,\"height\":1333,\"caption\":\"Caminho Vivo\"},\"image\":{\"@id\":\"https:\/\/caminhovivo.com\/#\/schema\/logo\/image\/\"}}]}<\/script>\n<!-- \/ Yoast SEO plugin. -->","yoast_head_json":{"title":"Hist\u00f3rias de Crian\u00e7as e Animais pdf - Caminho Vivo","robots":{"index":"index","follow":"follow","max-snippet":"max-snippet:-1","max-image-preview":"max-image-preview:large","max-video-preview":"max-video-preview:-1"},"canonical":"https:\/\/caminhovivo.com\/index.php\/produto\/historias-de-criancas-e-animais-pdf\/","og_locale":"pt_BR","og_type":"article","og_title":"Hist\u00f3rias de Crian\u00e7as e Animais pdf - Caminho Vivo","og_description":"Autor Jo\u00e3o Kopke &nbsp; Livro com pequenos contos de fundo moral com \u00eanfase na dilig\u00eancia, obedi\u00eancia e honestidade. Editado em cacha alta para permitir a leitura independente por parte de jovens leitores. Ideal para trabalho de flu\u00eancia e treino de leitura em cap\u00edtulos pequenos. Livro em pdf. N\u00e3o h\u00e1 entrega de produtos f\u00edsicos.","og_url":"https:\/\/caminhovivo.com\/index.php\/produto\/historias-de-criancas-e-animais-pdf\/","og_site_name":"Caminho Vivo","article_modified_time":"2024-08-23T23:57:43+00:00","og_image":[{"width":1095,"height":1200,"url":"https:\/\/caminhovivo.com\/wp-content\/uploads\/2023\/08\/Historias-de-Criancas-e-Animais-2-e1690912261880.png","type":"image\/png"}],"twitter_card":"summary_large_image","schema":{"@context":"https:\/\/schema.org","@graph":[{"@type":"WebPage","@id":"https:\/\/caminhovivo.com\/index.php\/produto\/historias-de-criancas-e-animais-pdf\/","url":"https:\/\/caminhovivo.com\/index.php\/produto\/historias-de-criancas-e-animais-pdf\/","name":"Hist\u00f3rias de Crian\u00e7as e Animais pdf - Caminho Vivo","isPartOf":{"@id":"https:\/\/caminhovivo.com\/#website"},"primaryImageOfPage":{"@id":"https:\/\/caminhovivo.com\/index.php\/produto\/historias-de-criancas-e-animais-pdf\/#primaryimage"},"image":{"@id":"https:\/\/caminhovivo.com\/index.php\/produto\/historias-de-criancas-e-animais-pdf\/#primaryimage"},"thumbnailUrl":"https:\/\/caminhovivo.com\/wp-content\/uploads\/2023\/08\/Historias-de-Criancas-e-Animais-2-e1690912261880.png","datePublished":"2023-08-01T17:49:02+00:00","dateModified":"2024-08-23T23:57:43+00:00","breadcrumb":{"@id":"https:\/\/caminhovivo.com\/index.php\/produto\/historias-de-criancas-e-animais-pdf\/#breadcrumb"},"inLanguage":"pt-BR","potentialAction":[{"@type":"ReadAction","target":["https:\/\/caminhovivo.com\/index.php\/produto\/historias-de-criancas-e-animais-pdf\/"]}]},{"@type":"ImageObject","inLanguage":"pt-BR","@id":"https:\/\/caminhovivo.com\/index.php\/produto\/historias-de-criancas-e-animais-pdf\/#primaryimage","url":"https:\/\/caminhovivo.com\/wp-content\/uploads\/2023\/08\/Historias-de-Criancas-e-Animais-2-e1690912261880.png","contentUrl":"https:\/\/caminhovivo.com\/wp-content\/uploads\/2023\/08\/Historias-de-Criancas-e-Animais-2-e1690912261880.png","width":1095,"height":1200},{"@type":"BreadcrumbList","@id":"https:\/\/caminhovivo.com\/index.php\/produto\/historias-de-criancas-e-animais-pdf\/#breadcrumb","itemListElement":[{"@type":"ListItem","position":1,"name":"In\u00edcio","item":"https:\/\/caminhovivo.com\/"},{"@type":"ListItem","position":2,"name":"Loja","item":"https:\/\/caminhovivo.com\/index.php\/loja\/"},{"@type":"ListItem","position":3,"name":"Hist\u00f3rias de Crian\u00e7as e Animais pdf"}]},{"@type":"WebSite","@id":"https:\/\/caminhovivo.com\/#website","url":"https:\/\/caminhovivo.com\/","name":"Caminho Vivo","description":"Curr\u00edculo para Educa\u00e7\u00e3o Domiciliar","publisher":{"@id":"https:\/\/caminhovivo.com\/#organization"},"potentialAction":[{"@type":"SearchAction","target":{"@type":"EntryPoint","urlTemplate":"https:\/\/caminhovivo.com\/?s={search_term_string}"},"query-input":{"@type":"PropertyValueSpecification","valueRequired":true,"valueName":"search_term_string"}}],"inLanguage":"pt-BR"},{"@type":"Organization","@id":"https:\/\/caminhovivo.com\/#organization","name":"Caminho Vivo","url":"https:\/\/caminhovivo.com\/","logo":{"@type":"ImageObject","inLanguage":"pt-BR","@id":"https:\/\/caminhovivo.com\/#\/schema\/logo\/image\/","url":"https:\/\/caminhovivo.com\/wp-content\/uploads\/2024\/01\/HOMESCHOOL-3.png","contentUrl":"https:\/\/caminhovivo.com\/wp-content\/uploads\/2024\/01\/HOMESCHOOL-3.png","width":2000,"height":1333,"caption":"Caminho Vivo"},"image":{"@id":"https:\/\/caminhovivo.com\/#\/schema\/logo\/image\/"}}]}},"_links":{"self":[{"href":"https:\/\/caminhovivo.com\/index.php\/wp-json\/wp\/v2\/product\/1530"}],"collection":[{"href":"https:\/\/caminhovivo.com\/index.php\/wp-json\/wp\/v2\/product"}],"about":[{"href":"https:\/\/caminhovivo.com\/index.php\/wp-json\/wp\/v2\/types\/product"}],"replies":[{"embeddable":true,"href":"https:\/\/caminhovivo.com\/index.php\/wp-json\/wp\/v2\/comments?post=1530"}],"wp:featuredmedia":[{"embeddable":true,"href":"https:\/\/caminhovivo.com\/index.php\/wp-json\/wp\/v2\/media\/1531"}],"wp:attachment":[{"href":"https:\/\/caminhovivo.com\/index.php\/wp-json\/wp\/v2\/media?parent=1530"}],"wp:term":[{"taxonomy":"product_cat","embeddable":true,"href":"https:\/\/caminhovivo.com\/index.php\/wp-json\/wp\/v2\/product_cat?post=1530"},{"taxonomy":"product_tag","embeddable":true,"href":"https:\/\/caminhovivo.com\/index.php\/wp-json\/wp\/v2\/product_tag?post=1530"}],"curies":[{"name":"wp","href":"https:\/\/api.w.org\/{rel}","templated":true}]}}