{"id":328,"date":"2020-12-03T08:44:12","date_gmt":"2020-12-03T11:44:12","guid":{"rendered":"http:\/\/caminhovivo.com\/?page_id=328"},"modified":"2022-09-07T20:13:30","modified_gmt":"2022-09-07T23:13:30","slug":"anos-7-e-8","status":"publish","type":"page","link":"https:\/\/caminhovivo.com\/index.php\/anos-7-e-8\/","title":{"rendered":"Anos 7 e 8"},"content":{"rendered":"\n<p>Anos 7 e 8<\/p>\n\n\n\n<h4 class=\"wp-block-heading\">B\u00cdBLIA<\/h4>\n\n\n\n<h4 class=\"wp-block-heading\">CATECISMO<\/h4>\n\n\n\n<h4 class=\"wp-block-heading\">HIST\u00d3RIA DO BRASIL<\/h4>\n\n\n\n<p>Estudo cronol\u00f3gico da hist\u00f3ria do Brasil (Imp\u00e9rio e Rep\u00fablica)<\/p>\n\n\n\n<p>Biografias do per\u00edodo estudado<\/p>\n\n\n\n<h4 class=\"wp-block-heading\">HIST\u00d3RIA DE PORTUGAL<\/h4>\n\n\n\n<p>Mesmo per\u00edodo estudado em Hist\u00f3ria do Brasil<\/p>\n\n\n\n<h4 class=\"wp-block-heading\">HIST\u00d3RIA ANTIGA<\/h4>\n\n\n\n<p>Hist\u00f3rias das Civiliza\u00e7\u00f5es<\/p>\n\n\n\n<h4 class=\"wp-block-heading\">Livro dos S\u00e9culos<\/h4>\n\n\n\n<p>Coloque em um caderno ilustra\u00e7\u00f5es que simbolizem a hist\u00f3ria estudada, dividindo por s\u00e9culos, para todas a linhas estudadas e Biblia.<\/p>\n\n\n\n<h4 class=\"wp-block-heading\">CIDADANIA<\/h4>\n\n\n\n<p>Vidas de Plutarco: uma por termo<\/p>\n\n\n\n<p>Nossos corpos, nossas almas, Charlotte Mason (<a href=\"http:\/\/charlottemasonpoetry.org\/nossos-corpos-nossas-almas\/\">Livro 1<\/a>)<\/p>\n\n\n\n<p>Livros sobre Cidadania <\/p>\n\n\n\n<h4 class=\"wp-block-heading\">LITERATURA<\/h4>\n\n\n\n<p>Hist\u00f3ria da Literatura Brasileira<\/p>\n\n\n\n<p>Romance hist\u00f3rico &#8211; acompanha o per\u00edodo estudado em Hist\u00f3ria<\/p>\n\n\n\n<p>Cl\u00e1ssicos da Literatura<\/p>\n\n\n\n<p>Os Lus\u00edadas<\/p>\n\n\n\n<p>Shakespeare: uma pe\u00e7a por termo<\/p>\n\n\n\n<p>Obras cl\u00e1ssicas<\/p>\n\n\n\n<p>Mitologia<\/p>\n\n\n\n<p>Poesia<\/p>\n\n\n\n<p>Leituras livres (a noite e nas f\u00e9rias)<\/p>\n\n\n\n<h4 class=\"wp-block-heading\">GRAM\u00c1TICA DA L\u00cdNGUA PORTUGUESA<\/h4>\n\n\n\n<h4 class=\"wp-block-heading\">LATIM<\/h4>\n\n\n\n<h4 class=\"wp-block-heading\">C\u00d3PIA<\/h4>\n\n\n\n<p>Selecione trechos para c\u00f3pia dos livros das demais li\u00e7\u00f5es.<\/p>\n\n\n\n<h4 class=\"wp-block-heading\">REDA\u00c7\u00c3O<\/h4>\n\n\n\n<p>Narra\u00e7\u00f5es escritas e orais di\u00e1rias.<\/p>\n\n\n\n<p>Composi\u00e7\u00e3o: ler sobre Literatura, eventualidades ou algum evento hist\u00f3rico em um dia e escrever sobre em outro dia (por exemplo, ler na ter\u00e7a e escrever na quinta)<\/p>\n\n\n\n<h4 class=\"wp-block-heading\">DITADO<\/h4>\n\n\n\n<h4 class=\"wp-block-heading\">RECITA\u00c7\u00c3O:<\/h4>\n\n\n\n<p>Poesia (12 a 20 linhas por trimestre)<\/p>\n\n\n\n<p>Os Lus\u00edadas (10 a 20 linhas por trimestre)<\/p>\n\n\n\n<p>Uma cena de Shakespeare (10 a 15 linhas por trimestre) &#8211; opcional<\/p>\n\n\n\n<p>Hinos  (2 por trimestre)<\/p>\n\n\n\n<p>B\u00edblia (10 a 20 vers\u00edculos por trimestre)<\/p>\n\n\n\n<h4 class=\"wp-block-heading\">GEOGRAFIA<\/h4>\n\n\n\n<p>Pa\u00edses da Am\u00e9rica em detalhes, Guerras Brasileiras e Contos sobre viagens<\/p>\n\n\n\n<p>Quest\u00f5es sobre mapas: A cada leitura realizada responda quest\u00f5es sobre os pa\u00edses ou regi\u00f5es citados, ou rotas realizadas e sobre geografia f\u00edsica.<\/p>\n\n\n\n<p>Desenho de mapas.<\/p>\n\n\n\n<p>Geografia f\u00edsica<\/p>\n\n\n\n<p>Leituras sobre lugares de eventos atuais<\/p>\n\n\n\n<h4 class=\"wp-block-heading\">CI\u00caNCIAS:<\/h4>\n\n\n\n<p>Bot\u00e2nica, Biologia e Fisiologia<\/p>\n\n\n\n<p>Estudo da Natureza e Li\u00e7\u00f5es objetivas<\/p>\n\n\n\n<p>Mantenha um Di\u00e1rio da Natureza<\/p>\n\n\n\n<p>Estudos Especiais<\/p>\n\n\n\n<p>Experimentos cient\u00edficos.<\/p>\n\n\n\n<h4 class=\"wp-block-heading\">MATEM\u00c1TICA<\/h4>\n\n\n\n<p>Aritm\u00e9tica<\/p>\n\n\n\n<p>Geometria<\/p>\n\n\n\n<p>\u00c1lgebra<\/p>\n\n\n\n<h4 class=\"wp-block-heading\">INGL\u00caS<\/h4>\n\n\n\n<p>Leituras, narra\u00e7\u00e3o e recita\u00e7\u00e3o de poemas<\/p>\n\n\n\n<p>Gram\u00e1tica da lingua inglesa<\/p>\n\n\n\n<h4 class=\"wp-block-heading\">ESPANHOL OU OUTRA LINGUA ESTRANGEIRA<\/h4>\n\n\n\n<h4 class=\"wp-block-heading\">M\u00daSICA<\/h4>\n\n\n\n<p>Estudo do Compositor &#8211; aprecia\u00e7\u00e3o musical<\/p>\n\n\n\n<p>Canto<\/p>\n\n\n\n<ul class=\"wp-block-list\"><li>3 can\u00e7\u00f5es em ingl\u00eas<\/li><li>3 can\u00e7\u00f5es portugu\u00eas<\/li><\/ul>\n\n\n\n<p>Leituras adicionais em m\u00fasica: Biografias (opcional)<\/p>\n\n\n\n<p>Pr\u00e1tica de instrumento musical<\/p>\n\n\n\n<h4 class=\"wp-block-heading\">ESTUDO DO ARTISTA (1 VEZ NA SEMANA)<\/h4>\n\n\n\n<p>Leituras Adicionais em Arte : biografias (opcional)<\/p>\n\n\n\n<h4 class=\"wp-block-heading\">DESENHO E PINTURA<\/h4>\n\n\n\n<p>Cenas da literatura, objetos, desenho de mem\u00f3ria de fotos estudadas do artista do termo.<\/p>\n\n\n\n<h4 class=\"wp-block-heading\">PR\u00c1TICA DESPORTIVA E DAN\u00c7A FOLCL\u00d3RICA REGIONAL<\/h4>\n\n\n\n<h4 class=\"wp-block-heading\">TRABALHOS MANUAIS<\/h4>\n","protected":false},"excerpt":{"rendered":"<p>Anos 7 e 8 B\u00cdBLIA CATECISMO HIST\u00d3RIA DO BRASIL Estudo cronol\u00f3gico da hist\u00f3ria do Brasil (Imp\u00e9rio e Rep\u00fablica) Biografias do per\u00edodo estudado HIST\u00d3RIA DE PORTUGAL Mesmo per\u00edodo estudado em Hist\u00f3ria do Brasil HIST\u00d3RIA ANTIGA Hist\u00f3rias das Civiliza\u00e7\u00f5es Livro dos S\u00e9culos Coloque em um caderno ilustra\u00e7\u00f5es que simbolizem a hist\u00f3ria estudada, dividindo por s\u00e9culos, para todas &hellip;<\/p>\n<p class=\"read-more\"> <a class=\"\" href=\"https:\/\/caminhovivo.com\/index.php\/anos-7-e-8\/\"> <span class=\"screen-reader-text\">Anos 7 e 8<\/span> Leia mais &raquo;<\/a><\/p>\n","protected":false},"author":1,"featured_media":0,"parent":0,"menu_order":0,"comment_status":"closed","ping_status":"closed","template":"","meta":{"site-sidebar-layout":"default","site-content-layout":"default","ast-global-header-display":"","ast-main-header-display":"","ast-hfb-above-header-display":"","ast-hfb-below-header-display":"","ast-hfb-mobile-header-display":"","site-post-title":"","ast-breadcrumbs-content":"","ast-featured-img":"","footer-sml-layout":"","theme-transparent-header-meta":"","adv-header-id-meta":"","stick-header-meta":"","header-above-stick-meta":"","header-main-stick-meta":"","header-below-stick-meta":"","footnotes":""},"class_list":["post-328","page","type-page","status-publish","hentry"],"yoast_head":"<!-- This site is optimized with the Yoast SEO plugin v23.5 - https:\/\/yoast.com\/wordpress\/plugins\/seo\/ -->\n<title>Anos 7 e 8 - Caminho Vivo<\/title>\n<meta name=\"robots\" content=\"index, follow, max-snippet:-1, max-image-preview:large, max-video-preview:-1\" \/>\n<link rel=\"canonical\" href=\"https:\/\/caminhovivo.com\/index.php\/anos-7-e-8\/\" \/>\n<meta property=\"og:locale\" content=\"pt_BR\" \/>\n<meta property=\"og:type\" content=\"article\" \/>\n<meta property=\"og:title\" content=\"Anos 7 e 8 - Caminho Vivo\" \/>\n<meta property=\"og:description\" content=\"Anos 7 e 8 B\u00cdBLIA CATECISMO HIST\u00d3RIA DO BRASIL Estudo cronol\u00f3gico da hist\u00f3ria do Brasil (Imp\u00e9rio e Rep\u00fablica) Biografias do per\u00edodo estudado HIST\u00d3RIA DE PORTUGAL Mesmo per\u00edodo estudado em Hist\u00f3ria do Brasil HIST\u00d3RIA ANTIGA Hist\u00f3rias das Civiliza\u00e7\u00f5es Livro dos S\u00e9culos Coloque em um caderno ilustra\u00e7\u00f5es que simbolizem a hist\u00f3ria estudada, dividindo por s\u00e9culos, para todas &hellip; Anos 7 e 8 Leia mais &raquo;\" \/>\n<meta property=\"og:url\" content=\"https:\/\/caminhovivo.com\/index.php\/anos-7-e-8\/\" \/>\n<meta property=\"og:site_name\" content=\"Caminho Vivo\" \/>\n<meta property=\"article:modified_time\" content=\"2022-09-07T23:13:30+00:00\" \/>\n<meta name=\"twitter:card\" content=\"summary_large_image\" \/>\n<meta name=\"twitter:label1\" content=\"Est. tempo de leitura\" \/>\n\t<meta name=\"twitter:data1\" content=\"2 minutos\" \/>\n<script type=\"application\/ld+json\" class=\"yoast-schema-graph\">{\"@context\":\"https:\/\/schema.org\",\"@graph\":[{\"@type\":\"WebPage\",\"@id\":\"https:\/\/caminhovivo.com\/index.php\/anos-7-e-8\/\",\"url\":\"https:\/\/caminhovivo.com\/index.php\/anos-7-e-8\/\",\"name\":\"Anos 7 e 8 - Caminho Vivo\",\"isPartOf\":{\"@id\":\"https:\/\/caminhovivo.com\/#website\"},\"datePublished\":\"2020-12-03T11:44:12+00:00\",\"dateModified\":\"2022-09-07T23:13:30+00:00\",\"breadcrumb\":{\"@id\":\"https:\/\/caminhovivo.com\/index.php\/anos-7-e-8\/#breadcrumb\"},\"inLanguage\":\"pt-BR\",\"potentialAction\":[{\"@type\":\"ReadAction\",\"target\":[\"https:\/\/caminhovivo.com\/index.php\/anos-7-e-8\/\"]}]},{\"@type\":\"BreadcrumbList\",\"@id\":\"https:\/\/caminhovivo.com\/index.php\/anos-7-e-8\/#breadcrumb\",\"itemListElement\":[{\"@type\":\"ListItem\",\"position\":1,\"name\":\"In\u00edcio\",\"item\":\"https:\/\/caminhovivo.com\/\"},{\"@type\":\"ListItem\",\"position\":2,\"name\":\"Anos 7 e 8\"}]},{\"@type\":\"WebSite\",\"@id\":\"https:\/\/caminhovivo.com\/#website\",\"url\":\"https:\/\/caminhovivo.com\/\",\"name\":\"Caminho Vivo\",\"description\":\"Curr\u00edculo para Educa\u00e7\u00e3o Domiciliar\",\"publisher\":{\"@id\":\"https:\/\/caminhovivo.com\/#organization\"},\"potentialAction\":[{\"@type\":\"SearchAction\",\"target\":{\"@type\":\"EntryPoint\",\"urlTemplate\":\"https:\/\/caminhovivo.com\/?s={search_term_string}\"},\"query-input\":{\"@type\":\"PropertyValueSpecification\",\"valueRequired\":true,\"valueName\":\"search_term_string\"}}],\"inLanguage\":\"pt-BR\"},{\"@type\":\"Organization\",\"@id\":\"https:\/\/caminhovivo.com\/#organization\",\"name\":\"Caminho Vivo\",\"url\":\"https:\/\/caminhovivo.com\/\",\"logo\":{\"@type\":\"ImageObject\",\"inLanguage\":\"pt-BR\",\"@id\":\"https:\/\/caminhovivo.com\/#\/schema\/logo\/image\/\",\"url\":\"https:\/\/caminhovivo.com\/wp-content\/uploads\/2024\/01\/HOMESCHOOL-3.png\",\"contentUrl\":\"https:\/\/caminhovivo.com\/wp-content\/uploads\/2024\/01\/HOMESCHOOL-3.png\",\"width\":2000,\"height\":1333,\"caption\":\"Caminho Vivo\"},\"image\":{\"@id\":\"https:\/\/caminhovivo.com\/#\/schema\/logo\/image\/\"}}]}<\/script>\n<!-- \/ Yoast SEO plugin. -->","yoast_head_json":{"title":"Anos 7 e 8 - Caminho Vivo","robots":{"index":"index","follow":"follow","max-snippet":"max-snippet:-1","max-image-preview":"max-image-preview:large","max-video-preview":"max-video-preview:-1"},"canonical":"https:\/\/caminhovivo.com\/index.php\/anos-7-e-8\/","og_locale":"pt_BR","og_type":"article","og_title":"Anos 7 e 8 - Caminho Vivo","og_description":"Anos 7 e 8 B\u00cdBLIA CATECISMO HIST\u00d3RIA DO BRASIL Estudo cronol\u00f3gico da hist\u00f3ria do Brasil (Imp\u00e9rio e Rep\u00fablica) Biografias do per\u00edodo estudado HIST\u00d3RIA DE PORTUGAL Mesmo per\u00edodo estudado em Hist\u00f3ria do Brasil HIST\u00d3RIA ANTIGA Hist\u00f3rias das Civiliza\u00e7\u00f5es Livro dos S\u00e9culos Coloque em um caderno ilustra\u00e7\u00f5es que simbolizem a hist\u00f3ria estudada, dividindo por s\u00e9culos, para todas &hellip; Anos 7 e 8 Leia mais &raquo;","og_url":"https:\/\/caminhovivo.com\/index.php\/anos-7-e-8\/","og_site_name":"Caminho Vivo","article_modified_time":"2022-09-07T23:13:30+00:00","twitter_card":"summary_large_image","twitter_misc":{"Est. tempo de leitura":"2 minutos"},"schema":{"@context":"https:\/\/schema.org","@graph":[{"@type":"WebPage","@id":"https:\/\/caminhovivo.com\/index.php\/anos-7-e-8\/","url":"https:\/\/caminhovivo.com\/index.php\/anos-7-e-8\/","name":"Anos 7 e 8 - Caminho Vivo","isPartOf":{"@id":"https:\/\/caminhovivo.com\/#website"},"datePublished":"2020-12-03T11:44:12+00:00","dateModified":"2022-09-07T23:13:30+00:00","breadcrumb":{"@id":"https:\/\/caminhovivo.com\/index.php\/anos-7-e-8\/#breadcrumb"},"inLanguage":"pt-BR","potentialAction":[{"@type":"ReadAction","target":["https:\/\/caminhovivo.com\/index.php\/anos-7-e-8\/"]}]},{"@type":"BreadcrumbList","@id":"https:\/\/caminhovivo.com\/index.php\/anos-7-e-8\/#breadcrumb","itemListElement":[{"@type":"ListItem","position":1,"name":"In\u00edcio","item":"https:\/\/caminhovivo.com\/"},{"@type":"ListItem","position":2,"name":"Anos 7 e 8"}]},{"@type":"WebSite","@id":"https:\/\/caminhovivo.com\/#website","url":"https:\/\/caminhovivo.com\/","name":"Caminho Vivo","description":"Curr\u00edculo para Educa\u00e7\u00e3o Domiciliar","publisher":{"@id":"https:\/\/caminhovivo.com\/#organization"},"potentialAction":[{"@type":"SearchAction","target":{"@type":"EntryPoint","urlTemplate":"https:\/\/caminhovivo.com\/?s={search_term_string}"},"query-input":{"@type":"PropertyValueSpecification","valueRequired":true,"valueName":"search_term_string"}}],"inLanguage":"pt-BR"},{"@type":"Organization","@id":"https:\/\/caminhovivo.com\/#organization","name":"Caminho Vivo","url":"https:\/\/caminhovivo.com\/","logo":{"@type":"ImageObject","inLanguage":"pt-BR","@id":"https:\/\/caminhovivo.com\/#\/schema\/logo\/image\/","url":"https:\/\/caminhovivo.com\/wp-content\/uploads\/2024\/01\/HOMESCHOOL-3.png","contentUrl":"https:\/\/caminhovivo.com\/wp-content\/uploads\/2024\/01\/HOMESCHOOL-3.png","width":2000,"height":1333,"caption":"Caminho Vivo"},"image":{"@id":"https:\/\/caminhovivo.com\/#\/schema\/logo\/image\/"}}]}},"_links":{"self":[{"href":"https:\/\/caminhovivo.com\/index.php\/wp-json\/wp\/v2\/pages\/328"}],"collection":[{"href":"https:\/\/caminhovivo.com\/index.php\/wp-json\/wp\/v2\/pages"}],"about":[{"href":"https:\/\/caminhovivo.com\/index.php\/wp-json\/wp\/v2\/types\/page"}],"author":[{"embeddable":true,"href":"https:\/\/caminhovivo.com\/index.php\/wp-json\/wp\/v2\/users\/1"}],"replies":[{"embeddable":true,"href":"https:\/\/caminhovivo.com\/index.php\/wp-json\/wp\/v2\/comments?post=328"}],"version-history":[{"count":10,"href":"https:\/\/caminhovivo.com\/index.php\/wp-json\/wp\/v2\/pages\/328\/revisions"}],"predecessor-version":[{"id":555,"href":"https:\/\/caminhovivo.com\/index.php\/wp-json\/wp\/v2\/pages\/328\/revisions\/555"}],"wp:attachment":[{"href":"https:\/\/caminhovivo.com\/index.php\/wp-json\/wp\/v2\/media?parent=328"}],"curies":[{"name":"wp","href":"https:\/\/api.w.org\/{rel}","templated":true}]}}