{"id":317,"date":"2020-09-03T15:07:24","date_gmt":"2020-09-03T18:07:24","guid":{"rendered":"http:\/\/caminhovivo.com\/?page_id=317"},"modified":"2021-07-22T11:21:52","modified_gmt":"2021-07-22T14:21:52","slug":"consultoria","status":"publish","type":"page","link":"https:\/\/caminhovivo.com\/index.php\/consultoria\/","title":{"rendered":"Consultoria"},"content":{"rendered":"\n<p>A inten\u00e7\u00e3o do Guia Caminho Vivo \u00e9 fornecer a voc\u00ea as ferramentas necess\u00e1rias \u00e0 constru\u00e7\u00e3o de um curr\u00edculo para seu filho de forma gratuita.<\/p>\n\n\n\n<p>Contudo se voc\u00ea desejar, ou precisar, posso oferecer a voc\u00ea uma consultoria personalizada e individual, com base nos m\u00e9todos e princ\u00edpios proposto por Charlotte Mason. Nessa consulta posso ajudar com a escolha dos livros, tirar d\u00favidas sobre a rotina di\u00e1ria ou sobre o m\u00e9todo das li\u00e7\u00f5es.<\/p>\n\n\n\n<p>A consultoria \u00e9 realizada por v\u00eddeo-chamada em tr\u00eas momentos: uma conversa inicial para apresenta\u00e7\u00e3o e informa\u00e7\u00f5es sobre a crian\u00e7a, seus estudos at\u00e9 o momento, objetivos e dificuldades; uma segunda conversa para eu apresentar o curr\u00edculo personalizado criado para a crian\u00e7a, com orienta\u00e7\u00f5es, dicas e sugest\u00f5es; e uma terceira conversa ap\u00f3s tr\u00eas meses para acompanhamento, novas orienta\u00e7\u00f5es e resolu\u00e7\u00e3o de dificuldades, caso haja.<\/p>\n\n\n\n<p>O plano curricular individual inclui a recomenda\u00e7\u00e3o de livros para o per\u00edodo de um ano letivo para uma (01) crian\u00e7a. <\/p>\n\n\n\n<p>O valor da consultoria \u00e9 R$1369,00 (mil trezentos e sessenta e nove reais).<\/p>\n\n\n\n<p>Cancelamentos, remarca\u00e7\u00f5es e devolu\u00e7\u00f5es ser\u00e3o analisados e discutidos individualmente.<\/p>\n\n\n\n<p>Preencha o formul\u00e1rio abaixo e voc\u00ea receber\u00e1 um e-mail informando a pr\u00f3xima data dispon\u00edvel para consulta e informa\u00e7\u00f5es referentes ao pagamento. Os dados informados n\u00e3o ser\u00e3o divulgados em outros locais.<\/p>\n\n\n\n\n\n<p><\/p>\n","protected":false},"excerpt":{"rendered":"<p>A inten\u00e7\u00e3o do Guia Caminho Vivo \u00e9 fornecer a voc\u00ea as ferramentas necess\u00e1rias \u00e0 constru\u00e7\u00e3o de um curr\u00edculo para seu filho de forma gratuita. Contudo se voc\u00ea desejar, ou precisar, posso oferecer a voc\u00ea uma consultoria personalizada e individual, com base nos m\u00e9todos e princ\u00edpios proposto por Charlotte Mason. Nessa consulta posso ajudar com a &hellip;<\/p>\n<p class=\"read-more\"> <a class=\"\" href=\"https:\/\/caminhovivo.com\/index.php\/consultoria\/\"> <span class=\"screen-reader-text\">Consultoria<\/span> Leia mais &raquo;<\/a><\/p>\n","protected":false},"author":1,"featured_media":0,"parent":0,"menu_order":0,"comment_status":"closed","ping_status":"closed","template":"","meta":{"site-sidebar-layout":"default","site-content-layout":"default","ast-global-header-display":"","ast-main-header-display":"","ast-hfb-above-header-display":"","ast-hfb-below-header-display":"","ast-hfb-mobile-header-display":"","site-post-title":"","ast-breadcrumbs-content":"","ast-featured-img":"","footer-sml-layout":"","theme-transparent-header-meta":"","adv-header-id-meta":"","stick-header-meta":"","header-above-stick-meta":"","header-main-stick-meta":"","header-below-stick-meta":"","footnotes":""},"class_list":["post-317","page","type-page","status-publish","hentry"],"yoast_head":"<!-- This site is optimized with the Yoast SEO plugin v23.5 - https:\/\/yoast.com\/wordpress\/plugins\/seo\/ -->\n<title>Consultoria - Caminho Vivo<\/title>\n<meta name=\"robots\" content=\"index, follow, max-snippet:-1, max-image-preview:large, max-video-preview:-1\" \/>\n<link rel=\"canonical\" href=\"https:\/\/caminhovivo.com\/index.php\/consultoria\/\" \/>\n<meta property=\"og:locale\" content=\"pt_BR\" \/>\n<meta property=\"og:type\" content=\"article\" \/>\n<meta property=\"og:title\" content=\"Consultoria - Caminho Vivo\" \/>\n<meta property=\"og:description\" content=\"A inten\u00e7\u00e3o do Guia Caminho Vivo \u00e9 fornecer a voc\u00ea as ferramentas necess\u00e1rias \u00e0 constru\u00e7\u00e3o de um curr\u00edculo para seu filho de forma gratuita. Contudo se voc\u00ea desejar, ou precisar, posso oferecer a voc\u00ea uma consultoria personalizada e individual, com base nos m\u00e9todos e princ\u00edpios proposto por Charlotte Mason. Nessa consulta posso ajudar com a &hellip; Consultoria Leia mais &raquo;\" \/>\n<meta property=\"og:url\" content=\"https:\/\/caminhovivo.com\/index.php\/consultoria\/\" \/>\n<meta property=\"og:site_name\" content=\"Caminho Vivo\" \/>\n<meta property=\"article:modified_time\" content=\"2021-07-22T14:21:52+00:00\" \/>\n<meta name=\"twitter:card\" content=\"summary_large_image\" \/>\n<meta name=\"twitter:label1\" content=\"Est. tempo de leitura\" \/>\n\t<meta name=\"twitter:data1\" content=\"1 minuto\" \/>\n<script type=\"application\/ld+json\" class=\"yoast-schema-graph\">{\"@context\":\"https:\/\/schema.org\",\"@graph\":[{\"@type\":\"WebPage\",\"@id\":\"https:\/\/caminhovivo.com\/index.php\/consultoria\/\",\"url\":\"https:\/\/caminhovivo.com\/index.php\/consultoria\/\",\"name\":\"Consultoria - Caminho Vivo\",\"isPartOf\":{\"@id\":\"https:\/\/caminhovivo.com\/#website\"},\"datePublished\":\"2020-09-03T18:07:24+00:00\",\"dateModified\":\"2021-07-22T14:21:52+00:00\",\"breadcrumb\":{\"@id\":\"https:\/\/caminhovivo.com\/index.php\/consultoria\/#breadcrumb\"},\"inLanguage\":\"pt-BR\",\"potentialAction\":[{\"@type\":\"ReadAction\",\"target\":[\"https:\/\/caminhovivo.com\/index.php\/consultoria\/\"]}]},{\"@type\":\"BreadcrumbList\",\"@id\":\"https:\/\/caminhovivo.com\/index.php\/consultoria\/#breadcrumb\",\"itemListElement\":[{\"@type\":\"ListItem\",\"position\":1,\"name\":\"In\u00edcio\",\"item\":\"https:\/\/caminhovivo.com\/\"},{\"@type\":\"ListItem\",\"position\":2,\"name\":\"Consultoria\"}]},{\"@type\":\"WebSite\",\"@id\":\"https:\/\/caminhovivo.com\/#website\",\"url\":\"https:\/\/caminhovivo.com\/\",\"name\":\"Caminho Vivo\",\"description\":\"Curr\u00edculo para Educa\u00e7\u00e3o Domiciliar\",\"publisher\":{\"@id\":\"https:\/\/caminhovivo.com\/#organization\"},\"potentialAction\":[{\"@type\":\"SearchAction\",\"target\":{\"@type\":\"EntryPoint\",\"urlTemplate\":\"https:\/\/caminhovivo.com\/?s={search_term_string}\"},\"query-input\":{\"@type\":\"PropertyValueSpecification\",\"valueRequired\":true,\"valueName\":\"search_term_string\"}}],\"inLanguage\":\"pt-BR\"},{\"@type\":\"Organization\",\"@id\":\"https:\/\/caminhovivo.com\/#organization\",\"name\":\"Caminho Vivo\",\"url\":\"https:\/\/caminhovivo.com\/\",\"logo\":{\"@type\":\"ImageObject\",\"inLanguage\":\"pt-BR\",\"@id\":\"https:\/\/caminhovivo.com\/#\/schema\/logo\/image\/\",\"url\":\"https:\/\/caminhovivo.com\/wp-content\/uploads\/2024\/01\/HOMESCHOOL-3.png\",\"contentUrl\":\"https:\/\/caminhovivo.com\/wp-content\/uploads\/2024\/01\/HOMESCHOOL-3.png\",\"width\":2000,\"height\":1333,\"caption\":\"Caminho Vivo\"},\"image\":{\"@id\":\"https:\/\/caminhovivo.com\/#\/schema\/logo\/image\/\"}}]}<\/script>\n<!-- \/ Yoast SEO plugin. -->","yoast_head_json":{"title":"Consultoria - Caminho Vivo","robots":{"index":"index","follow":"follow","max-snippet":"max-snippet:-1","max-image-preview":"max-image-preview:large","max-video-preview":"max-video-preview:-1"},"canonical":"https:\/\/caminhovivo.com\/index.php\/consultoria\/","og_locale":"pt_BR","og_type":"article","og_title":"Consultoria - Caminho Vivo","og_description":"A inten\u00e7\u00e3o do Guia Caminho Vivo \u00e9 fornecer a voc\u00ea as ferramentas necess\u00e1rias \u00e0 constru\u00e7\u00e3o de um curr\u00edculo para seu filho de forma gratuita. Contudo se voc\u00ea desejar, ou precisar, posso oferecer a voc\u00ea uma consultoria personalizada e individual, com base nos m\u00e9todos e princ\u00edpios proposto por Charlotte Mason. Nessa consulta posso ajudar com a &hellip; Consultoria Leia mais &raquo;","og_url":"https:\/\/caminhovivo.com\/index.php\/consultoria\/","og_site_name":"Caminho Vivo","article_modified_time":"2021-07-22T14:21:52+00:00","twitter_card":"summary_large_image","twitter_misc":{"Est. tempo de leitura":"1 minuto"},"schema":{"@context":"https:\/\/schema.org","@graph":[{"@type":"WebPage","@id":"https:\/\/caminhovivo.com\/index.php\/consultoria\/","url":"https:\/\/caminhovivo.com\/index.php\/consultoria\/","name":"Consultoria - Caminho Vivo","isPartOf":{"@id":"https:\/\/caminhovivo.com\/#website"},"datePublished":"2020-09-03T18:07:24+00:00","dateModified":"2021-07-22T14:21:52+00:00","breadcrumb":{"@id":"https:\/\/caminhovivo.com\/index.php\/consultoria\/#breadcrumb"},"inLanguage":"pt-BR","potentialAction":[{"@type":"ReadAction","target":["https:\/\/caminhovivo.com\/index.php\/consultoria\/"]}]},{"@type":"BreadcrumbList","@id":"https:\/\/caminhovivo.com\/index.php\/consultoria\/#breadcrumb","itemListElement":[{"@type":"ListItem","position":1,"name":"In\u00edcio","item":"https:\/\/caminhovivo.com\/"},{"@type":"ListItem","position":2,"name":"Consultoria"}]},{"@type":"WebSite","@id":"https:\/\/caminhovivo.com\/#website","url":"https:\/\/caminhovivo.com\/","name":"Caminho Vivo","description":"Curr\u00edculo para Educa\u00e7\u00e3o Domiciliar","publisher":{"@id":"https:\/\/caminhovivo.com\/#organization"},"potentialAction":[{"@type":"SearchAction","target":{"@type":"EntryPoint","urlTemplate":"https:\/\/caminhovivo.com\/?s={search_term_string}"},"query-input":{"@type":"PropertyValueSpecification","valueRequired":true,"valueName":"search_term_string"}}],"inLanguage":"pt-BR"},{"@type":"Organization","@id":"https:\/\/caminhovivo.com\/#organization","name":"Caminho Vivo","url":"https:\/\/caminhovivo.com\/","logo":{"@type":"ImageObject","inLanguage":"pt-BR","@id":"https:\/\/caminhovivo.com\/#\/schema\/logo\/image\/","url":"https:\/\/caminhovivo.com\/wp-content\/uploads\/2024\/01\/HOMESCHOOL-3.png","contentUrl":"https:\/\/caminhovivo.com\/wp-content\/uploads\/2024\/01\/HOMESCHOOL-3.png","width":2000,"height":1333,"caption":"Caminho Vivo"},"image":{"@id":"https:\/\/caminhovivo.com\/#\/schema\/logo\/image\/"}}]}},"_links":{"self":[{"href":"https:\/\/caminhovivo.com\/index.php\/wp-json\/wp\/v2\/pages\/317"}],"collection":[{"href":"https:\/\/caminhovivo.com\/index.php\/wp-json\/wp\/v2\/pages"}],"about":[{"href":"https:\/\/caminhovivo.com\/index.php\/wp-json\/wp\/v2\/types\/page"}],"author":[{"embeddable":true,"href":"https:\/\/caminhovivo.com\/index.php\/wp-json\/wp\/v2\/users\/1"}],"replies":[{"embeddable":true,"href":"https:\/\/caminhovivo.com\/index.php\/wp-json\/wp\/v2\/comments?post=317"}],"version-history":[{"count":4,"href":"https:\/\/caminhovivo.com\/index.php\/wp-json\/wp\/v2\/pages\/317\/revisions"}],"predecessor-version":[{"id":488,"href":"https:\/\/caminhovivo.com\/index.php\/wp-json\/wp\/v2\/pages\/317\/revisions\/488"}],"wp:attachment":[{"href":"https:\/\/caminhovivo.com\/index.php\/wp-json\/wp\/v2\/media?parent=317"}],"curies":[{"name":"wp","href":"https:\/\/api.w.org\/{rel}","templated":true}]}}