{"id":2182,"date":"2024-09-12T00:08:52","date_gmt":"2024-09-12T03:08:52","guid":{"rendered":"https:\/\/caminhovivo.com\/?page_id=2182"},"modified":"2024-09-12T00:55:19","modified_gmt":"2024-09-12T03:55:19","slug":"ano-7","status":"publish","type":"page","link":"https:\/\/caminhovivo.com\/index.php\/ano-7\/","title":{"rendered":"Ano 7"},"content":{"rendered":"\t\t<div data-elementor-type=\"wp-page\" data-elementor-id=\"2182\" class=\"elementor elementor-2182\">\n\t\t\t\t\t\t<section class=\"elementor-section elementor-top-section elementor-element elementor-element-82ad760 elementor-section-boxed elementor-section-height-default elementor-section-height-default\" data-id=\"82ad760\" data-element_type=\"section\">\n\t\t\t\t\t\t<div class=\"elementor-container elementor-column-gap-default\">\n\t\t\t\t\t<div class=\"elementor-column elementor-col-100 elementor-top-column elementor-element elementor-element-b9d826f\" data-id=\"b9d826f\" data-element_type=\"column\">\n\t\t\t<div class=\"elementor-widget-wrap elementor-element-populated\">\n\t\t\t\t\t\t<div class=\"elementor-element elementor-element-24ef3c3 elementor-widget elementor-widget-heading\" data-id=\"24ef3c3\" data-element_type=\"widget\" data-widget_type=\"heading.default\">\n\t\t\t\t<div class=\"elementor-widget-container\">\n\t\t\t\t\t<h1 class=\"elementor-heading-title elementor-size-default\">Ano 7<\/h1>\t\t\t\t<\/div>\n\t\t\t\t<\/div>\n\t\t\t\t\t<\/div>\n\t\t<\/div>\n\t\t\t\t\t<\/div>\n\t\t<\/section>\n\t\t\t\t<section class=\"elementor-section elementor-top-section elementor-element elementor-element-1d2e96d elementor-section-boxed elementor-section-height-default elementor-section-height-default\" data-id=\"1d2e96d\" data-element_type=\"section\">\n\t\t\t\t\t\t<div class=\"elementor-container elementor-column-gap-default\">\n\t\t\t\t\t<div class=\"elementor-column elementor-col-100 elementor-top-column elementor-element elementor-element-41b5601\" data-id=\"41b5601\" data-element_type=\"column\" data-settings=\"{&quot;background_background&quot;:&quot;classic&quot;}\">\n\t\t\t<div class=\"elementor-widget-wrap elementor-element-populated\">\n\t\t\t\t\t\t<section class=\"elementor-section elementor-inner-section elementor-element elementor-element-79ffb32 elementor-section-boxed elementor-section-height-default elementor-section-height-default\" data-id=\"79ffb32\" data-element_type=\"section\">\n\t\t\t\t\t\t<div class=\"elementor-container elementor-column-gap-default\">\n\t\t\t\t\t<div class=\"elementor-column elementor-col-33 elementor-inner-column elementor-element elementor-element-3b5c954\" data-id=\"3b5c954\" data-element_type=\"column\">\n\t\t\t<div class=\"elementor-widget-wrap elementor-element-populated\">\n\t\t\t\t\t\t<div class=\"elementor-element elementor-element-9904118 elementor-widget__width-initial elementor-widget elementor-widget-text-editor\" data-id=\"9904118\" data-element_type=\"widget\" data-widget_type=\"text-editor.default\">\n\t\t\t\t<div class=\"elementor-widget-container\">\n\t\t\t\t\t\t\t\t\t<p>O ano 7 corresponde ao s\u00e9timo ano do ensino fundamental e \u00e9 indicado para crian\u00e7as de 12 anos de idade.<\/p><p>Os ano 7 e 8 compreendiam no curr\u00edculo escolar de Charlotte Mason o formul\u00e1rio (ou n\u00edvel) 3.<\/p><p>As crian\u00e7as chegam \u00e0 adolesc\u00eancia e come\u00e7am a colher os frutos dos h\u00e1bitos cultivados. A aten\u00e7\u00e3o pode ser mantida em aulas mais longas (at\u00e9 45 minutos) e o trabalho \u00e9 diligente.<\/p><p>Quanto aos assuntos, as novidades s\u00e3o: leitura e recita\u00e7\u00e3o de Euclides, uma segunda l\u00edngua estrangeira e o aprofundamento no trabalho de mapas, com uma li\u00e7\u00e3o apenas para este fim.<\/p><p>\u00a0<\/p>\t\t\t\t\t\t\t\t<\/div>\n\t\t\t\t<\/div>\n\t\t\t\t\t<\/div>\n\t\t<\/div>\n\t\t\t\t<div class=\"elementor-column elementor-col-33 elementor-inner-column elementor-element elementor-element-3726f21\" data-id=\"3726f21\" data-element_type=\"column\">\n\t\t\t<div class=\"elementor-widget-wrap\">\n\t\t\t\t\t\t\t<\/div>\n\t\t<\/div>\n\t\t\t\t<div class=\"elementor-column elementor-col-33 elementor-inner-column elementor-element elementor-element-73ecf0e\" data-id=\"73ecf0e\" data-element_type=\"column\">\n\t\t\t<div class=\"elementor-widget-wrap elementor-element-populated\">\n\t\t\t\t\t\t<div class=\"elementor-element elementor-element-c0f8b03 elementor-widget__width-initial elementor-widget elementor-widget-image\" data-id=\"c0f8b03\" data-element_type=\"widget\" data-widget_type=\"image.default\">\n\t\t\t\t<div class=\"elementor-widget-container\">\n\t\t\t\t\t\t\t\t\t\t\t\t\t\t\t<img fetchpriority=\"high\" decoding=\"async\" width=\"1298\" height=\"1536\" src=\"https:\/\/caminhovivo.com\/wp-content\/uploads\/2024\/09\/Napoleon-Crossing-Alps-Jacques-Louis-David-1800-1298x1536.webp\" class=\"attachment-1536x1536 size-1536x1536 wp-image-2183\" alt=\"\" srcset=\"https:\/\/caminhovivo.com\/wp-content\/uploads\/2024\/09\/Napoleon-Crossing-Alps-Jacques-Louis-David-1800-1298x1536.webp 1298w, https:\/\/caminhovivo.com\/wp-content\/uploads\/2024\/09\/Napoleon-Crossing-Alps-Jacques-Louis-David-1800-254x300.webp 254w, https:\/\/caminhovivo.com\/wp-content\/uploads\/2024\/09\/Napoleon-Crossing-Alps-Jacques-Louis-David-1800-865x1024.webp 865w, https:\/\/caminhovivo.com\/wp-content\/uploads\/2024\/09\/Napoleon-Crossing-Alps-Jacques-Louis-David-1800-768x909.webp 768w, https:\/\/caminhovivo.com\/wp-content\/uploads\/2024\/09\/Napoleon-Crossing-Alps-Jacques-Louis-David-1800-600x710.webp 600w, https:\/\/caminhovivo.com\/wp-content\/uploads\/2024\/09\/Napoleon-Crossing-Alps-Jacques-Louis-David-1800.webp 1352w\" sizes=\"(max-width: 1298px) 100vw, 1298px\" \/>\t\t\t\t\t\t\t\t\t\t\t\t\t\t\t<\/div>\n\t\t\t\t<\/div>\n\t\t\t\t\t<\/div>\n\t\t<\/div>\n\t\t\t\t\t<\/div>\n\t\t<\/section>\n\t\t\t\t\t<\/div>\n\t\t<\/div>\n\t\t\t\t\t<\/div>\n\t\t<\/section>\n\t\t\t\t<section class=\"elementor-section elementor-top-section elementor-element elementor-element-3956e2c elementor-section-boxed elementor-section-height-default elementor-section-height-default\" data-id=\"3956e2c\" data-element_type=\"section\">\n\t\t\t\t\t\t<div class=\"elementor-container elementor-column-gap-default\">\n\t\t\t\t\t<div class=\"elementor-column elementor-col-100 elementor-top-column elementor-element elementor-element-e6db3a3\" data-id=\"e6db3a3\" data-element_type=\"column\">\n\t\t\t<div class=\"elementor-widget-wrap\">\n\t\t\t\t\t\t\t<\/div>\n\t\t<\/div>\n\t\t\t\t\t<\/div>\n\t\t<\/section>\n\t\t\t\t<section class=\"elementor-section elementor-top-section elementor-element elementor-element-091345c elementor-section-boxed elementor-section-height-default elementor-section-height-default\" data-id=\"091345c\" data-element_type=\"section\">\n\t\t\t\t\t\t<div class=\"elementor-container elementor-column-gap-default\">\n\t\t\t\t\t<div class=\"elementor-column elementor-col-100 elementor-top-column elementor-element elementor-element-9e8ba09\" data-id=\"9e8ba09\" data-element_type=\"column\" data-settings=\"{&quot;background_background&quot;:&quot;classic&quot;}\">\n\t\t\t<div class=\"elementor-widget-wrap elementor-element-populated\">\n\t\t\t\t\t\t<div class=\"elementor-element elementor-element-e69460e elementor-widget elementor-widget-heading\" data-id=\"e69460e\" data-element_type=\"widget\" data-widget_type=\"heading.default\">\n\t\t\t\t<div class=\"elementor-widget-container\">\n\t\t\t\t\t<h2 class=\"elementor-heading-title elementor-size-default\">Vis\u00e3o Geral<\/h2>\t\t\t\t<\/div>\n\t\t\t\t<\/div>\n\t\t\t\t<section class=\"elementor-section elementor-inner-section elementor-element elementor-element-f53e971 elementor-section-boxed elementor-section-height-default elementor-section-height-default\" data-id=\"f53e971\" data-element_type=\"section\">\n\t\t\t\t\t\t<div class=\"elementor-container elementor-column-gap-default\">\n\t\t\t\t\t<div class=\"elementor-column elementor-col-50 elementor-inner-column elementor-element elementor-element-e39ecde\" data-id=\"e39ecde\" data-element_type=\"column\">\n\t\t\t<div class=\"elementor-widget-wrap elementor-element-populated\">\n\t\t\t\t\t\t<div class=\"elementor-element elementor-element-0cc2343 elementor-widget elementor-widget-heading\" data-id=\"0cc2343\" data-element_type=\"widget\" data-widget_type=\"heading.default\">\n\t\t\t\t<div class=\"elementor-widget-container\">\n\t\t\t\t\t<h2 class=\"elementor-heading-title elementor-size-default\">Cada coluna corresponde a um trimestre de aulas<\/h2>\t\t\t\t<\/div>\n\t\t\t\t<\/div>\n\t\t\t\t\t<\/div>\n\t\t<\/div>\n\t\t\t\t<div class=\"elementor-column elementor-col-50 elementor-inner-column elementor-element elementor-element-808f80d\" data-id=\"808f80d\" data-element_type=\"column\">\n\t\t\t<div class=\"elementor-widget-wrap\">\n\t\t\t\t\t\t\t<\/div>\n\t\t<\/div>\n\t\t\t\t\t<\/div>\n\t\t<\/section>\n\t\t\t\t<div class=\"elementor-element elementor-element-c04d929 elementor-widget__width-initial elementor-widget elementor-widget-text-editor\" data-id=\"c04d929\" data-element_type=\"widget\" data-widget_type=\"text-editor.default\">\n\t\t\t\t<div class=\"elementor-widget-container\">\n\t\t\t\t\t\t\t\t\t<table><tbody><tr><td width=\"142\"><p>B\u00edblia<\/p><\/td><td width=\"142\"><p>Salmos<\/p><p>1 Cor\u00edntios<\/p><\/td><td width=\"142\"><p>Salmos<\/p><p>2 Cor\u00edntios<\/p><\/td><td width=\"142\"><p>Salmos<\/p><p>G\u00e1latas<\/p><\/td><\/tr><tr><td width=\"142\"><p>Biografias<\/p><\/td><td width=\"142\"><p>Vidas de Mission\u00e1rios<\/p><\/td><td width=\"142\"><p>Vidas de Mission\u00e1rios<\/p><\/td><td width=\"142\"><p>Vidas de Mission\u00e1rios<\/p><\/td><\/tr><tr><td width=\"142\"><p>Hist\u00f3ria<\/p><\/td><td width=\"142\"><p>Brasil &#8211; Imp\u00e9rio<\/p><p>Idade Moderna<\/p><\/td><td width=\"142\"><p>Brasil &#8211; Imp\u00e9rio<\/p><p>Idade Moderna<\/p><\/td><td width=\"142\">Brasil &#8211; Imp\u00e9rio<br \/>Idade Moderna<\/td><\/tr><tr><td width=\"142\"><p>Cidadania<\/p><\/td><td width=\"142\"><p>Plutarco<\/p><p>Cidadania<\/p><\/td><td width=\"142\"><p>Plutarco<\/p><p>Cidadania<\/p><\/td><td width=\"142\"><p>Plutarco<\/p><p>Cidadania<\/p><\/td><\/tr><tr><td width=\"142\"><p>Linguagem e literatura<\/p><\/td><td width=\"142\"><p>A literatura segue o per\u00edodo hist\u00f3rico estudado<\/p><p>Hist\u00f3ria da literatura<\/p><p>Recita\u00e7\u00e3o de trechos b\u00edblicos, poemas e trechos de livros<\/p><p>Gram\u00e1tica<\/p><p>Ditado<\/p><p>Reda\u00e7\u00e3o<\/p><\/td><td width=\"142\"><p>A literatura segue o per\u00edodo hist\u00f3rico estudado<\/p><p>Hist\u00f3ria da Literatura<\/p><p>Recita\u00e7\u00e3o de trechos b\u00edblicos, poemas e trechos de livros<\/p><p>Gram\u00e1tica<\/p><p>Ditado<\/p><p>Reda\u00e7\u00e3o<\/p><\/td><td width=\"142\"><p>A literatura segue o per\u00edodo hist\u00f3rico estudado<\/p><p>Hist\u00f3ria da Literatura<\/p><p>Recita\u00e7\u00e3o de trechos b\u00edblicos, poemas e trechos de livros<br \/>Gram\u00e1tica<\/p><p>Ditado<\/p><p>Reda\u00e7\u00e3o<\/p><\/td><\/tr><tr><td width=\"142\"><p>Ci\u00eancias<\/p><\/td><td width=\"142\"><p>Corpo Humano<\/p><p>M\u00e1quinas e inven\u00e7\u00f5es\u00a0\u00a0<\/p><p>Experi\u00eancias<\/p><\/td><td width=\"142\"><p>Corpo Humano e sa\u00fade<\/p><p>Geologia &#8211; Vulc\u00f5es e terremotos<\/p><p>Experi\u00eancias<\/p><\/td><td width=\"142\"><p>Bot\u00e2nica<\/p><p>F\u00edsica &#8211; energia t\u00e9rmica<\/p><p>Experi\u00eancias<\/p><\/td><\/tr><tr><td width=\"142\"><p>Geografia<\/p><\/td><td width=\"142\">Am\u00e9rica<\/td><td width=\"142\"><p>Am\u00e9rica<\/p><\/td><td width=\"142\"><p>Am\u00e9rica<\/p><\/td><\/tr><tr><td width=\"142\"><p>M\u00fasica<\/p><\/td><td width=\"142\"><p>Vida e obra de Franz Lizt<\/p><\/td><td width=\"142\"><p>Vida e obra de Tchaikovsky<\/p><\/td><td width=\"142\"><p>Vida e obra de Richard Strauss<\/p><\/td><\/tr><tr><td width=\"142\"><p>Artes<\/p><\/td><td width=\"142\"><p>Vida e obra de Jacques-Louis David<\/p><\/td><td width=\"142\"><p>Vida e obra de Jean-Fran\u00e7ois Millet<\/p><\/td><td width=\"142\"><p>Vida e obra de Pedro Am\u00e9rico<\/p><\/td><\/tr><tr><td width=\"142\"><p>Matem\u00e1tica<\/p><\/td><td width=\"142\"><p>As li\u00e7\u00f5es podem variar conforme o material escolhido<\/p><p>Euclides<\/p><\/td><td width=\"142\"><p>As li\u00e7\u00f5es podem variar conforme o material escolhido<\/p><p>Euclides<\/p><\/td><td width=\"142\"><p>As li\u00e7\u00f5es podem variar conforme o material escolhido<\/p><p>Euclides<\/p><\/td><\/tr><tr><td width=\"142\"><p>L\u00ednguas estrangeiras<\/p><\/td><td width=\"142\"><p>Gram\u00e1tica do Ingl\u00eas<br \/>Latim<\/p><p>Espanhol<\/p><\/td><td width=\"142\"><p>Gram\u00e1tica do Ingl\u00eas<br \/>Latim<\/p><p>Espanhol<\/p><\/td><td width=\"142\"><p>Gram\u00e1tica do Ingl\u00eas<br \/>Latim<\/p><p>Espanhol<\/p><\/td><\/tr><\/tbody><\/table>\t\t\t\t\t\t\t\t<\/div>\n\t\t\t\t<\/div>\n\t\t\t\t\t<\/div>\n\t\t<\/div>\n\t\t\t\t\t<\/div>\n\t\t<\/section>\n\t\t\t\t<section class=\"elementor-section elementor-top-section elementor-element elementor-element-cc23b3a elementor-section-boxed elementor-section-height-default elementor-section-height-default\" data-id=\"cc23b3a\" data-element_type=\"section\">\n\t\t\t\t\t\t<div class=\"elementor-container elementor-column-gap-default\">\n\t\t\t\t\t<div class=\"elementor-column elementor-col-100 elementor-top-column elementor-element elementor-element-9735d90\" data-id=\"9735d90\" data-element_type=\"column\">\n\t\t\t<div class=\"elementor-widget-wrap elementor-element-populated\">\n\t\t\t\t\t\t<div class=\"elementor-element elementor-element-98cd718 elementor-widget-divider--view-line_icon elementor-view-default elementor-widget-divider--element-align-center elementor-widget elementor-widget-divider\" data-id=\"98cd718\" data-element_type=\"widget\" data-widget_type=\"divider.default\">\n\t\t\t\t<div class=\"elementor-widget-container\">\n\t\t\t\t\t\t\t<div class=\"elementor-divider\">\n\t\t\t<span class=\"elementor-divider-separator\">\n\t\t\t\t\t\t\t<div class=\"elementor-icon elementor-divider__element\">\n\t\t\t\t\t<i aria-hidden=\"true\" class=\"fas fa-tree\"><\/i><\/div>\n\t\t\t\t\t\t<\/span>\n\t\t<\/div>\n\t\t\t\t\t\t<\/div>\n\t\t\t\t<\/div>\n\t\t\t\t<div class=\"elementor-element elementor-element-58b3eaa elementor-align-center elementor-widget__width-inherit elementor-widget elementor-widget-button\" data-id=\"58b3eaa\" data-element_type=\"widget\" data-widget_type=\"button.default\">\n\t\t\t\t<div class=\"elementor-widget-container\">\n\t\t\t\t\t\t\t\t\t<div class=\"elementor-button-wrapper\">\n\t\t\t\t\t<a class=\"elementor-button elementor-button-link elementor-size-md\" href=\"https:\/\/caminhovivo.com\/index.php\/area-dos-pais\/\">\n\t\t\t\t\t\t<span class=\"elementor-button-content-wrapper\">\n\t\t\t\t\t\t\t\t\t<span class=\"elementor-button-text\">Indica\u00e7\u00f5es de livros<\/span>\n\t\t\t\t\t<\/span>\n\t\t\t\t\t<\/a>\n\t\t\t\t<\/div>\n\t\t\t\t\t\t\t\t<\/div>\n\t\t\t\t<\/div>\n\t\t\t\t\t<\/div>\n\t\t<\/div>\n\t\t\t\t\t<\/div>\n\t\t<\/section>\n\t\t\t\t<\/div>\n\t\t","protected":false},"excerpt":{"rendered":"<p>Ano 7 O ano 7 corresponde ao s\u00e9timo ano do ensino fundamental e \u00e9 indicado para crian\u00e7as de 12 anos de idade. Os ano 7 e 8 compreendiam no curr\u00edculo escolar de Charlotte Mason o formul\u00e1rio (ou n\u00edvel) 3. As crian\u00e7as chegam \u00e0 adolesc\u00eancia e come\u00e7am a colher os frutos dos h\u00e1bitos cultivados. A aten\u00e7\u00e3o &hellip;<\/p>\n<p class=\"read-more\"> <a class=\"\" href=\"https:\/\/caminhovivo.com\/index.php\/ano-7\/\"> <span class=\"screen-reader-text\">Ano 7<\/span> Leia mais &raquo;<\/a><\/p>\n","protected":false},"author":1,"featured_media":0,"parent":0,"menu_order":0,"comment_status":"closed","ping_status":"closed","template":"","meta":{"site-sidebar-layout":"no-sidebar","site-content-layout":"page-builder","ast-global-header-display":"","ast-main-header-display":"","ast-hfb-above-header-display":"","ast-hfb-below-header-display":"","ast-hfb-mobile-header-display":"","site-post-title":"disabled","ast-breadcrumbs-content":"","ast-featured-img":"disabled","footer-sml-layout":"","theme-transparent-header-meta":"","adv-header-id-meta":"","stick-header-meta":"","header-above-stick-meta":"","header-main-stick-meta":"","header-below-stick-meta":"","footnotes":""},"class_list":["post-2182","page","type-page","status-publish","hentry"],"yoast_head":"<!-- This site is optimized with the Yoast SEO plugin v23.5 - https:\/\/yoast.com\/wordpress\/plugins\/seo\/ -->\n<title>Ano 7 - Caminho Vivo<\/title>\n<meta name=\"robots\" content=\"index, follow, max-snippet:-1, max-image-preview:large, max-video-preview:-1\" \/>\n<link rel=\"canonical\" href=\"https:\/\/caminhovivo.com\/index.php\/ano-7\/\" \/>\n<meta property=\"og:locale\" content=\"pt_BR\" \/>\n<meta property=\"og:type\" content=\"article\" \/>\n<meta property=\"og:title\" content=\"Ano 7 - Caminho Vivo\" \/>\n<meta property=\"og:description\" content=\"Ano 7 O ano 7 corresponde ao s\u00e9timo ano do ensino fundamental e \u00e9 indicado para crian\u00e7as de 12 anos de idade. Os ano 7 e 8 compreendiam no curr\u00edculo escolar de Charlotte Mason o formul\u00e1rio (ou n\u00edvel) 3. As crian\u00e7as chegam \u00e0 adolesc\u00eancia e come\u00e7am a colher os frutos dos h\u00e1bitos cultivados. A aten\u00e7\u00e3o &hellip; Ano 7 Leia mais &raquo;\" \/>\n<meta property=\"og:url\" content=\"https:\/\/caminhovivo.com\/index.php\/ano-7\/\" \/>\n<meta property=\"og:site_name\" content=\"Caminho Vivo\" \/>\n<meta property=\"article:modified_time\" content=\"2024-09-12T03:55:19+00:00\" \/>\n<meta property=\"og:image\" content=\"http:\/\/caminhovivo.com\/wp-content\/uploads\/2024\/09\/Napoleon-Crossing-Alps-Jacques-Louis-David-1800-1298x1536.webp\" \/>\n<meta name=\"twitter:card\" content=\"summary_large_image\" \/>\n<meta name=\"twitter:label1\" content=\"Est. tempo de leitura\" \/>\n\t<meta name=\"twitter:data1\" content=\"2 minutos\" \/>\n<script type=\"application\/ld+json\" class=\"yoast-schema-graph\">{\"@context\":\"https:\/\/schema.org\",\"@graph\":[{\"@type\":\"WebPage\",\"@id\":\"https:\/\/caminhovivo.com\/index.php\/ano-7\/\",\"url\":\"https:\/\/caminhovivo.com\/index.php\/ano-7\/\",\"name\":\"Ano 7 - Caminho Vivo\",\"isPartOf\":{\"@id\":\"https:\/\/caminhovivo.com\/#website\"},\"primaryImageOfPage\":{\"@id\":\"https:\/\/caminhovivo.com\/index.php\/ano-7\/#primaryimage\"},\"image\":{\"@id\":\"https:\/\/caminhovivo.com\/index.php\/ano-7\/#primaryimage\"},\"thumbnailUrl\":\"http:\/\/caminhovivo.com\/wp-content\/uploads\/2024\/09\/Napoleon-Crossing-Alps-Jacques-Louis-David-1800-1298x1536.webp\",\"datePublished\":\"2024-09-12T03:08:52+00:00\",\"dateModified\":\"2024-09-12T03:55:19+00:00\",\"breadcrumb\":{\"@id\":\"https:\/\/caminhovivo.com\/index.php\/ano-7\/#breadcrumb\"},\"inLanguage\":\"pt-BR\",\"potentialAction\":[{\"@type\":\"ReadAction\",\"target\":[\"https:\/\/caminhovivo.com\/index.php\/ano-7\/\"]}]},{\"@type\":\"ImageObject\",\"inLanguage\":\"pt-BR\",\"@id\":\"https:\/\/caminhovivo.com\/index.php\/ano-7\/#primaryimage\",\"url\":\"http:\/\/caminhovivo.com\/wp-content\/uploads\/2024\/09\/Napoleon-Crossing-Alps-Jacques-Louis-David-1800-1298x1536.webp\",\"contentUrl\":\"http:\/\/caminhovivo.com\/wp-content\/uploads\/2024\/09\/Napoleon-Crossing-Alps-Jacques-Louis-David-1800-1298x1536.webp\"},{\"@type\":\"BreadcrumbList\",\"@id\":\"https:\/\/caminhovivo.com\/index.php\/ano-7\/#breadcrumb\",\"itemListElement\":[{\"@type\":\"ListItem\",\"position\":1,\"name\":\"In\u00edcio\",\"item\":\"https:\/\/caminhovivo.com\/\"},{\"@type\":\"ListItem\",\"position\":2,\"name\":\"Ano 7\"}]},{\"@type\":\"WebSite\",\"@id\":\"https:\/\/caminhovivo.com\/#website\",\"url\":\"https:\/\/caminhovivo.com\/\",\"name\":\"Caminho Vivo\",\"description\":\"Curr\u00edculo para Educa\u00e7\u00e3o Domiciliar\",\"publisher\":{\"@id\":\"https:\/\/caminhovivo.com\/#organization\"},\"potentialAction\":[{\"@type\":\"SearchAction\",\"target\":{\"@type\":\"EntryPoint\",\"urlTemplate\":\"https:\/\/caminhovivo.com\/?s={search_term_string}\"},\"query-input\":{\"@type\":\"PropertyValueSpecification\",\"valueRequired\":true,\"valueName\":\"search_term_string\"}}],\"inLanguage\":\"pt-BR\"},{\"@type\":\"Organization\",\"@id\":\"https:\/\/caminhovivo.com\/#organization\",\"name\":\"Caminho Vivo\",\"url\":\"https:\/\/caminhovivo.com\/\",\"logo\":{\"@type\":\"ImageObject\",\"inLanguage\":\"pt-BR\",\"@id\":\"https:\/\/caminhovivo.com\/#\/schema\/logo\/image\/\",\"url\":\"https:\/\/caminhovivo.com\/wp-content\/uploads\/2024\/01\/HOMESCHOOL-3.png\",\"contentUrl\":\"https:\/\/caminhovivo.com\/wp-content\/uploads\/2024\/01\/HOMESCHOOL-3.png\",\"width\":2000,\"height\":1333,\"caption\":\"Caminho Vivo\"},\"image\":{\"@id\":\"https:\/\/caminhovivo.com\/#\/schema\/logo\/image\/\"}}]}<\/script>\n<!-- \/ Yoast SEO plugin. -->","yoast_head_json":{"title":"Ano 7 - Caminho Vivo","robots":{"index":"index","follow":"follow","max-snippet":"max-snippet:-1","max-image-preview":"max-image-preview:large","max-video-preview":"max-video-preview:-1"},"canonical":"https:\/\/caminhovivo.com\/index.php\/ano-7\/","og_locale":"pt_BR","og_type":"article","og_title":"Ano 7 - Caminho Vivo","og_description":"Ano 7 O ano 7 corresponde ao s\u00e9timo ano do ensino fundamental e \u00e9 indicado para crian\u00e7as de 12 anos de idade. Os ano 7 e 8 compreendiam no curr\u00edculo escolar de Charlotte Mason o formul\u00e1rio (ou n\u00edvel) 3. As crian\u00e7as chegam \u00e0 adolesc\u00eancia e come\u00e7am a colher os frutos dos h\u00e1bitos cultivados. A aten\u00e7\u00e3o &hellip; Ano 7 Leia mais &raquo;","og_url":"https:\/\/caminhovivo.com\/index.php\/ano-7\/","og_site_name":"Caminho Vivo","article_modified_time":"2024-09-12T03:55:19+00:00","og_image":[{"url":"http:\/\/caminhovivo.com\/wp-content\/uploads\/2024\/09\/Napoleon-Crossing-Alps-Jacques-Louis-David-1800-1298x1536.webp"}],"twitter_card":"summary_large_image","twitter_misc":{"Est. tempo de leitura":"2 minutos"},"schema":{"@context":"https:\/\/schema.org","@graph":[{"@type":"WebPage","@id":"https:\/\/caminhovivo.com\/index.php\/ano-7\/","url":"https:\/\/caminhovivo.com\/index.php\/ano-7\/","name":"Ano 7 - Caminho Vivo","isPartOf":{"@id":"https:\/\/caminhovivo.com\/#website"},"primaryImageOfPage":{"@id":"https:\/\/caminhovivo.com\/index.php\/ano-7\/#primaryimage"},"image":{"@id":"https:\/\/caminhovivo.com\/index.php\/ano-7\/#primaryimage"},"thumbnailUrl":"http:\/\/caminhovivo.com\/wp-content\/uploads\/2024\/09\/Napoleon-Crossing-Alps-Jacques-Louis-David-1800-1298x1536.webp","datePublished":"2024-09-12T03:08:52+00:00","dateModified":"2024-09-12T03:55:19+00:00","breadcrumb":{"@id":"https:\/\/caminhovivo.com\/index.php\/ano-7\/#breadcrumb"},"inLanguage":"pt-BR","potentialAction":[{"@type":"ReadAction","target":["https:\/\/caminhovivo.com\/index.php\/ano-7\/"]}]},{"@type":"ImageObject","inLanguage":"pt-BR","@id":"https:\/\/caminhovivo.com\/index.php\/ano-7\/#primaryimage","url":"http:\/\/caminhovivo.com\/wp-content\/uploads\/2024\/09\/Napoleon-Crossing-Alps-Jacques-Louis-David-1800-1298x1536.webp","contentUrl":"http:\/\/caminhovivo.com\/wp-content\/uploads\/2024\/09\/Napoleon-Crossing-Alps-Jacques-Louis-David-1800-1298x1536.webp"},{"@type":"BreadcrumbList","@id":"https:\/\/caminhovivo.com\/index.php\/ano-7\/#breadcrumb","itemListElement":[{"@type":"ListItem","position":1,"name":"In\u00edcio","item":"https:\/\/caminhovivo.com\/"},{"@type":"ListItem","position":2,"name":"Ano 7"}]},{"@type":"WebSite","@id":"https:\/\/caminhovivo.com\/#website","url":"https:\/\/caminhovivo.com\/","name":"Caminho Vivo","description":"Curr\u00edculo para Educa\u00e7\u00e3o Domiciliar","publisher":{"@id":"https:\/\/caminhovivo.com\/#organization"},"potentialAction":[{"@type":"SearchAction","target":{"@type":"EntryPoint","urlTemplate":"https:\/\/caminhovivo.com\/?s={search_term_string}"},"query-input":{"@type":"PropertyValueSpecification","valueRequired":true,"valueName":"search_term_string"}}],"inLanguage":"pt-BR"},{"@type":"Organization","@id":"https:\/\/caminhovivo.com\/#organization","name":"Caminho Vivo","url":"https:\/\/caminhovivo.com\/","logo":{"@type":"ImageObject","inLanguage":"pt-BR","@id":"https:\/\/caminhovivo.com\/#\/schema\/logo\/image\/","url":"https:\/\/caminhovivo.com\/wp-content\/uploads\/2024\/01\/HOMESCHOOL-3.png","contentUrl":"https:\/\/caminhovivo.com\/wp-content\/uploads\/2024\/01\/HOMESCHOOL-3.png","width":2000,"height":1333,"caption":"Caminho Vivo"},"image":{"@id":"https:\/\/caminhovivo.com\/#\/schema\/logo\/image\/"}}]}},"_links":{"self":[{"href":"https:\/\/caminhovivo.com\/index.php\/wp-json\/wp\/v2\/pages\/2182"}],"collection":[{"href":"https:\/\/caminhovivo.com\/index.php\/wp-json\/wp\/v2\/pages"}],"about":[{"href":"https:\/\/caminhovivo.com\/index.php\/wp-json\/wp\/v2\/types\/page"}],"author":[{"embeddable":true,"href":"https:\/\/caminhovivo.com\/index.php\/wp-json\/wp\/v2\/users\/1"}],"replies":[{"embeddable":true,"href":"https:\/\/caminhovivo.com\/index.php\/wp-json\/wp\/v2\/comments?post=2182"}],"version-history":[{"count":9,"href":"https:\/\/caminhovivo.com\/index.php\/wp-json\/wp\/v2\/pages\/2182\/revisions"}],"predecessor-version":[{"id":2207,"href":"https:\/\/caminhovivo.com\/index.php\/wp-json\/wp\/v2\/pages\/2182\/revisions\/2207"}],"wp:attachment":[{"href":"https:\/\/caminhovivo.com\/index.php\/wp-json\/wp\/v2\/media?parent=2182"}],"curies":[{"name":"wp","href":"https:\/\/api.w.org\/{rel}","templated":true}]}}