{"id":2145,"date":"2024-09-11T22:12:12","date_gmt":"2024-09-12T01:12:12","guid":{"rendered":"https:\/\/caminhovivo.com\/?page_id=2145"},"modified":"2024-09-11T23:29:59","modified_gmt":"2024-09-12T02:29:59","slug":"ano6","status":"publish","type":"page","link":"https:\/\/caminhovivo.com\/index.php\/ano6\/","title":{"rendered":"Ano 6"},"content":{"rendered":"\t\t<div data-elementor-type=\"wp-page\" data-elementor-id=\"2145\" class=\"elementor elementor-2145\">\n\t\t\t\t\t\t<section class=\"elementor-section elementor-top-section elementor-element elementor-element-5c1eeb2 elementor-section-boxed elementor-section-height-default elementor-section-height-default\" data-id=\"5c1eeb2\" data-element_type=\"section\">\n\t\t\t\t\t\t<div class=\"elementor-container elementor-column-gap-default\">\n\t\t\t\t\t<div class=\"elementor-column elementor-col-100 elementor-top-column elementor-element elementor-element-3f8ebd4\" data-id=\"3f8ebd4\" data-element_type=\"column\">\n\t\t\t<div class=\"elementor-widget-wrap elementor-element-populated\">\n\t\t\t\t\t\t<div class=\"elementor-element elementor-element-38592eb elementor-widget elementor-widget-heading\" data-id=\"38592eb\" data-element_type=\"widget\" data-widget_type=\"heading.default\">\n\t\t\t\t<div class=\"elementor-widget-container\">\n\t\t\t\t\t<h1 class=\"elementor-heading-title elementor-size-default\">Ano 6<\/h1>\t\t\t\t<\/div>\n\t\t\t\t<\/div>\n\t\t\t\t\t<\/div>\n\t\t<\/div>\n\t\t\t\t\t<\/div>\n\t\t<\/section>\n\t\t\t\t<section class=\"elementor-section elementor-top-section elementor-element elementor-element-7d43827 elementor-section-boxed elementor-section-height-default elementor-section-height-default\" data-id=\"7d43827\" data-element_type=\"section\">\n\t\t\t\t\t\t<div class=\"elementor-container elementor-column-gap-default\">\n\t\t\t\t\t<div class=\"elementor-column elementor-col-100 elementor-top-column elementor-element elementor-element-1280102\" data-id=\"1280102\" data-element_type=\"column\" data-settings=\"{&quot;background_background&quot;:&quot;classic&quot;}\">\n\t\t\t<div class=\"elementor-widget-wrap elementor-element-populated\">\n\t\t\t\t\t\t<div class=\"elementor-element elementor-element-a495979 elementor-widget__width-initial elementor-widget elementor-widget-text-editor\" data-id=\"a495979\" data-element_type=\"widget\" data-widget_type=\"text-editor.default\">\n\t\t\t\t<div class=\"elementor-widget-container\">\n\t\t\t\t\t\t\t\t\t<p>O ano 6 corresponde ao sexto ano do ensino fundamental e \u00e9 indicado para crian\u00e7as de 11 anos de idade.<\/p><p>O Ano 6 \u00e9 uma continua\u00e7\u00e3o do Ano 5, o que o torna mais tranquilo. N\u00e3o h\u00e1 grandes mudan\u00e7as para as crian\u00e7as. Elas s\u00e3o incentivadas a trabalhar de forma independente e serem respons\u00e1veis por seus deveres, hor\u00e1rios e materiais.<\/p><p>\u00a0<\/p>\t\t\t\t\t\t\t\t<\/div>\n\t\t\t\t<\/div>\n\t\t\t\t<div class=\"elementor-element elementor-element-c77262e elementor-widget__width-initial elementor-widget elementor-widget-image\" data-id=\"c77262e\" data-element_type=\"widget\" data-widget_type=\"image.default\">\n\t\t\t\t<div class=\"elementor-widget-container\">\n\t\t\t\t\t\t\t\t\t\t\t\t\t\t\t<img fetchpriority=\"high\" decoding=\"async\" width=\"1536\" height=\"1060\" src=\"https:\/\/caminhovivo.com\/wp-content\/uploads\/2024\/09\/Velazquez-las_hilanderas-1536x1060.jpg\" class=\"attachment-1536x1536 size-1536x1536 wp-image-2152\" alt=\"\" srcset=\"https:\/\/caminhovivo.com\/wp-content\/uploads\/2024\/09\/Velazquez-las_hilanderas-1536x1060.jpg 1536w, https:\/\/caminhovivo.com\/wp-content\/uploads\/2024\/09\/Velazquez-las_hilanderas-300x207.jpg 300w, https:\/\/caminhovivo.com\/wp-content\/uploads\/2024\/09\/Velazquez-las_hilanderas-1024x706.jpg 1024w, https:\/\/caminhovivo.com\/wp-content\/uploads\/2024\/09\/Velazquez-las_hilanderas-768x530.jpg 768w, https:\/\/caminhovivo.com\/wp-content\/uploads\/2024\/09\/Velazquez-las_hilanderas-2048x1413.jpg 2048w, https:\/\/caminhovivo.com\/wp-content\/uploads\/2024\/09\/Velazquez-las_hilanderas-600x414.jpg 600w\" sizes=\"(max-width: 1536px) 100vw, 1536px\" \/>\t\t\t\t\t\t\t\t\t\t\t\t\t\t\t<\/div>\n\t\t\t\t<\/div>\n\t\t\t\t\t<\/div>\n\t\t<\/div>\n\t\t\t\t\t<\/div>\n\t\t<\/section>\n\t\t\t\t<section class=\"elementor-section elementor-top-section elementor-element elementor-element-f1ace92 elementor-section-boxed elementor-section-height-default elementor-section-height-default\" data-id=\"f1ace92\" data-element_type=\"section\">\n\t\t\t\t\t\t<div class=\"elementor-container elementor-column-gap-default\">\n\t\t\t\t\t<div class=\"elementor-column elementor-col-100 elementor-top-column elementor-element elementor-element-b7c1fb0\" data-id=\"b7c1fb0\" data-element_type=\"column\">\n\t\t\t<div class=\"elementor-widget-wrap\">\n\t\t\t\t\t\t\t<\/div>\n\t\t<\/div>\n\t\t\t\t\t<\/div>\n\t\t<\/section>\n\t\t\t\t<section class=\"elementor-section elementor-top-section elementor-element elementor-element-2227558 elementor-section-boxed elementor-section-height-default elementor-section-height-default\" data-id=\"2227558\" data-element_type=\"section\">\n\t\t\t\t\t\t<div class=\"elementor-container elementor-column-gap-default\">\n\t\t\t\t\t<div class=\"elementor-column elementor-col-100 elementor-top-column elementor-element elementor-element-59d6ec9\" data-id=\"59d6ec9\" data-element_type=\"column\" data-settings=\"{&quot;background_background&quot;:&quot;classic&quot;}\">\n\t\t\t<div class=\"elementor-widget-wrap elementor-element-populated\">\n\t\t\t\t\t\t<div class=\"elementor-element elementor-element-3f57b48 elementor-widget elementor-widget-heading\" data-id=\"3f57b48\" data-element_type=\"widget\" data-widget_type=\"heading.default\">\n\t\t\t\t<div class=\"elementor-widget-container\">\n\t\t\t\t\t<h2 class=\"elementor-heading-title elementor-size-default\">Vis\u00e3o Geral<\/h2>\t\t\t\t<\/div>\n\t\t\t\t<\/div>\n\t\t\t\t<section class=\"elementor-section elementor-inner-section elementor-element elementor-element-4dffdc4 elementor-section-boxed elementor-section-height-default elementor-section-height-default\" data-id=\"4dffdc4\" data-element_type=\"section\">\n\t\t\t\t\t\t<div class=\"elementor-container elementor-column-gap-default\">\n\t\t\t\t\t<div class=\"elementor-column elementor-col-50 elementor-inner-column elementor-element elementor-element-4726b53\" data-id=\"4726b53\" data-element_type=\"column\">\n\t\t\t<div class=\"elementor-widget-wrap elementor-element-populated\">\n\t\t\t\t\t\t<div class=\"elementor-element elementor-element-a301989 elementor-widget elementor-widget-heading\" data-id=\"a301989\" data-element_type=\"widget\" data-widget_type=\"heading.default\">\n\t\t\t\t<div class=\"elementor-widget-container\">\n\t\t\t\t\t<h2 class=\"elementor-heading-title elementor-size-default\">Cada coluna corresponde a um trimestre de aulas<\/h2>\t\t\t\t<\/div>\n\t\t\t\t<\/div>\n\t\t\t\t\t<\/div>\n\t\t<\/div>\n\t\t\t\t<div class=\"elementor-column elementor-col-50 elementor-inner-column elementor-element elementor-element-444504d\" data-id=\"444504d\" data-element_type=\"column\">\n\t\t\t<div class=\"elementor-widget-wrap\">\n\t\t\t\t\t\t\t<\/div>\n\t\t<\/div>\n\t\t\t\t\t<\/div>\n\t\t<\/section>\n\t\t\t\t<div class=\"elementor-element elementor-element-d4d1716 elementor-widget elementor-widget-text-editor\" data-id=\"d4d1716\" data-element_type=\"widget\" data-widget_type=\"text-editor.default\">\n\t\t\t\t<div class=\"elementor-widget-container\">\n\t\t\t\t\t\t\t\t\t<table><tbody><tr><td width=\"142\"><p>B\u00edblia<\/p><\/td><td width=\"142\"><p>Esdras<\/p><p>Romanos<\/p><\/td><td width=\"142\"><p>Neemias e Ester<\/p><p>Romanos<\/p><\/td><td width=\"142\"><p>J\u00f3<\/p><p>Romanos<\/p><\/td><\/tr><tr><td width=\"142\"><p>Biografias<\/p><\/td><td width=\"142\"><p>Vidas de Mission\u00e1rios<\/p><\/td><td width=\"142\"><p>Vidas de Mission\u00e1rios<\/p><\/td><td width=\"142\"><p>Vidas de Mission\u00e1rios<\/p><\/td><\/tr><tr><td width=\"142\"><p>Hist\u00f3ria<\/p><\/td><td width=\"142\"><p>Brasil &#8211; Reino<\/p><p>Portugal<\/p><p>Idade M\u00e9dia<\/p><\/td><td width=\"142\"><p>Brasil &#8211; Reino<\/p><p>Portugal<\/p><p>Idade M\u00e9dia<\/p><\/td><td width=\"142\">Brasil &#8211; Reino<br \/>Portugal<br \/>Idade M\u00e9dia<\/td><\/tr><tr><td width=\"142\"><p>Cidadania<\/p><\/td><td width=\"142\"><p>Plutarco<\/p><\/td><td width=\"142\"><p>Plutarco<\/p><\/td><td width=\"142\"><p>Plutarco<\/p><\/td><\/tr><tr><td width=\"142\"><p>Linguagem e literatura<\/p><\/td><td width=\"142\"><p>A literatura segue o per\u00edodo hist\u00f3rico estudado<\/p><p>Recita\u00e7\u00e3o de trechos b\u00edblicos e Poemas<\/p><p>Gram\u00e1tica<\/p><p>Ditado<\/p><\/td><td width=\"142\"><p>A literatura segue o per\u00edodo hist\u00f3rico estudado<\/p><p>Recita\u00e7\u00e3o de trechos b\u00edblicos e Poemas<\/p><p>Gram\u00e1tica<\/p><p>Ditado<\/p><\/td><td width=\"142\"><p>A literatura segue o per\u00edodo hist\u00f3rico estudado<\/p><p>Recita\u00e7\u00e3o de trechos b\u00edblicos e Poemas<br \/>Gram\u00e1tica<\/p><p>Ditado<\/p><\/td><\/tr><tr><td width=\"142\"><p>Ci\u00eancias<\/p><\/td><td width=\"142\"><p>H\u00e1bitos e sabedoria dos animais<\/p><p>Atmosfera e Clima\u00a0\u00a0<\/p><p>Experi\u00eancias<\/p><\/td><td width=\"142\"><p>Corpo Humano<\/p><p>Geologia &#8211; Rochas e \u00e1gua<\/p><p>Experi\u00eancias<\/p><\/td><td width=\"142\"><p>Corpo Humano<\/p><p>Qu\u00edmica<\/p><p>Experi\u00eancias<\/p><\/td><\/tr><tr><td width=\"142\"><p>Geografia<\/p><\/td><td width=\"142\"><p>Geografia do Brasil\u00a0<\/p><\/td><td width=\"142\"><p>Geografia do Brasil\u00a0<\/p><\/td><td width=\"142\"><p>Geografia do Brasil<\/p><\/td><\/tr><tr><td width=\"142\"><p>M\u00fasica<\/p><\/td><td width=\"142\"><p>Vida e obra de Joseph Haydn\u00a0<\/p><\/td><td width=\"142\"><p>Vida e obra de Niccolo Paganini<\/p><\/td><td width=\"142\"><p>Vida e obra de Robert Schumann<\/p><\/td><\/tr><tr><td width=\"142\"><p>Artes<\/p><\/td><td width=\"142\"><p>Vida e obra de Diego Velasquez<\/p><\/td><td width=\"142\"><p>Vida e obra de Rembrandt<\/p><\/td><td width=\"142\"><p>Vida e obra de Aleijadinho<\/p><\/td><\/tr><tr><td width=\"142\"><p>Matem\u00e1tica<\/p><\/td><td width=\"142\"><p>As li\u00e7\u00f5es podem variar conforme o material escolhido<\/p><\/td><td width=\"142\"><p>As li\u00e7\u00f5es podem variar conforme o material escolhido<\/p><\/td><td width=\"142\"><p>As li\u00e7\u00f5es podem variar conforme o material escolhido<\/p><\/td><\/tr><tr><td width=\"142\"><p>L\u00ednguas estrangeiras<\/p><\/td><td width=\"142\">Gram\u00e1tica do Ingl\u00eas<br \/>Latim<\/td><td width=\"142\">Gram\u00e1tica do Ingl\u00eas<br \/>Latim<\/td><td width=\"142\">Gram\u00e1tica do Ingl\u00eas<br \/>Latim<\/td><\/tr><\/tbody><\/table>\t\t\t\t\t\t\t\t<\/div>\n\t\t\t\t<\/div>\n\t\t\t\t\t<\/div>\n\t\t<\/div>\n\t\t\t\t\t<\/div>\n\t\t<\/section>\n\t\t\t\t<section class=\"elementor-section elementor-top-section elementor-element elementor-element-674ba62 elementor-section-boxed elementor-section-height-default elementor-section-height-default\" data-id=\"674ba62\" data-element_type=\"section\">\n\t\t\t\t\t\t<div class=\"elementor-container elementor-column-gap-default\">\n\t\t\t\t\t<div class=\"elementor-column elementor-col-100 elementor-top-column elementor-element elementor-element-d579802\" data-id=\"d579802\" data-element_type=\"column\">\n\t\t\t<div class=\"elementor-widget-wrap elementor-element-populated\">\n\t\t\t\t\t\t<div class=\"elementor-element elementor-element-9b3fac5 elementor-widget-divider--view-line_icon elementor-view-default elementor-widget-divider--element-align-center elementor-widget elementor-widget-divider\" data-id=\"9b3fac5\" data-element_type=\"widget\" data-widget_type=\"divider.default\">\n\t\t\t\t<div class=\"elementor-widget-container\">\n\t\t\t\t\t\t\t<div class=\"elementor-divider\">\n\t\t\t<span class=\"elementor-divider-separator\">\n\t\t\t\t\t\t\t<div class=\"elementor-icon elementor-divider__element\">\n\t\t\t\t\t<i aria-hidden=\"true\" class=\"fas fa-tree\"><\/i><\/div>\n\t\t\t\t\t\t<\/span>\n\t\t<\/div>\n\t\t\t\t\t\t<\/div>\n\t\t\t\t<\/div>\n\t\t\t\t<div class=\"elementor-element elementor-element-6eb1c64 elementor-align-center elementor-widget__width-inherit elementor-widget elementor-widget-button\" data-id=\"6eb1c64\" data-element_type=\"widget\" data-widget_type=\"button.default\">\n\t\t\t\t<div class=\"elementor-widget-container\">\n\t\t\t\t\t\t\t\t\t<div class=\"elementor-button-wrapper\">\n\t\t\t\t\t<a class=\"elementor-button elementor-button-link elementor-size-md\" href=\"https:\/\/caminhovivo.com\/index.php\/area-dos-pais\/\">\n\t\t\t\t\t\t<span class=\"elementor-button-content-wrapper\">\n\t\t\t\t\t\t\t\t\t<span class=\"elementor-button-text\">Indica\u00e7\u00f5es de livros<\/span>\n\t\t\t\t\t<\/span>\n\t\t\t\t\t<\/a>\n\t\t\t\t<\/div>\n\t\t\t\t\t\t\t\t<\/div>\n\t\t\t\t<\/div>\n\t\t\t\t\t<\/div>\n\t\t<\/div>\n\t\t\t\t\t<\/div>\n\t\t<\/section>\n\t\t\t\t<\/div>\n\t\t","protected":false},"excerpt":{"rendered":"<p>Ano 6 O ano 6 corresponde ao sexto ano do ensino fundamental e \u00e9 indicado para crian\u00e7as de 11 anos de idade. O Ano 6 \u00e9 uma continua\u00e7\u00e3o do Ano 5, o que o torna mais tranquilo. N\u00e3o h\u00e1 grandes mudan\u00e7as para as crian\u00e7as. Elas s\u00e3o incentivadas a trabalhar de forma independente e serem respons\u00e1veis &hellip;<\/p>\n<p class=\"read-more\"> <a class=\"\" href=\"https:\/\/caminhovivo.com\/index.php\/ano6\/\"> <span class=\"screen-reader-text\">Ano 6<\/span> Leia mais &raquo;<\/a><\/p>\n","protected":false},"author":1,"featured_media":0,"parent":0,"menu_order":0,"comment_status":"closed","ping_status":"closed","template":"","meta":{"site-sidebar-layout":"no-sidebar","site-content-layout":"page-builder","ast-global-header-display":"","ast-main-header-display":"","ast-hfb-above-header-display":"","ast-hfb-below-header-display":"","ast-hfb-mobile-header-display":"","site-post-title":"disabled","ast-breadcrumbs-content":"","ast-featured-img":"disabled","footer-sml-layout":"","theme-transparent-header-meta":"","adv-header-id-meta":"","stick-header-meta":"","header-above-stick-meta":"","header-main-stick-meta":"","header-below-stick-meta":"","footnotes":""},"class_list":["post-2145","page","type-page","status-publish","hentry"],"yoast_head":"<!-- This site is optimized with the Yoast SEO plugin v23.5 - https:\/\/yoast.com\/wordpress\/plugins\/seo\/ -->\n<title>Ano 6 - Caminho Vivo<\/title>\n<meta name=\"robots\" content=\"index, follow, max-snippet:-1, max-image-preview:large, max-video-preview:-1\" \/>\n<link rel=\"canonical\" href=\"https:\/\/caminhovivo.com\/index.php\/ano6\/\" \/>\n<meta property=\"og:locale\" content=\"pt_BR\" \/>\n<meta property=\"og:type\" content=\"article\" \/>\n<meta property=\"og:title\" content=\"Ano 6 - Caminho Vivo\" \/>\n<meta property=\"og:description\" content=\"Ano 6 O ano 6 corresponde ao sexto ano do ensino fundamental e \u00e9 indicado para crian\u00e7as de 11 anos de idade. O Ano 6 \u00e9 uma continua\u00e7\u00e3o do Ano 5, o que o torna mais tranquilo. N\u00e3o h\u00e1 grandes mudan\u00e7as para as crian\u00e7as. Elas s\u00e3o incentivadas a trabalhar de forma independente e serem respons\u00e1veis &hellip; Ano 6 Leia mais &raquo;\" \/>\n<meta property=\"og:url\" content=\"https:\/\/caminhovivo.com\/index.php\/ano6\/\" \/>\n<meta property=\"og:site_name\" content=\"Caminho Vivo\" \/>\n<meta property=\"article:modified_time\" content=\"2024-09-12T02:29:59+00:00\" \/>\n<meta property=\"og:image\" content=\"http:\/\/caminhovivo.com\/wp-content\/uploads\/2024\/09\/Velazquez-las_hilanderas-1536x1060.jpg\" \/>\n<meta name=\"twitter:card\" content=\"summary_large_image\" \/>\n<meta name=\"twitter:label1\" content=\"Est. tempo de leitura\" \/>\n\t<meta name=\"twitter:data1\" content=\"1 minuto\" \/>\n<script type=\"application\/ld+json\" class=\"yoast-schema-graph\">{\"@context\":\"https:\/\/schema.org\",\"@graph\":[{\"@type\":\"WebPage\",\"@id\":\"https:\/\/caminhovivo.com\/index.php\/ano6\/\",\"url\":\"https:\/\/caminhovivo.com\/index.php\/ano6\/\",\"name\":\"Ano 6 - Caminho Vivo\",\"isPartOf\":{\"@id\":\"https:\/\/caminhovivo.com\/#website\"},\"primaryImageOfPage\":{\"@id\":\"https:\/\/caminhovivo.com\/index.php\/ano6\/#primaryimage\"},\"image\":{\"@id\":\"https:\/\/caminhovivo.com\/index.php\/ano6\/#primaryimage\"},\"thumbnailUrl\":\"http:\/\/caminhovivo.com\/wp-content\/uploads\/2024\/09\/Velazquez-las_hilanderas-1536x1060.jpg\",\"datePublished\":\"2024-09-12T01:12:12+00:00\",\"dateModified\":\"2024-09-12T02:29:59+00:00\",\"breadcrumb\":{\"@id\":\"https:\/\/caminhovivo.com\/index.php\/ano6\/#breadcrumb\"},\"inLanguage\":\"pt-BR\",\"potentialAction\":[{\"@type\":\"ReadAction\",\"target\":[\"https:\/\/caminhovivo.com\/index.php\/ano6\/\"]}]},{\"@type\":\"ImageObject\",\"inLanguage\":\"pt-BR\",\"@id\":\"https:\/\/caminhovivo.com\/index.php\/ano6\/#primaryimage\",\"url\":\"https:\/\/caminhovivo.com\/wp-content\/uploads\/2024\/09\/Velazquez-las_hilanderas-scaled.jpg\",\"contentUrl\":\"https:\/\/caminhovivo.com\/wp-content\/uploads\/2024\/09\/Velazquez-las_hilanderas-scaled.jpg\",\"width\":2560,\"height\":1766},{\"@type\":\"BreadcrumbList\",\"@id\":\"https:\/\/caminhovivo.com\/index.php\/ano6\/#breadcrumb\",\"itemListElement\":[{\"@type\":\"ListItem\",\"position\":1,\"name\":\"In\u00edcio\",\"item\":\"https:\/\/caminhovivo.com\/\"},{\"@type\":\"ListItem\",\"position\":2,\"name\":\"Ano 6\"}]},{\"@type\":\"WebSite\",\"@id\":\"https:\/\/caminhovivo.com\/#website\",\"url\":\"https:\/\/caminhovivo.com\/\",\"name\":\"Caminho Vivo\",\"description\":\"Curr\u00edculo para Educa\u00e7\u00e3o Domiciliar\",\"publisher\":{\"@id\":\"https:\/\/caminhovivo.com\/#organization\"},\"potentialAction\":[{\"@type\":\"SearchAction\",\"target\":{\"@type\":\"EntryPoint\",\"urlTemplate\":\"https:\/\/caminhovivo.com\/?s={search_term_string}\"},\"query-input\":{\"@type\":\"PropertyValueSpecification\",\"valueRequired\":true,\"valueName\":\"search_term_string\"}}],\"inLanguage\":\"pt-BR\"},{\"@type\":\"Organization\",\"@id\":\"https:\/\/caminhovivo.com\/#organization\",\"name\":\"Caminho Vivo\",\"url\":\"https:\/\/caminhovivo.com\/\",\"logo\":{\"@type\":\"ImageObject\",\"inLanguage\":\"pt-BR\",\"@id\":\"https:\/\/caminhovivo.com\/#\/schema\/logo\/image\/\",\"url\":\"https:\/\/caminhovivo.com\/wp-content\/uploads\/2024\/01\/HOMESCHOOL-3.png\",\"contentUrl\":\"https:\/\/caminhovivo.com\/wp-content\/uploads\/2024\/01\/HOMESCHOOL-3.png\",\"width\":2000,\"height\":1333,\"caption\":\"Caminho Vivo\"},\"image\":{\"@id\":\"https:\/\/caminhovivo.com\/#\/schema\/logo\/image\/\"}}]}<\/script>\n<!-- \/ Yoast SEO plugin. -->","yoast_head_json":{"title":"Ano 6 - Caminho Vivo","robots":{"index":"index","follow":"follow","max-snippet":"max-snippet:-1","max-image-preview":"max-image-preview:large","max-video-preview":"max-video-preview:-1"},"canonical":"https:\/\/caminhovivo.com\/index.php\/ano6\/","og_locale":"pt_BR","og_type":"article","og_title":"Ano 6 - Caminho Vivo","og_description":"Ano 6 O ano 6 corresponde ao sexto ano do ensino fundamental e \u00e9 indicado para crian\u00e7as de 11 anos de idade. O Ano 6 \u00e9 uma continua\u00e7\u00e3o do Ano 5, o que o torna mais tranquilo. N\u00e3o h\u00e1 grandes mudan\u00e7as para as crian\u00e7as. Elas s\u00e3o incentivadas a trabalhar de forma independente e serem respons\u00e1veis &hellip; Ano 6 Leia mais &raquo;","og_url":"https:\/\/caminhovivo.com\/index.php\/ano6\/","og_site_name":"Caminho Vivo","article_modified_time":"2024-09-12T02:29:59+00:00","og_image":[{"url":"http:\/\/caminhovivo.com\/wp-content\/uploads\/2024\/09\/Velazquez-las_hilanderas-1536x1060.jpg"}],"twitter_card":"summary_large_image","twitter_misc":{"Est. tempo de leitura":"1 minuto"},"schema":{"@context":"https:\/\/schema.org","@graph":[{"@type":"WebPage","@id":"https:\/\/caminhovivo.com\/index.php\/ano6\/","url":"https:\/\/caminhovivo.com\/index.php\/ano6\/","name":"Ano 6 - Caminho Vivo","isPartOf":{"@id":"https:\/\/caminhovivo.com\/#website"},"primaryImageOfPage":{"@id":"https:\/\/caminhovivo.com\/index.php\/ano6\/#primaryimage"},"image":{"@id":"https:\/\/caminhovivo.com\/index.php\/ano6\/#primaryimage"},"thumbnailUrl":"http:\/\/caminhovivo.com\/wp-content\/uploads\/2024\/09\/Velazquez-las_hilanderas-1536x1060.jpg","datePublished":"2024-09-12T01:12:12+00:00","dateModified":"2024-09-12T02:29:59+00:00","breadcrumb":{"@id":"https:\/\/caminhovivo.com\/index.php\/ano6\/#breadcrumb"},"inLanguage":"pt-BR","potentialAction":[{"@type":"ReadAction","target":["https:\/\/caminhovivo.com\/index.php\/ano6\/"]}]},{"@type":"ImageObject","inLanguage":"pt-BR","@id":"https:\/\/caminhovivo.com\/index.php\/ano6\/#primaryimage","url":"https:\/\/caminhovivo.com\/wp-content\/uploads\/2024\/09\/Velazquez-las_hilanderas-scaled.jpg","contentUrl":"https:\/\/caminhovivo.com\/wp-content\/uploads\/2024\/09\/Velazquez-las_hilanderas-scaled.jpg","width":2560,"height":1766},{"@type":"BreadcrumbList","@id":"https:\/\/caminhovivo.com\/index.php\/ano6\/#breadcrumb","itemListElement":[{"@type":"ListItem","position":1,"name":"In\u00edcio","item":"https:\/\/caminhovivo.com\/"},{"@type":"ListItem","position":2,"name":"Ano 6"}]},{"@type":"WebSite","@id":"https:\/\/caminhovivo.com\/#website","url":"https:\/\/caminhovivo.com\/","name":"Caminho Vivo","description":"Curr\u00edculo para Educa\u00e7\u00e3o Domiciliar","publisher":{"@id":"https:\/\/caminhovivo.com\/#organization"},"potentialAction":[{"@type":"SearchAction","target":{"@type":"EntryPoint","urlTemplate":"https:\/\/caminhovivo.com\/?s={search_term_string}"},"query-input":{"@type":"PropertyValueSpecification","valueRequired":true,"valueName":"search_term_string"}}],"inLanguage":"pt-BR"},{"@type":"Organization","@id":"https:\/\/caminhovivo.com\/#organization","name":"Caminho Vivo","url":"https:\/\/caminhovivo.com\/","logo":{"@type":"ImageObject","inLanguage":"pt-BR","@id":"https:\/\/caminhovivo.com\/#\/schema\/logo\/image\/","url":"https:\/\/caminhovivo.com\/wp-content\/uploads\/2024\/01\/HOMESCHOOL-3.png","contentUrl":"https:\/\/caminhovivo.com\/wp-content\/uploads\/2024\/01\/HOMESCHOOL-3.png","width":2000,"height":1333,"caption":"Caminho Vivo"},"image":{"@id":"https:\/\/caminhovivo.com\/#\/schema\/logo\/image\/"}}]}},"_links":{"self":[{"href":"https:\/\/caminhovivo.com\/index.php\/wp-json\/wp\/v2\/pages\/2145"}],"collection":[{"href":"https:\/\/caminhovivo.com\/index.php\/wp-json\/wp\/v2\/pages"}],"about":[{"href":"https:\/\/caminhovivo.com\/index.php\/wp-json\/wp\/v2\/types\/page"}],"author":[{"embeddable":true,"href":"https:\/\/caminhovivo.com\/index.php\/wp-json\/wp\/v2\/users\/1"}],"replies":[{"embeddable":true,"href":"https:\/\/caminhovivo.com\/index.php\/wp-json\/wp\/v2\/comments?post=2145"}],"version-history":[{"count":8,"href":"https:\/\/caminhovivo.com\/index.php\/wp-json\/wp\/v2\/pages\/2145\/revisions"}],"predecessor-version":[{"id":2181,"href":"https:\/\/caminhovivo.com\/index.php\/wp-json\/wp\/v2\/pages\/2145\/revisions\/2181"}],"wp:attachment":[{"href":"https:\/\/caminhovivo.com\/index.php\/wp-json\/wp\/v2\/media?parent=2145"}],"curies":[{"name":"wp","href":"https:\/\/api.w.org\/{rel}","templated":true}]}}