{"id":1829,"date":"2024-08-20T21:49:09","date_gmt":"2024-08-21T00:49:09","guid":{"rendered":"https:\/\/caminhovivo.com\/?page_id=1829"},"modified":"2024-09-11T18:02:18","modified_gmt":"2024-09-11T21:02:18","slug":"ano-5","status":"publish","type":"page","link":"https:\/\/caminhovivo.com\/index.php\/ano-5\/","title":{"rendered":"Ano 5"},"content":{"rendered":"\t\t<div data-elementor-type=\"wp-page\" data-elementor-id=\"1829\" class=\"elementor elementor-1829\">\n\t\t\t\t\t\t<section class=\"elementor-section elementor-top-section elementor-element elementor-element-50fb134 elementor-section-boxed elementor-section-height-default elementor-section-height-default\" data-id=\"50fb134\" data-element_type=\"section\">\n\t\t\t\t\t\t<div class=\"elementor-container elementor-column-gap-default\">\n\t\t\t\t\t<div class=\"elementor-column elementor-col-100 elementor-top-column elementor-element elementor-element-85b7d70\" data-id=\"85b7d70\" data-element_type=\"column\">\n\t\t\t<div class=\"elementor-widget-wrap elementor-element-populated\">\n\t\t\t\t\t\t<div class=\"elementor-element elementor-element-4639c92 elementor-widget elementor-widget-heading\" data-id=\"4639c92\" data-element_type=\"widget\" data-widget_type=\"heading.default\">\n\t\t\t\t<div class=\"elementor-widget-container\">\n\t\t\t\t\t<h1 class=\"elementor-heading-title elementor-size-default\">Ano 5<\/h1>\t\t\t\t<\/div>\n\t\t\t\t<\/div>\n\t\t\t\t\t<\/div>\n\t\t<\/div>\n\t\t\t\t\t<\/div>\n\t\t<\/section>\n\t\t\t\t<section class=\"elementor-section elementor-top-section elementor-element elementor-element-4e887b7 elementor-section-boxed elementor-section-height-default elementor-section-height-default\" data-id=\"4e887b7\" data-element_type=\"section\">\n\t\t\t\t\t\t<div class=\"elementor-container elementor-column-gap-default\">\n\t\t\t\t\t<div class=\"elementor-column elementor-col-100 elementor-top-column elementor-element elementor-element-3b23fa5\" data-id=\"3b23fa5\" data-element_type=\"column\" data-settings=\"{&quot;background_background&quot;:&quot;classic&quot;}\">\n\t\t\t<div class=\"elementor-widget-wrap elementor-element-populated\">\n\t\t\t\t\t\t<div class=\"elementor-element elementor-element-21f7808 elementor-widget__width-initial elementor-widget elementor-widget-text-editor\" data-id=\"21f7808\" data-element_type=\"widget\" data-widget_type=\"text-editor.default\">\n\t\t\t\t<div class=\"elementor-widget-container\">\n\t\t\t\t\t\t\t\t\t<p>O ano 5 corresponde ao quinto ano do ensino fundamental e \u00e9 indicado para crian\u00e7as de 10 anos de idade.<\/p><p>Neste ano reiniciaremos o estudo da Hist\u00f3ria do Brasil, voltando \u00e0 \u00e9poca do descobrimento. Tamb\u00e9m iniciaremos o estudo da Antiguidade.<\/p><p>As crian\u00e7as aumentam progressivamente a leitura independente e a escrita de suas narra\u00e7\u00f5es.<\/p><p>O grande diferencial \u00e9 o in\u00edcio da leitura de Plutarco. \u00c9 uma leitura dif\u00edcil, exige algum conhecimento de Roma e Gr\u00e9cia e algumas omiss\u00f5es, por isso \u00e9 lida para a crian\u00e7a, n\u00e3o pela crian\u00e7a de forma independente.<\/p><p>Um novo desafio \u00e0 frente!<\/p>\t\t\t\t\t\t\t\t<\/div>\n\t\t\t\t<\/div>\n\t\t\t\t<div class=\"elementor-element elementor-element-c40269b elementor-widget__width-initial elementor-widget elementor-widget-image\" data-id=\"c40269b\" data-element_type=\"widget\" data-widget_type=\"image.default\">\n\t\t\t\t<div class=\"elementor-widget-container\">\n\t\t\t\t\t\t\t\t\t\t\t\t\t\t\t<img fetchpriority=\"high\" decoding=\"async\" width=\"640\" height=\"413\" src=\"https:\/\/caminhovivo.com\/wp-content\/uploads\/2024\/08\/Frans_Post_-_Engenho_de_Pernambuco.jpg\" class=\"attachment-2048x2048 size-2048x2048 wp-image-1992\" alt=\"\" srcset=\"https:\/\/caminhovivo.com\/wp-content\/uploads\/2024\/08\/Frans_Post_-_Engenho_de_Pernambuco.jpg 640w, https:\/\/caminhovivo.com\/wp-content\/uploads\/2024\/08\/Frans_Post_-_Engenho_de_Pernambuco-300x194.jpg 300w, https:\/\/caminhovivo.com\/wp-content\/uploads\/2024\/08\/Frans_Post_-_Engenho_de_Pernambuco-600x387.jpg 600w\" sizes=\"(max-width: 640px) 100vw, 640px\" \/>\t\t\t\t\t\t\t\t\t\t\t\t\t\t\t<\/div>\n\t\t\t\t<\/div>\n\t\t\t\t\t<\/div>\n\t\t<\/div>\n\t\t\t\t\t<\/div>\n\t\t<\/section>\n\t\t\t\t<section class=\"elementor-section elementor-top-section elementor-element elementor-element-2c33b99 elementor-section-boxed elementor-section-height-default elementor-section-height-default\" data-id=\"2c33b99\" data-element_type=\"section\">\n\t\t\t\t\t\t<div class=\"elementor-container elementor-column-gap-default\">\n\t\t\t\t\t<div class=\"elementor-column elementor-col-100 elementor-top-column elementor-element elementor-element-e655601\" data-id=\"e655601\" data-element_type=\"column\">\n\t\t\t<div class=\"elementor-widget-wrap\">\n\t\t\t\t\t\t\t<\/div>\n\t\t<\/div>\n\t\t\t\t\t<\/div>\n\t\t<\/section>\n\t\t\t\t<section class=\"elementor-section elementor-top-section elementor-element elementor-element-a637cab elementor-section-boxed elementor-section-height-default elementor-section-height-default\" data-id=\"a637cab\" data-element_type=\"section\">\n\t\t\t\t\t\t<div class=\"elementor-container elementor-column-gap-default\">\n\t\t\t\t\t<div class=\"elementor-column elementor-col-100 elementor-top-column elementor-element elementor-element-0223794\" data-id=\"0223794\" data-element_type=\"column\" data-settings=\"{&quot;background_background&quot;:&quot;classic&quot;}\">\n\t\t\t<div class=\"elementor-widget-wrap elementor-element-populated\">\n\t\t\t\t\t\t<div class=\"elementor-element elementor-element-60dab8c elementor-widget elementor-widget-heading\" data-id=\"60dab8c\" data-element_type=\"widget\" data-widget_type=\"heading.default\">\n\t\t\t\t<div class=\"elementor-widget-container\">\n\t\t\t\t\t<h2 class=\"elementor-heading-title elementor-size-default\">Vis\u00e3o Geral<\/h2>\t\t\t\t<\/div>\n\t\t\t\t<\/div>\n\t\t\t\t<div class=\"elementor-element elementor-element-85a6fdc elementor-widget elementor-widget-text-editor\" data-id=\"85a6fdc\" data-element_type=\"widget\" data-widget_type=\"text-editor.default\">\n\t\t\t\t<div class=\"elementor-widget-container\">\n\t\t\t\t\t\t\t\t\t<table><tbody><tr><td width=\"142\"><p>B\u00edblia<\/p><\/td><td width=\"142\"><p>Reis e Cr\u00f4nicas<\/p><p>Atos<\/p><\/td><td width=\"142\"><p>Reis e Cr\u00f4nicas<\/p><p>Atos<\/p><\/td><td width=\"142\"><p>Reis e Cr\u00f4nicas<\/p><p>Atos<\/p><\/td><\/tr><tr><td width=\"142\"><p>Biografias<\/p><\/td><td width=\"142\"><p>Vidas de Mission\u00e1rios<\/p><\/td><td width=\"142\"><p>Vidas de Mission\u00e1rios<\/p><\/td><td width=\"142\"><p>Vidas de Mission\u00e1rios<\/p><\/td><\/tr><tr><td width=\"142\"><p>Hist\u00f3ria<\/p><\/td><td width=\"142\"><p>Brasil &#8211; descobrimento<\/p><p>Portugal<\/p><p>Antiguidade<\/p><\/td><td width=\"142\"><p>Brasil &#8211; Col\u00f4nia<\/p><p>Portugal<\/p><p>Antiguidade<\/p><\/td><td width=\"142\">Brasil &#8211; Col\u00f4nia<br \/>Portugal<br \/>Antiguidade<\/td><\/tr><tr><td width=\"142\"><p>Cidadania<\/p><\/td><td width=\"142\"><p>Plutarco<\/p><\/td><td width=\"142\"><p>Plutarco<\/p><\/td><td width=\"142\"><p>Plutarco<\/p><\/td><\/tr><tr><td width=\"142\"><p>Linguagem e literatura<\/p><\/td><td width=\"142\"><p>A literatura segue o per\u00edodo hist\u00f3rico estudado<\/p><p>Recita\u00e7\u00e3o de trechos b\u00edblicos e Poemas<\/p><p>Gram\u00e1tica<\/p><p>Ditado<\/p><\/td><td width=\"142\"><p>A literatura segue o per\u00edodo hist\u00f3rico estudado<\/p><p>Recita\u00e7\u00e3o de trechos b\u00edblicos e Poemas<\/p><p>Gram\u00e1tica<\/p><p>Ditado<\/p><\/td><td width=\"142\"><p>A literatura segue o per\u00edodo hist\u00f3rico estudado<\/p><p>Recita\u00e7\u00e3o de trechos b\u00edblicos e Poemas<\/p><p>Gram\u00e1tica<\/p><p>Ditado<\/p><\/td><\/tr><tr><td width=\"142\"><p>Ci\u00eancias<\/p><\/td><td width=\"142\"><p>H\u00e1bitos e sabedoria dos animais<\/p><p>Eletricidade e \u00edm\u00e3s<\/p><p>Experi\u00eancias<\/p><\/td><td width=\"142\"><p>H\u00e1bitos e sabedoria dos animais<\/p><p>Movimento<\/p><p>Experi\u00eancias<\/p><\/td><td width=\"142\"><p>Plantas<\/p><p>Som e luz<\/p><p>Experi\u00eancias<\/p><\/td><\/tr><tr><td width=\"142\"><p>Geografia<\/p><\/td><td width=\"142\"><p>Geografia do Brasil\u00a0<\/p><\/td><td width=\"142\"><p>Geografia do Brasil\u00a0<\/p><\/td><td width=\"142\"><p>Geografia do Brasil<\/p><\/td><\/tr><tr><td width=\"142\"><p>M\u00fasica<\/p><\/td><td width=\"142\"><p>Vida e obra de Johannes Ockeghem\u00a0<\/p><\/td><td width=\"142\"><p>Vida e obra de Claudio Monteverdi<\/p><\/td><td width=\"142\"><p>Vida e obra de Chopin\u00a0<\/p><\/td><\/tr><tr><td width=\"142\"><p>Artes<\/p><\/td><td width=\"142\"><p>Nikolaos Lampoudis ou Arte Bizantina<\/p><\/td><td width=\"142\"><p>Vida e obra de Jan Van Eyck\u00a0<\/p><\/td><td width=\"142\"><p>Vida e obra de Frans Post<\/p><\/td><\/tr><tr><td width=\"142\"><p>Matem\u00e1tica<\/p><\/td><td width=\"142\"><p>As li\u00e7\u00f5es podem variar conforme o material escolhido<\/p><\/td><td width=\"142\"><p>As li\u00e7\u00f5es podem variar conforme o material escolhido<\/p><\/td><td width=\"142\"><p>As li\u00e7\u00f5es podem variar conforme o material escolhido<\/p><\/td><\/tr><tr><td width=\"142\"><p>L\u00ednguas estrangeiras<\/p><\/td><td width=\"142\">Gram\u00e1tica do Ingl\u00eas<br \/>Latim<\/td><td width=\"142\">Gram\u00e1tica do Ingl\u00eas<br \/>Latim<\/td><td width=\"142\">Gram\u00e1tica do Ingl\u00eas<br \/>Latim<\/td><\/tr><\/tbody><\/table>\t\t\t\t\t\t\t\t<\/div>\n\t\t\t\t<\/div>\n\t\t\t\t\t<\/div>\n\t\t<\/div>\n\t\t\t\t\t<\/div>\n\t\t<\/section>\n\t\t\t\t<section class=\"elementor-section elementor-top-section elementor-element elementor-element-113441e elementor-section-boxed elementor-section-height-default elementor-section-height-default\" data-id=\"113441e\" data-element_type=\"section\">\n\t\t\t\t\t\t<div class=\"elementor-container elementor-column-gap-default\">\n\t\t\t\t\t<div class=\"elementor-column elementor-col-100 elementor-top-column elementor-element elementor-element-a1694f8\" data-id=\"a1694f8\" data-element_type=\"column\">\n\t\t\t<div class=\"elementor-widget-wrap elementor-element-populated\">\n\t\t\t\t\t\t<div class=\"elementor-element elementor-element-f250484 elementor-widget-divider--view-line_icon elementor-view-default elementor-widget-divider--element-align-center elementor-widget elementor-widget-divider\" data-id=\"f250484\" data-element_type=\"widget\" data-widget_type=\"divider.default\">\n\t\t\t\t<div class=\"elementor-widget-container\">\n\t\t\t\t\t\t\t<div class=\"elementor-divider\">\n\t\t\t<span class=\"elementor-divider-separator\">\n\t\t\t\t\t\t\t<div class=\"elementor-icon elementor-divider__element\">\n\t\t\t\t\t<i aria-hidden=\"true\" class=\"fas fa-tree\"><\/i><\/div>\n\t\t\t\t\t\t<\/span>\n\t\t<\/div>\n\t\t\t\t\t\t<\/div>\n\t\t\t\t<\/div>\n\t\t\t\t<div class=\"elementor-element elementor-element-e267af6 elementor-align-center elementor-widget__width-inherit elementor-widget elementor-widget-button\" data-id=\"e267af6\" data-element_type=\"widget\" data-widget_type=\"button.default\">\n\t\t\t\t<div class=\"elementor-widget-container\">\n\t\t\t\t\t\t\t\t\t<div class=\"elementor-button-wrapper\">\n\t\t\t\t\t<a class=\"elementor-button elementor-button-link elementor-size-md\" href=\"https:\/\/caminhovivo.com\/index.php\/area-dos-pais\/\">\n\t\t\t\t\t\t<span class=\"elementor-button-content-wrapper\">\n\t\t\t\t\t\t\t\t\t<span class=\"elementor-button-text\">Indica\u00e7\u00f5es de livros<\/span>\n\t\t\t\t\t<\/span>\n\t\t\t\t\t<\/a>\n\t\t\t\t<\/div>\n\t\t\t\t\t\t\t\t<\/div>\n\t\t\t\t<\/div>\n\t\t\t\t\t<\/div>\n\t\t<\/div>\n\t\t\t\t\t<\/div>\n\t\t<\/section>\n\t\t\t\t<\/div>\n\t\t","protected":false},"excerpt":{"rendered":"<p>Ano 5 O ano 5 corresponde ao quinto ano do ensino fundamental e \u00e9 indicado para crian\u00e7as de 10 anos de idade. Neste ano reiniciaremos o estudo da Hist\u00f3ria do Brasil, voltando \u00e0 \u00e9poca do descobrimento. Tamb\u00e9m iniciaremos o estudo da Antiguidade. As crian\u00e7as aumentam progressivamente a leitura independente e a escrita de suas narra\u00e7\u00f5es. &hellip;<\/p>\n<p class=\"read-more\"> <a class=\"\" href=\"https:\/\/caminhovivo.com\/index.php\/ano-5\/\"> <span class=\"screen-reader-text\">Ano 5<\/span> Leia mais &raquo;<\/a><\/p>\n","protected":false},"author":1,"featured_media":0,"parent":0,"menu_order":0,"comment_status":"closed","ping_status":"closed","template":"","meta":{"site-sidebar-layout":"no-sidebar","site-content-layout":"page-builder","ast-global-header-display":"","ast-main-header-display":"","ast-hfb-above-header-display":"","ast-hfb-below-header-display":"","ast-hfb-mobile-header-display":"","site-post-title":"disabled","ast-breadcrumbs-content":"","ast-featured-img":"disabled","footer-sml-layout":"","theme-transparent-header-meta":"","adv-header-id-meta":"","stick-header-meta":"","header-above-stick-meta":"","header-main-stick-meta":"","header-below-stick-meta":"","footnotes":""},"class_list":["post-1829","page","type-page","status-publish","hentry"],"yoast_head":"<!-- This site is optimized with the Yoast SEO plugin v23.5 - https:\/\/yoast.com\/wordpress\/plugins\/seo\/ -->\n<title>Ano 5 - Caminho Vivo<\/title>\n<meta name=\"robots\" content=\"index, follow, max-snippet:-1, max-image-preview:large, max-video-preview:-1\" \/>\n<link rel=\"canonical\" href=\"https:\/\/caminhovivo.com\/index.php\/ano-5\/\" \/>\n<meta property=\"og:locale\" content=\"pt_BR\" \/>\n<meta property=\"og:type\" content=\"article\" \/>\n<meta property=\"og:title\" content=\"Ano 5 - Caminho Vivo\" \/>\n<meta property=\"og:description\" content=\"Ano 5 O ano 5 corresponde ao quinto ano do ensino fundamental e \u00e9 indicado para crian\u00e7as de 10 anos de idade. Neste ano reiniciaremos o estudo da Hist\u00f3ria do Brasil, voltando \u00e0 \u00e9poca do descobrimento. Tamb\u00e9m iniciaremos o estudo da Antiguidade. As crian\u00e7as aumentam progressivamente a leitura independente e a escrita de suas narra\u00e7\u00f5es. &hellip; Ano 5 Leia mais &raquo;\" \/>\n<meta property=\"og:url\" content=\"https:\/\/caminhovivo.com\/index.php\/ano-5\/\" \/>\n<meta property=\"og:site_name\" content=\"Caminho Vivo\" \/>\n<meta property=\"article:modified_time\" content=\"2024-09-11T21:02:18+00:00\" \/>\n<meta property=\"og:image\" content=\"http:\/\/caminhovivo.com\/wp-content\/uploads\/2024\/08\/Frans_Post_-_Engenho_de_Pernambuco.jpg\" \/>\n<meta name=\"twitter:card\" content=\"summary_large_image\" \/>\n<meta name=\"twitter:label1\" content=\"Est. tempo de leitura\" \/>\n\t<meta name=\"twitter:data1\" content=\"1 minuto\" \/>\n<script type=\"application\/ld+json\" class=\"yoast-schema-graph\">{\"@context\":\"https:\/\/schema.org\",\"@graph\":[{\"@type\":\"WebPage\",\"@id\":\"https:\/\/caminhovivo.com\/index.php\/ano-5\/\",\"url\":\"https:\/\/caminhovivo.com\/index.php\/ano-5\/\",\"name\":\"Ano 5 - Caminho Vivo\",\"isPartOf\":{\"@id\":\"https:\/\/caminhovivo.com\/#website\"},\"primaryImageOfPage\":{\"@id\":\"https:\/\/caminhovivo.com\/index.php\/ano-5\/#primaryimage\"},\"image\":{\"@id\":\"https:\/\/caminhovivo.com\/index.php\/ano-5\/#primaryimage\"},\"thumbnailUrl\":\"http:\/\/caminhovivo.com\/wp-content\/uploads\/2024\/08\/Frans_Post_-_Engenho_de_Pernambuco.jpg\",\"datePublished\":\"2024-08-21T00:49:09+00:00\",\"dateModified\":\"2024-09-11T21:02:18+00:00\",\"breadcrumb\":{\"@id\":\"https:\/\/caminhovivo.com\/index.php\/ano-5\/#breadcrumb\"},\"inLanguage\":\"pt-BR\",\"potentialAction\":[{\"@type\":\"ReadAction\",\"target\":[\"https:\/\/caminhovivo.com\/index.php\/ano-5\/\"]}]},{\"@type\":\"ImageObject\",\"inLanguage\":\"pt-BR\",\"@id\":\"https:\/\/caminhovivo.com\/index.php\/ano-5\/#primaryimage\",\"url\":\"https:\/\/caminhovivo.com\/wp-content\/uploads\/2024\/08\/Frans_Post_-_Engenho_de_Pernambuco.jpg\",\"contentUrl\":\"https:\/\/caminhovivo.com\/wp-content\/uploads\/2024\/08\/Frans_Post_-_Engenho_de_Pernambuco.jpg\",\"width\":640,\"height\":413},{\"@type\":\"BreadcrumbList\",\"@id\":\"https:\/\/caminhovivo.com\/index.php\/ano-5\/#breadcrumb\",\"itemListElement\":[{\"@type\":\"ListItem\",\"position\":1,\"name\":\"In\u00edcio\",\"item\":\"https:\/\/caminhovivo.com\/\"},{\"@type\":\"ListItem\",\"position\":2,\"name\":\"Ano 5\"}]},{\"@type\":\"WebSite\",\"@id\":\"https:\/\/caminhovivo.com\/#website\",\"url\":\"https:\/\/caminhovivo.com\/\",\"name\":\"Caminho Vivo\",\"description\":\"Curr\u00edculo para Educa\u00e7\u00e3o Domiciliar\",\"publisher\":{\"@id\":\"https:\/\/caminhovivo.com\/#organization\"},\"potentialAction\":[{\"@type\":\"SearchAction\",\"target\":{\"@type\":\"EntryPoint\",\"urlTemplate\":\"https:\/\/caminhovivo.com\/?s={search_term_string}\"},\"query-input\":{\"@type\":\"PropertyValueSpecification\",\"valueRequired\":true,\"valueName\":\"search_term_string\"}}],\"inLanguage\":\"pt-BR\"},{\"@type\":\"Organization\",\"@id\":\"https:\/\/caminhovivo.com\/#organization\",\"name\":\"Caminho Vivo\",\"url\":\"https:\/\/caminhovivo.com\/\",\"logo\":{\"@type\":\"ImageObject\",\"inLanguage\":\"pt-BR\",\"@id\":\"https:\/\/caminhovivo.com\/#\/schema\/logo\/image\/\",\"url\":\"https:\/\/caminhovivo.com\/wp-content\/uploads\/2024\/01\/HOMESCHOOL-3.png\",\"contentUrl\":\"https:\/\/caminhovivo.com\/wp-content\/uploads\/2024\/01\/HOMESCHOOL-3.png\",\"width\":2000,\"height\":1333,\"caption\":\"Caminho Vivo\"},\"image\":{\"@id\":\"https:\/\/caminhovivo.com\/#\/schema\/logo\/image\/\"}}]}<\/script>\n<!-- \/ Yoast SEO plugin. -->","yoast_head_json":{"title":"Ano 5 - Caminho Vivo","robots":{"index":"index","follow":"follow","max-snippet":"max-snippet:-1","max-image-preview":"max-image-preview:large","max-video-preview":"max-video-preview:-1"},"canonical":"https:\/\/caminhovivo.com\/index.php\/ano-5\/","og_locale":"pt_BR","og_type":"article","og_title":"Ano 5 - Caminho Vivo","og_description":"Ano 5 O ano 5 corresponde ao quinto ano do ensino fundamental e \u00e9 indicado para crian\u00e7as de 10 anos de idade. Neste ano reiniciaremos o estudo da Hist\u00f3ria do Brasil, voltando \u00e0 \u00e9poca do descobrimento. Tamb\u00e9m iniciaremos o estudo da Antiguidade. As crian\u00e7as aumentam progressivamente a leitura independente e a escrita de suas narra\u00e7\u00f5es. &hellip; Ano 5 Leia mais &raquo;","og_url":"https:\/\/caminhovivo.com\/index.php\/ano-5\/","og_site_name":"Caminho Vivo","article_modified_time":"2024-09-11T21:02:18+00:00","og_image":[{"url":"http:\/\/caminhovivo.com\/wp-content\/uploads\/2024\/08\/Frans_Post_-_Engenho_de_Pernambuco.jpg"}],"twitter_card":"summary_large_image","twitter_misc":{"Est. tempo de leitura":"1 minuto"},"schema":{"@context":"https:\/\/schema.org","@graph":[{"@type":"WebPage","@id":"https:\/\/caminhovivo.com\/index.php\/ano-5\/","url":"https:\/\/caminhovivo.com\/index.php\/ano-5\/","name":"Ano 5 - Caminho Vivo","isPartOf":{"@id":"https:\/\/caminhovivo.com\/#website"},"primaryImageOfPage":{"@id":"https:\/\/caminhovivo.com\/index.php\/ano-5\/#primaryimage"},"image":{"@id":"https:\/\/caminhovivo.com\/index.php\/ano-5\/#primaryimage"},"thumbnailUrl":"http:\/\/caminhovivo.com\/wp-content\/uploads\/2024\/08\/Frans_Post_-_Engenho_de_Pernambuco.jpg","datePublished":"2024-08-21T00:49:09+00:00","dateModified":"2024-09-11T21:02:18+00:00","breadcrumb":{"@id":"https:\/\/caminhovivo.com\/index.php\/ano-5\/#breadcrumb"},"inLanguage":"pt-BR","potentialAction":[{"@type":"ReadAction","target":["https:\/\/caminhovivo.com\/index.php\/ano-5\/"]}]},{"@type":"ImageObject","inLanguage":"pt-BR","@id":"https:\/\/caminhovivo.com\/index.php\/ano-5\/#primaryimage","url":"https:\/\/caminhovivo.com\/wp-content\/uploads\/2024\/08\/Frans_Post_-_Engenho_de_Pernambuco.jpg","contentUrl":"https:\/\/caminhovivo.com\/wp-content\/uploads\/2024\/08\/Frans_Post_-_Engenho_de_Pernambuco.jpg","width":640,"height":413},{"@type":"BreadcrumbList","@id":"https:\/\/caminhovivo.com\/index.php\/ano-5\/#breadcrumb","itemListElement":[{"@type":"ListItem","position":1,"name":"In\u00edcio","item":"https:\/\/caminhovivo.com\/"},{"@type":"ListItem","position":2,"name":"Ano 5"}]},{"@type":"WebSite","@id":"https:\/\/caminhovivo.com\/#website","url":"https:\/\/caminhovivo.com\/","name":"Caminho Vivo","description":"Curr\u00edculo para Educa\u00e7\u00e3o Domiciliar","publisher":{"@id":"https:\/\/caminhovivo.com\/#organization"},"potentialAction":[{"@type":"SearchAction","target":{"@type":"EntryPoint","urlTemplate":"https:\/\/caminhovivo.com\/?s={search_term_string}"},"query-input":{"@type":"PropertyValueSpecification","valueRequired":true,"valueName":"search_term_string"}}],"inLanguage":"pt-BR"},{"@type":"Organization","@id":"https:\/\/caminhovivo.com\/#organization","name":"Caminho Vivo","url":"https:\/\/caminhovivo.com\/","logo":{"@type":"ImageObject","inLanguage":"pt-BR","@id":"https:\/\/caminhovivo.com\/#\/schema\/logo\/image\/","url":"https:\/\/caminhovivo.com\/wp-content\/uploads\/2024\/01\/HOMESCHOOL-3.png","contentUrl":"https:\/\/caminhovivo.com\/wp-content\/uploads\/2024\/01\/HOMESCHOOL-3.png","width":2000,"height":1333,"caption":"Caminho Vivo"},"image":{"@id":"https:\/\/caminhovivo.com\/#\/schema\/logo\/image\/"}}]}},"_links":{"self":[{"href":"https:\/\/caminhovivo.com\/index.php\/wp-json\/wp\/v2\/pages\/1829"}],"collection":[{"href":"https:\/\/caminhovivo.com\/index.php\/wp-json\/wp\/v2\/pages"}],"about":[{"href":"https:\/\/caminhovivo.com\/index.php\/wp-json\/wp\/v2\/types\/page"}],"author":[{"embeddable":true,"href":"https:\/\/caminhovivo.com\/index.php\/wp-json\/wp\/v2\/users\/1"}],"replies":[{"embeddable":true,"href":"https:\/\/caminhovivo.com\/index.php\/wp-json\/wp\/v2\/comments?post=1829"}],"version-history":[{"count":18,"href":"https:\/\/caminhovivo.com\/index.php\/wp-json\/wp\/v2\/pages\/1829\/revisions"}],"predecessor-version":[{"id":2148,"href":"https:\/\/caminhovivo.com\/index.php\/wp-json\/wp\/v2\/pages\/1829\/revisions\/2148"}],"wp:attachment":[{"href":"https:\/\/caminhovivo.com\/index.php\/wp-json\/wp\/v2\/media?parent=1829"}],"curies":[{"name":"wp","href":"https:\/\/api.w.org\/{rel}","templated":true}]}}