{"id":1777,"date":"2024-07-08T11:45:02","date_gmt":"2024-07-08T14:45:02","guid":{"rendered":"https:\/\/caminhovivo.com\/?page_id=1777"},"modified":"2025-11-27T13:15:33","modified_gmt":"2025-11-27T16:15:33","slug":"ano-4","status":"publish","type":"page","link":"https:\/\/caminhovivo.com\/index.php\/ano-4\/","title":{"rendered":"Ano 4"},"content":{"rendered":"\t\t<div data-elementor-type=\"wp-page\" data-elementor-id=\"1777\" class=\"elementor elementor-1777\">\n\t\t\t\t\t\t<section class=\"elementor-section elementor-top-section elementor-element elementor-element-205dc8d elementor-section-boxed elementor-section-height-default elementor-section-height-default\" data-id=\"205dc8d\" data-element_type=\"section\">\n\t\t\t\t\t\t<div class=\"elementor-container elementor-column-gap-default\">\n\t\t\t\t\t<div class=\"elementor-column elementor-col-100 elementor-top-column elementor-element elementor-element-d5dcaa4\" data-id=\"d5dcaa4\" data-element_type=\"column\">\n\t\t\t<div class=\"elementor-widget-wrap elementor-element-populated\">\n\t\t\t\t\t\t<div class=\"elementor-element elementor-element-0d0da61 elementor-widget elementor-widget-heading\" data-id=\"0d0da61\" data-element_type=\"widget\" data-widget_type=\"heading.default\">\n\t\t\t\t<div class=\"elementor-widget-container\">\n\t\t\t\t\t<h1 class=\"elementor-heading-title elementor-size-default\">Ano 4<\/h1>\t\t\t\t<\/div>\n\t\t\t\t<\/div>\n\t\t\t\t\t<\/div>\n\t\t<\/div>\n\t\t\t\t\t<\/div>\n\t\t<\/section>\n\t\t\t\t<section class=\"elementor-section elementor-top-section elementor-element elementor-element-16e02b5 elementor-section-boxed elementor-section-height-default elementor-section-height-default\" data-id=\"16e02b5\" data-element_type=\"section\">\n\t\t\t\t\t\t<div class=\"elementor-container elementor-column-gap-default\">\n\t\t\t\t\t<div class=\"elementor-column elementor-col-100 elementor-top-column elementor-element elementor-element-bfb01cd\" data-id=\"bfb01cd\" data-element_type=\"column\" data-settings=\"{&quot;background_background&quot;:&quot;classic&quot;}\">\n\t\t\t<div class=\"elementor-widget-wrap elementor-element-populated\">\n\t\t\t\t\t\t<div class=\"elementor-element elementor-element-69bd362 elementor-widget__width-initial elementor-widget-mobile__width-initial elementor-widget elementor-widget-text-editor\" data-id=\"69bd362\" data-element_type=\"widget\" data-widget_type=\"text-editor.default\">\n\t\t\t\t<div class=\"elementor-widget-container\">\n\t\t\t\t\t\t\t\t\t<p>O ano 4 corresponde ao quarto ano do ensino fundamental e \u00e9 indicado para crian\u00e7as a partir de 9 anos de idade.<\/p><p>Este ano novas li\u00e7\u00f5es de Hist\u00f3ria s\u00e3o adicionadas, Hist\u00f3ria de Portugal e Hist\u00f3ria de Roma. Inicialmente estas linhas hist\u00f3ricas s\u00e3o trabalhadas com contos.<\/p><p>Em artes da linguagem as crian\u00e7as iniciam o estudo formal da gram\u00e1tica da l\u00edngua portuguesa e tamb\u00e9m a escrita de narra\u00e7\u00f5es de forma suave. As crian\u00e7as j\u00e1 conseguem ler parte de seus livros de li\u00e7\u00f5es.<\/p><p>Em ci\u00eancias, iremos al\u00e9m das plantas e animais para as demais ci\u00eancias naturais, tamb\u00e9m de forma suave.<\/p><p>\u00c9 um ano de muitas novidades!<\/p>\t\t\t\t\t\t\t\t<\/div>\n\t\t\t\t<\/div>\n\t\t\t\t<div class=\"elementor-element elementor-element-ee99967 elementor-widget__width-initial elementor-widget-mobile__width-initial elementor-widget elementor-widget-image\" data-id=\"ee99967\" data-element_type=\"widget\" data-widget_type=\"image.default\">\n\t\t\t\t<div class=\"elementor-widget-container\">\n\t\t\t\t\t\t\t\t\t\t\t\t\t\t\t<img fetchpriority=\"high\" decoding=\"async\" width=\"750\" height=\"584\" src=\"https:\/\/caminhovivo.com\/wp-content\/uploads\/2024\/07\/1_xPDJO3u-yuZCIX-bQWJiTw.jpg\" class=\"attachment-2048x2048 size-2048x2048 wp-image-1801\" alt=\"\" srcset=\"https:\/\/caminhovivo.com\/wp-content\/uploads\/2024\/07\/1_xPDJO3u-yuZCIX-bQWJiTw.jpg 750w, https:\/\/caminhovivo.com\/wp-content\/uploads\/2024\/07\/1_xPDJO3u-yuZCIX-bQWJiTw-300x234.jpg 300w, https:\/\/caminhovivo.com\/wp-content\/uploads\/2024\/07\/1_xPDJO3u-yuZCIX-bQWJiTw-600x467.jpg 600w\" sizes=\"(max-width: 750px) 100vw, 750px\" \/>\t\t\t\t\t\t\t\t\t\t\t\t\t\t\t<\/div>\n\t\t\t\t<\/div>\n\t\t\t\t\t<\/div>\n\t\t<\/div>\n\t\t\t\t\t<\/div>\n\t\t<\/section>\n\t\t\t\t<section class=\"elementor-section elementor-top-section elementor-element elementor-element-2bf3d35 elementor-section-boxed elementor-section-height-default elementor-section-height-default\" data-id=\"2bf3d35\" data-element_type=\"section\">\n\t\t\t\t\t\t<div class=\"elementor-container elementor-column-gap-default\">\n\t\t\t\t\t<div class=\"elementor-column elementor-col-100 elementor-top-column elementor-element elementor-element-48359f1\" data-id=\"48359f1\" data-element_type=\"column\">\n\t\t\t<div class=\"elementor-widget-wrap\">\n\t\t\t\t\t\t\t<\/div>\n\t\t<\/div>\n\t\t\t\t\t<\/div>\n\t\t<\/section>\n\t\t\t\t<section class=\"elementor-section elementor-top-section elementor-element elementor-element-780d0bb elementor-section-boxed elementor-section-height-default elementor-section-height-default\" data-id=\"780d0bb\" data-element_type=\"section\">\n\t\t\t\t\t\t<div class=\"elementor-container elementor-column-gap-default\">\n\t\t\t\t\t<div class=\"elementor-column elementor-col-100 elementor-top-column elementor-element elementor-element-3721b74\" data-id=\"3721b74\" data-element_type=\"column\" data-settings=\"{&quot;background_background&quot;:&quot;classic&quot;}\">\n\t\t\t<div class=\"elementor-widget-wrap elementor-element-populated\">\n\t\t\t\t\t\t<div class=\"elementor-element elementor-element-04bef1b elementor-widget elementor-widget-heading\" data-id=\"04bef1b\" data-element_type=\"widget\" data-widget_type=\"heading.default\">\n\t\t\t\t<div class=\"elementor-widget-container\">\n\t\t\t\t\t<h2 class=\"elementor-heading-title elementor-size-default\">Vis\u00e3o Geral<\/h2>\t\t\t\t<\/div>\n\t\t\t\t<\/div>\n\t\t\t\t<div class=\"elementor-element elementor-element-99fe115 elementor-widget elementor-widget-text-editor\" data-id=\"99fe115\" data-element_type=\"widget\" data-widget_type=\"text-editor.default\">\n\t\t\t\t<div class=\"elementor-widget-container\">\n\t\t\t\t\t\t\t\t\t<table><tbody><tr><td width=\"142\"><p>B\u00edblia<\/p><\/td><td width=\"142\"><p>Rute e I Samuel<\/p><p>Jo\u00e3o<\/p><\/td><td width=\"142\"><p>I Samuel<\/p><p>Jo\u00e3o<\/p><\/td><td width=\"142\"><p>II Samuel<\/p><p>Jo\u00e3o<\/p><\/td><\/tr><tr><td width=\"142\"><p>Biografias<\/p><\/td><td width=\"142\">Vidas dos reformadores<\/td><td width=\"142\">Vidas dos reformadores<\/td><td width=\"142\">Vidas dos reformadores<\/td><\/tr><tr><td width=\"142\"><p>Hist\u00f3ria<\/p><\/td><td width=\"142\"><p>Brasil Rep\u00fablica<\/p><p>Contos portugueses<\/p><p>Contos de Roma<\/p><\/td><td width=\"142\"><p>Brasil Rep\u00fablica<\/p><p>Contos portugueses<\/p><p>Contos de Roma<\/p><\/td><td width=\"142\"><p>Hist\u00f3ria local ou regional<\/p><p>Contos portugueses<\/p><p>Contos de Roma<\/p><\/td><\/tr><tr><td width=\"142\"><p>Biografia hist\u00f3rica<\/p><\/td><td width=\"142\"><p>Homens da Antiguidade<\/p><\/td><td width=\"142\"><p>Juscelino Kubitscheck<\/p><\/td><td width=\"142\"><p>Lampi\u00e3o<\/p><\/td><\/tr><tr><td width=\"142\"><p>Linguagem e literatura<\/p><\/td><td width=\"142\"><p>Literatura<\/p><p>Recita\u00e7\u00e3o de trechos b\u00edblicos e Poemas<\/p><p>Gram\u00e1tica<\/p><\/td><td width=\"142\"><p>Literatura<\/p><p>Recita\u00e7\u00e3o de trechos b\u00edblicos e Poemas<\/p><p>Gram\u00e1tica<\/p><\/td><td width=\"142\"><p>Literatura<\/p><p>Recita\u00e7\u00e3o de trechos b\u00edblicos e Poemas<\/p><p>Gram\u00e1tica<\/p><\/td><\/tr><tr><td width=\"142\"><p>Ci\u00eancias<\/p><\/td><td width=\"142\"><p>Astronomia<\/p><\/td><td width=\"142\"><p>Eletricidade<\/p><\/td><td width=\"142\"><p>Som<\/p><\/td><\/tr><tr><td width=\"142\"><p>Geografia<\/p><\/td><td width=\"142\"><p>Geografia do Brasil &#8211; Sua regi\u00e3o<\/p><p>Geografia f\u00edsica<\/p><\/td><td width=\"142\"><p>Geografia do Brasil &#8211; Sua regi\u00e3o<\/p><p>Geografia f\u00edsica<\/p><\/td><td width=\"142\"><p>Geografia do Brasil &#8211; Sua regi\u00e3o<\/p><p>Geografia f\u00edsica<\/p><\/td><\/tr><tr><td width=\"142\"><p>M\u00fasica<\/p><\/td><td width=\"142\"><p>Vida e obra de Alberto Nepomuceno<\/p><p>Pr\u00e1tica de um instrumento musical<\/p><\/td><td width=\"142\"><p>Vida e obra de Mendelssohn<\/p><p>Pr\u00e1tica de um instrumento musical<\/p><\/td><td width=\"142\"><p>Vida e obra de Camille Saint-Saens<\/p><p>Pr\u00e1tica de um instrumento musical<\/p><\/td><\/tr><tr><td width=\"142\"><p>Artes e artesanato<\/p><\/td><td width=\"142\"><p>Vida e obra de Georgina de Albuquerque<\/p><p>Croch\u00ea<\/p><\/td><td width=\"142\"><p>Vida e obra de Pedro Am\u00e9rico<\/p><p>Croch\u00ea<\/p><\/td><td width=\"142\"><p>Vida e obra de Albert Edelfelt<\/p><p>Desenho ou aquarela<\/p><\/td><\/tr><tr><td width=\"142\"><p>Matem\u00e1tica<\/p><\/td><td width=\"142\"><p>As li\u00e7\u00f5es podem variar conforme o material escolhido<\/p><\/td><td width=\"142\"><p>As li\u00e7\u00f5es podem variar conforme o material escolhido<\/p><\/td><td width=\"142\"><p>As li\u00e7\u00f5es podem variar conforme o material escolhido<\/p><\/td><\/tr><tr><td width=\"142\"><p>Ingl\u00eas<\/p><\/td><td width=\"142\">Gram\u00e1tica<\/td><td width=\"142\">Gram\u00e1tica<\/td><td width=\"142\">Gram\u00e1tica<\/td><\/tr><\/tbody><\/table>\t\t\t\t\t\t\t\t<\/div>\n\t\t\t\t<\/div>\n\t\t\t\t\t<\/div>\n\t\t<\/div>\n\t\t\t\t\t<\/div>\n\t\t<\/section>\n\t\t\t\t<section class=\"elementor-section elementor-top-section elementor-element elementor-element-de61384 elementor-section-boxed elementor-section-height-default elementor-section-height-default\" data-id=\"de61384\" data-element_type=\"section\">\n\t\t\t\t\t\t<div class=\"elementor-container elementor-column-gap-default\">\n\t\t\t\t\t<div class=\"elementor-column elementor-col-100 elementor-top-column elementor-element elementor-element-dd59461\" data-id=\"dd59461\" data-element_type=\"column\">\n\t\t\t<div class=\"elementor-widget-wrap elementor-element-populated\">\n\t\t\t\t\t\t<div class=\"elementor-element elementor-element-69743ae elementor-widget-divider--view-line_icon elementor-view-default elementor-widget-divider--element-align-center elementor-widget elementor-widget-divider\" data-id=\"69743ae\" data-element_type=\"widget\" data-widget_type=\"divider.default\">\n\t\t\t\t<div class=\"elementor-widget-container\">\n\t\t\t\t\t\t\t<div class=\"elementor-divider\">\n\t\t\t<span class=\"elementor-divider-separator\">\n\t\t\t\t\t\t\t<div class=\"elementor-icon elementor-divider__element\">\n\t\t\t\t\t<i aria-hidden=\"true\" class=\"fas fa-tree\"><\/i><\/div>\n\t\t\t\t\t\t<\/span>\n\t\t<\/div>\n\t\t\t\t\t\t<\/div>\n\t\t\t\t<\/div>\n\t\t\t\t<div class=\"elementor-element elementor-element-7074418 elementor-align-center elementor-widget__width-inherit elementor-widget elementor-widget-button\" data-id=\"7074418\" data-element_type=\"widget\" data-widget_type=\"button.default\">\n\t\t\t\t<div class=\"elementor-widget-container\">\n\t\t\t\t\t\t\t\t\t<div class=\"elementor-button-wrapper\">\n\t\t\t\t\t<a class=\"elementor-button elementor-button-link elementor-size-md\" href=\"https:\/\/chk.eduzz.com\/D0RV158B9Y\">\n\t\t\t\t\t\t<span class=\"elementor-button-content-wrapper\">\n\t\t\t\t\t\t\t\t\t<span class=\"elementor-button-text\">Indica\u00e7\u00f5es de livros<\/span>\n\t\t\t\t\t<\/span>\n\t\t\t\t\t<\/a>\n\t\t\t\t<\/div>\n\t\t\t\t\t\t\t\t<\/div>\n\t\t\t\t<\/div>\n\t\t\t\t\t<\/div>\n\t\t<\/div>\n\t\t\t\t\t<\/div>\n\t\t<\/section>\n\t\t\t\t<\/div>\n\t\t","protected":false},"excerpt":{"rendered":"<p>Ano 4 O ano 4 corresponde ao quarto ano do ensino fundamental e \u00e9 indicado para crian\u00e7as a partir de 9 anos de idade. Este ano novas li\u00e7\u00f5es de Hist\u00f3ria s\u00e3o adicionadas, Hist\u00f3ria de Portugal e Hist\u00f3ria de Roma. Inicialmente estas linhas hist\u00f3ricas s\u00e3o trabalhadas com contos. Em artes da linguagem as crian\u00e7as iniciam o &hellip;<\/p>\n<p class=\"read-more\"> <a class=\"\" href=\"https:\/\/caminhovivo.com\/index.php\/ano-4\/\"> <span class=\"screen-reader-text\">Ano 4<\/span> Leia mais &raquo;<\/a><\/p>\n","protected":false},"author":1,"featured_media":0,"parent":0,"menu_order":0,"comment_status":"closed","ping_status":"closed","template":"","meta":{"site-sidebar-layout":"no-sidebar","site-content-layout":"page-builder","ast-global-header-display":"","ast-main-header-display":"","ast-hfb-above-header-display":"","ast-hfb-below-header-display":"","ast-hfb-mobile-header-display":"","site-post-title":"disabled","ast-breadcrumbs-content":"","ast-featured-img":"disabled","footer-sml-layout":"","theme-transparent-header-meta":"","adv-header-id-meta":"","stick-header-meta":"","header-above-stick-meta":"","header-main-stick-meta":"","header-below-stick-meta":"","footnotes":""},"class_list":["post-1777","page","type-page","status-publish","hentry"],"yoast_head":"<!-- This site is optimized with the Yoast SEO plugin v23.5 - https:\/\/yoast.com\/wordpress\/plugins\/seo\/ -->\n<title>Ano 4 - Caminho Vivo<\/title>\n<meta name=\"robots\" content=\"index, follow, max-snippet:-1, max-image-preview:large, max-video-preview:-1\" \/>\n<link rel=\"canonical\" href=\"https:\/\/caminhovivo.com\/index.php\/ano-4\/\" \/>\n<meta property=\"og:locale\" content=\"pt_BR\" \/>\n<meta property=\"og:type\" content=\"article\" \/>\n<meta property=\"og:title\" content=\"Ano 4 - Caminho Vivo\" \/>\n<meta property=\"og:description\" content=\"Ano 4 O ano 4 corresponde ao quarto ano do ensino fundamental e \u00e9 indicado para crian\u00e7as a partir de 9 anos de idade. Este ano novas li\u00e7\u00f5es de Hist\u00f3ria s\u00e3o adicionadas, Hist\u00f3ria de Portugal e Hist\u00f3ria de Roma. Inicialmente estas linhas hist\u00f3ricas s\u00e3o trabalhadas com contos. Em artes da linguagem as crian\u00e7as iniciam o &hellip; Ano 4 Leia mais &raquo;\" \/>\n<meta property=\"og:url\" content=\"https:\/\/caminhovivo.com\/index.php\/ano-4\/\" \/>\n<meta property=\"og:site_name\" content=\"Caminho Vivo\" \/>\n<meta property=\"article:modified_time\" content=\"2025-11-27T16:15:33+00:00\" \/>\n<meta property=\"og:image\" content=\"http:\/\/caminhovivo.com\/wp-content\/uploads\/2024\/07\/1_xPDJO3u-yuZCIX-bQWJiTw.jpg\" \/>\n<meta name=\"twitter:card\" content=\"summary_large_image\" \/>\n<meta name=\"twitter:label1\" content=\"Est. tempo de leitura\" \/>\n\t<meta name=\"twitter:data1\" content=\"2 minutos\" \/>\n<script type=\"application\/ld+json\" class=\"yoast-schema-graph\">{\"@context\":\"https:\/\/schema.org\",\"@graph\":[{\"@type\":\"WebPage\",\"@id\":\"https:\/\/caminhovivo.com\/index.php\/ano-4\/\",\"url\":\"https:\/\/caminhovivo.com\/index.php\/ano-4\/\",\"name\":\"Ano 4 - Caminho Vivo\",\"isPartOf\":{\"@id\":\"https:\/\/caminhovivo.com\/#website\"},\"primaryImageOfPage\":{\"@id\":\"https:\/\/caminhovivo.com\/index.php\/ano-4\/#primaryimage\"},\"image\":{\"@id\":\"https:\/\/caminhovivo.com\/index.php\/ano-4\/#primaryimage\"},\"thumbnailUrl\":\"http:\/\/caminhovivo.com\/wp-content\/uploads\/2024\/07\/1_xPDJO3u-yuZCIX-bQWJiTw.jpg\",\"datePublished\":\"2024-07-08T14:45:02+00:00\",\"dateModified\":\"2025-11-27T16:15:33+00:00\",\"breadcrumb\":{\"@id\":\"https:\/\/caminhovivo.com\/index.php\/ano-4\/#breadcrumb\"},\"inLanguage\":\"pt-BR\",\"potentialAction\":[{\"@type\":\"ReadAction\",\"target\":[\"https:\/\/caminhovivo.com\/index.php\/ano-4\/\"]}]},{\"@type\":\"ImageObject\",\"inLanguage\":\"pt-BR\",\"@id\":\"https:\/\/caminhovivo.com\/index.php\/ano-4\/#primaryimage\",\"url\":\"https:\/\/caminhovivo.com\/wp-content\/uploads\/2024\/07\/1_xPDJO3u-yuZCIX-bQWJiTw.jpg\",\"contentUrl\":\"https:\/\/caminhovivo.com\/wp-content\/uploads\/2024\/07\/1_xPDJO3u-yuZCIX-bQWJiTw.jpg\",\"width\":750,\"height\":584},{\"@type\":\"BreadcrumbList\",\"@id\":\"https:\/\/caminhovivo.com\/index.php\/ano-4\/#breadcrumb\",\"itemListElement\":[{\"@type\":\"ListItem\",\"position\":1,\"name\":\"In\u00edcio\",\"item\":\"https:\/\/caminhovivo.com\/\"},{\"@type\":\"ListItem\",\"position\":2,\"name\":\"Ano 4\"}]},{\"@type\":\"WebSite\",\"@id\":\"https:\/\/caminhovivo.com\/#website\",\"url\":\"https:\/\/caminhovivo.com\/\",\"name\":\"Caminho Vivo\",\"description\":\"Curr\u00edculo para Educa\u00e7\u00e3o Domiciliar\",\"publisher\":{\"@id\":\"https:\/\/caminhovivo.com\/#organization\"},\"potentialAction\":[{\"@type\":\"SearchAction\",\"target\":{\"@type\":\"EntryPoint\",\"urlTemplate\":\"https:\/\/caminhovivo.com\/?s={search_term_string}\"},\"query-input\":{\"@type\":\"PropertyValueSpecification\",\"valueRequired\":true,\"valueName\":\"search_term_string\"}}],\"inLanguage\":\"pt-BR\"},{\"@type\":\"Organization\",\"@id\":\"https:\/\/caminhovivo.com\/#organization\",\"name\":\"Caminho Vivo\",\"url\":\"https:\/\/caminhovivo.com\/\",\"logo\":{\"@type\":\"ImageObject\",\"inLanguage\":\"pt-BR\",\"@id\":\"https:\/\/caminhovivo.com\/#\/schema\/logo\/image\/\",\"url\":\"https:\/\/caminhovivo.com\/wp-content\/uploads\/2024\/01\/HOMESCHOOL-3.png\",\"contentUrl\":\"https:\/\/caminhovivo.com\/wp-content\/uploads\/2024\/01\/HOMESCHOOL-3.png\",\"width\":2000,\"height\":1333,\"caption\":\"Caminho Vivo\"},\"image\":{\"@id\":\"https:\/\/caminhovivo.com\/#\/schema\/logo\/image\/\"}}]}<\/script>\n<!-- \/ Yoast SEO plugin. -->","yoast_head_json":{"title":"Ano 4 - Caminho Vivo","robots":{"index":"index","follow":"follow","max-snippet":"max-snippet:-1","max-image-preview":"max-image-preview:large","max-video-preview":"max-video-preview:-1"},"canonical":"https:\/\/caminhovivo.com\/index.php\/ano-4\/","og_locale":"pt_BR","og_type":"article","og_title":"Ano 4 - Caminho Vivo","og_description":"Ano 4 O ano 4 corresponde ao quarto ano do ensino fundamental e \u00e9 indicado para crian\u00e7as a partir de 9 anos de idade. Este ano novas li\u00e7\u00f5es de Hist\u00f3ria s\u00e3o adicionadas, Hist\u00f3ria de Portugal e Hist\u00f3ria de Roma. Inicialmente estas linhas hist\u00f3ricas s\u00e3o trabalhadas com contos. Em artes da linguagem as crian\u00e7as iniciam o &hellip; Ano 4 Leia mais &raquo;","og_url":"https:\/\/caminhovivo.com\/index.php\/ano-4\/","og_site_name":"Caminho Vivo","article_modified_time":"2025-11-27T16:15:33+00:00","og_image":[{"url":"http:\/\/caminhovivo.com\/wp-content\/uploads\/2024\/07\/1_xPDJO3u-yuZCIX-bQWJiTw.jpg"}],"twitter_card":"summary_large_image","twitter_misc":{"Est. tempo de leitura":"2 minutos"},"schema":{"@context":"https:\/\/schema.org","@graph":[{"@type":"WebPage","@id":"https:\/\/caminhovivo.com\/index.php\/ano-4\/","url":"https:\/\/caminhovivo.com\/index.php\/ano-4\/","name":"Ano 4 - Caminho Vivo","isPartOf":{"@id":"https:\/\/caminhovivo.com\/#website"},"primaryImageOfPage":{"@id":"https:\/\/caminhovivo.com\/index.php\/ano-4\/#primaryimage"},"image":{"@id":"https:\/\/caminhovivo.com\/index.php\/ano-4\/#primaryimage"},"thumbnailUrl":"http:\/\/caminhovivo.com\/wp-content\/uploads\/2024\/07\/1_xPDJO3u-yuZCIX-bQWJiTw.jpg","datePublished":"2024-07-08T14:45:02+00:00","dateModified":"2025-11-27T16:15:33+00:00","breadcrumb":{"@id":"https:\/\/caminhovivo.com\/index.php\/ano-4\/#breadcrumb"},"inLanguage":"pt-BR","potentialAction":[{"@type":"ReadAction","target":["https:\/\/caminhovivo.com\/index.php\/ano-4\/"]}]},{"@type":"ImageObject","inLanguage":"pt-BR","@id":"https:\/\/caminhovivo.com\/index.php\/ano-4\/#primaryimage","url":"https:\/\/caminhovivo.com\/wp-content\/uploads\/2024\/07\/1_xPDJO3u-yuZCIX-bQWJiTw.jpg","contentUrl":"https:\/\/caminhovivo.com\/wp-content\/uploads\/2024\/07\/1_xPDJO3u-yuZCIX-bQWJiTw.jpg","width":750,"height":584},{"@type":"BreadcrumbList","@id":"https:\/\/caminhovivo.com\/index.php\/ano-4\/#breadcrumb","itemListElement":[{"@type":"ListItem","position":1,"name":"In\u00edcio","item":"https:\/\/caminhovivo.com\/"},{"@type":"ListItem","position":2,"name":"Ano 4"}]},{"@type":"WebSite","@id":"https:\/\/caminhovivo.com\/#website","url":"https:\/\/caminhovivo.com\/","name":"Caminho Vivo","description":"Curr\u00edculo para Educa\u00e7\u00e3o Domiciliar","publisher":{"@id":"https:\/\/caminhovivo.com\/#organization"},"potentialAction":[{"@type":"SearchAction","target":{"@type":"EntryPoint","urlTemplate":"https:\/\/caminhovivo.com\/?s={search_term_string}"},"query-input":{"@type":"PropertyValueSpecification","valueRequired":true,"valueName":"search_term_string"}}],"inLanguage":"pt-BR"},{"@type":"Organization","@id":"https:\/\/caminhovivo.com\/#organization","name":"Caminho Vivo","url":"https:\/\/caminhovivo.com\/","logo":{"@type":"ImageObject","inLanguage":"pt-BR","@id":"https:\/\/caminhovivo.com\/#\/schema\/logo\/image\/","url":"https:\/\/caminhovivo.com\/wp-content\/uploads\/2024\/01\/HOMESCHOOL-3.png","contentUrl":"https:\/\/caminhovivo.com\/wp-content\/uploads\/2024\/01\/HOMESCHOOL-3.png","width":2000,"height":1333,"caption":"Caminho Vivo"},"image":{"@id":"https:\/\/caminhovivo.com\/#\/schema\/logo\/image\/"}}]}},"_links":{"self":[{"href":"https:\/\/caminhovivo.com\/index.php\/wp-json\/wp\/v2\/pages\/1777"}],"collection":[{"href":"https:\/\/caminhovivo.com\/index.php\/wp-json\/wp\/v2\/pages"}],"about":[{"href":"https:\/\/caminhovivo.com\/index.php\/wp-json\/wp\/v2\/types\/page"}],"author":[{"embeddable":true,"href":"https:\/\/caminhovivo.com\/index.php\/wp-json\/wp\/v2\/users\/1"}],"replies":[{"embeddable":true,"href":"https:\/\/caminhovivo.com\/index.php\/wp-json\/wp\/v2\/comments?post=1777"}],"version-history":[{"count":54,"href":"https:\/\/caminhovivo.com\/index.php\/wp-json\/wp\/v2\/pages\/1777\/revisions"}],"predecessor-version":[{"id":2998,"href":"https:\/\/caminhovivo.com\/index.php\/wp-json\/wp\/v2\/pages\/1777\/revisions\/2998"}],"wp:attachment":[{"href":"https:\/\/caminhovivo.com\/index.php\/wp-json\/wp\/v2\/media?parent=1777"}],"curies":[{"name":"wp","href":"https:\/\/api.w.org\/{rel}","templated":true}]}}