{"id":1560,"date":"2024-01-27T10:54:21","date_gmt":"2024-01-27T13:54:21","guid":{"rendered":"https:\/\/caminhovivo.com\/?page_id=1560"},"modified":"2025-12-01T09:31:18","modified_gmt":"2025-12-01T12:31:18","slug":"area-dos-pais","status":"publish","type":"page","link":"https:\/\/caminhovivo.com\/index.php\/area-dos-pais\/","title":{"rendered":"\u00c1rea dos Pais"},"content":{"rendered":"<div class=\"members-access-error\">&nbsp;<\/p>\n<p>&nbsp;<\/p>\n<p>&nbsp;<\/p>\n<p style=\"text-align: center\">Desculpe, o conte\u00fado que voc\u00ea deseja acessar \u00e9 restrito<\/p>\n<p style=\"text-align: center\">aos assinantes da Comunidade M\u00e3es do Caminho.<\/p>\n<p>&nbsp;<\/p>\n<p style=\"text-align: center\">J\u00e1 \u00e9 uma M\u00e3e do Caminho? <a href=\"https:\/\/caminhovivo.com\/wp-login.php\">Acesse aqui<\/a><\/p>\n<p>&nbsp;<\/p>\n<p style=\"text-align: center\">Tenha acesso \u00e0s listas de livros <a href=\"https:\/\/caminhovivo.com\/index.php\/recursos-aos-pais\/\">aqui<\/a>;<\/p>\n<p style=\"text-align: center\">ou<\/p>\n<p style=\"text-align: center\">Torne-se um membro da nossa comunidade e tenha acesso a todos os nossos recursos, <a href=\"https:\/\/caminhovivo.com\/index.php\/emcasacomcharlotte\/\" target=\"_blank\" rel=\"noopener\">clicando aq<\/a><a href=\"https:\/\/go.hotmart.com\/R90309021J\" target=\"_blank\" rel=\"noopener\">ui<\/a>.<\/p>\n<p>&nbsp;<\/p>\n<p>&nbsp;<\/p>\n<p>&nbsp;<\/p>\n<p>&nbsp;<\/p>\n<p>&nbsp;<\/p>\n<p>&nbsp;<\/p>\n<p>&nbsp;<\/p>\n<p>&nbsp;<\/p><\/div>\n","protected":false},"excerpt":{"rendered":"<div class=\"members-access-error\">&nbsp;<\/p>\n<p>&nbsp;<\/p>\n<p>&nbsp;<\/p>\n<p style=\"text-align: center\">Desculpe, o conte\u00fado que voc\u00ea deseja acessar \u00e9 restrito<\/p>\n<p style=\"text-align: center\">aos assinantes da Comunidade M\u00e3es do Caminho.<\/p>\n<p>&nbsp;<\/p>\n<p style=\"text-align: center\">J\u00e1 \u00e9 uma M\u00e3e do Caminho? <a href=\"https:\/\/caminhovivo.com\/wp-login.php\">Acesse aqui<\/a><\/p>\n<p>&nbsp;<\/p>\n<p style=\"text-align: center\">Tenha acesso \u00e0s listas de livros <a href=\"https:\/\/caminhovivo.com\/index.php\/recursos-aos-pais\/\">aqui<\/a>;<\/p>\n<p style=\"text-align: center\">ou<\/p>\n<p style=\"text-align: center\">Torne-se um membro da nossa comunidade e tenha acesso a todos os nossos recursos, <a href=\"https:\/\/caminhovivo.com\/index.php\/emcasacomcharlotte\/\" target=\"_blank\" rel=\"noopener\">clicando aq<\/a><a href=\"https:\/\/go.hotmart.com\/R90309021J\" target=\"_blank\" rel=\"noopener\">ui<\/a>.<\/p>\n<p>&nbsp;<\/p>\n<p>&nbsp;<\/p>\n<p>&nbsp;<\/p>\n<p>&nbsp;<\/p>\n<p>&nbsp;<\/p>\n<p>&nbsp;<\/p>\n<p>&nbsp;<\/p>\n<p>&nbsp;<\/p><\/div>\n","protected":false},"author":1,"featured_media":0,"parent":0,"menu_order":0,"comment_status":"closed","ping_status":"closed","template":"","meta":{"site-sidebar-layout":"no-sidebar","site-content-layout":"page-builder","ast-global-header-display":"","ast-main-header-display":"","ast-hfb-above-header-display":"","ast-hfb-below-header-display":"","ast-hfb-mobile-header-display":"","site-post-title":"disabled","ast-breadcrumbs-content":"","ast-featured-img":"disabled","footer-sml-layout":"","theme-transparent-header-meta":"default","adv-header-id-meta":"","stick-header-meta":"","header-above-stick-meta":"","header-main-stick-meta":"","header-below-stick-meta":"","footnotes":""},"class_list":["post-1560","page","type-page","status-publish","hentry"],"yoast_head":"<!-- This site is optimized with the Yoast SEO plugin v23.5 - https:\/\/yoast.com\/wordpress\/plugins\/seo\/ -->\n<title>\u00c1rea dos Pais - Caminho Vivo<\/title>\n<meta name=\"robots\" content=\"index, follow, max-snippet:-1, max-image-preview:large, max-video-preview:-1\" \/>\n<link rel=\"canonical\" href=\"https:\/\/caminhovivo.com\/index.php\/area-dos-pais\/\" \/>\n<meta property=\"og:locale\" content=\"pt_BR\" \/>\n<meta property=\"og:type\" content=\"article\" \/>\n<meta property=\"og:title\" content=\"\u00c1rea dos Pais - Caminho Vivo\" \/>\n<meta property=\"og:description\" content=\"&nbsp; &nbsp; &nbsp; Desculpe, o conte\u00fado que voc\u00ea deseja acessar \u00e9 restrito aos assinantes da Comunidade M\u00e3es do Caminho. &nbsp; J\u00e1 \u00e9 uma M\u00e3e do Caminho? Acesse aqui &nbsp; Tenha acesso \u00e0s listas de livros aqui; ou Torne-se um membro da nossa comunidade e tenha acesso a todos os nossos recursos, clicando aqui. &nbsp; &nbsp; &nbsp; &nbsp; &nbsp; &nbsp; &nbsp; &nbsp;\" \/>\n<meta property=\"og:url\" content=\"https:\/\/caminhovivo.com\/index.php\/area-dos-pais\/\" \/>\n<meta property=\"og:site_name\" content=\"Caminho Vivo\" \/>\n<meta property=\"article:modified_time\" content=\"2025-12-01T12:31:18+00:00\" \/>\n<meta property=\"og:image\" content=\"http:\/\/caminhovivo.com\/wp-content\/uploads\/2024\/01\/people-students-university-6027028-1024x682.jpg\" \/>\n<meta name=\"twitter:card\" content=\"summary_large_image\" \/>\n<meta name=\"twitter:label1\" content=\"Est. tempo de leitura\" \/>\n\t<meta name=\"twitter:data1\" content=\"3 minutos\" \/>\n<script type=\"application\/ld+json\" class=\"yoast-schema-graph\">{\"@context\":\"https:\/\/schema.org\",\"@graph\":[{\"@type\":\"WebPage\",\"@id\":\"https:\/\/caminhovivo.com\/index.php\/area-dos-pais\/\",\"url\":\"https:\/\/caminhovivo.com\/index.php\/area-dos-pais\/\",\"name\":\"\u00c1rea dos Pais - Caminho Vivo\",\"isPartOf\":{\"@id\":\"https:\/\/caminhovivo.com\/#website\"},\"primaryImageOfPage\":{\"@id\":\"https:\/\/caminhovivo.com\/index.php\/area-dos-pais\/#primaryimage\"},\"image\":{\"@id\":\"https:\/\/caminhovivo.com\/index.php\/area-dos-pais\/#primaryimage\"},\"thumbnailUrl\":\"http:\/\/caminhovivo.com\/wp-content\/uploads\/2024\/01\/people-students-university-6027028-1024x682.jpg\",\"datePublished\":\"2024-01-27T13:54:21+00:00\",\"dateModified\":\"2025-12-01T12:31:18+00:00\",\"breadcrumb\":{\"@id\":\"https:\/\/caminhovivo.com\/index.php\/area-dos-pais\/#breadcrumb\"},\"inLanguage\":\"pt-BR\",\"potentialAction\":[{\"@type\":\"ReadAction\",\"target\":[\"https:\/\/caminhovivo.com\/index.php\/area-dos-pais\/\"]}]},{\"@type\":\"ImageObject\",\"inLanguage\":\"pt-BR\",\"@id\":\"https:\/\/caminhovivo.com\/index.php\/area-dos-pais\/#primaryimage\",\"url\":\"https:\/\/caminhovivo.com\/wp-content\/uploads\/2024\/01\/people-students-university-6027028.jpg\",\"contentUrl\":\"https:\/\/caminhovivo.com\/wp-content\/uploads\/2024\/01\/people-students-university-6027028.jpg\",\"width\":1280,\"height\":853,\"caption\":\"people, students, university-6027028.jpg\"},{\"@type\":\"BreadcrumbList\",\"@id\":\"https:\/\/caminhovivo.com\/index.php\/area-dos-pais\/#breadcrumb\",\"itemListElement\":[{\"@type\":\"ListItem\",\"position\":1,\"name\":\"In\u00edcio\",\"item\":\"https:\/\/caminhovivo.com\/\"},{\"@type\":\"ListItem\",\"position\":2,\"name\":\"\u00c1rea dos Pais\"}]},{\"@type\":\"WebSite\",\"@id\":\"https:\/\/caminhovivo.com\/#website\",\"url\":\"https:\/\/caminhovivo.com\/\",\"name\":\"Caminho Vivo\",\"description\":\"Curr\u00edculo para Educa\u00e7\u00e3o Domiciliar\",\"publisher\":{\"@id\":\"https:\/\/caminhovivo.com\/#organization\"},\"potentialAction\":[{\"@type\":\"SearchAction\",\"target\":{\"@type\":\"EntryPoint\",\"urlTemplate\":\"https:\/\/caminhovivo.com\/?s={search_term_string}\"},\"query-input\":{\"@type\":\"PropertyValueSpecification\",\"valueRequired\":true,\"valueName\":\"search_term_string\"}}],\"inLanguage\":\"pt-BR\"},{\"@type\":\"Organization\",\"@id\":\"https:\/\/caminhovivo.com\/#organization\",\"name\":\"Caminho Vivo\",\"url\":\"https:\/\/caminhovivo.com\/\",\"logo\":{\"@type\":\"ImageObject\",\"inLanguage\":\"pt-BR\",\"@id\":\"https:\/\/caminhovivo.com\/#\/schema\/logo\/image\/\",\"url\":\"https:\/\/caminhovivo.com\/wp-content\/uploads\/2024\/01\/HOMESCHOOL-3.png\",\"contentUrl\":\"https:\/\/caminhovivo.com\/wp-content\/uploads\/2024\/01\/HOMESCHOOL-3.png\",\"width\":2000,\"height\":1333,\"caption\":\"Caminho Vivo\"},\"image\":{\"@id\":\"https:\/\/caminhovivo.com\/#\/schema\/logo\/image\/\"}}]}<\/script>\n<!-- \/ Yoast SEO plugin. -->","yoast_head_json":{"title":"\u00c1rea dos Pais - Caminho Vivo","robots":{"index":"index","follow":"follow","max-snippet":"max-snippet:-1","max-image-preview":"max-image-preview:large","max-video-preview":"max-video-preview:-1"},"canonical":"https:\/\/caminhovivo.com\/index.php\/area-dos-pais\/","og_locale":"pt_BR","og_type":"article","og_title":"\u00c1rea dos Pais - Caminho Vivo","og_description":"&nbsp; &nbsp; &nbsp; Desculpe, o conte\u00fado que voc\u00ea deseja acessar \u00e9 restrito aos assinantes da Comunidade M\u00e3es do Caminho. &nbsp; J\u00e1 \u00e9 uma M\u00e3e do Caminho? Acesse aqui &nbsp; Tenha acesso \u00e0s listas de livros aqui; ou Torne-se um membro da nossa comunidade e tenha acesso a todos os nossos recursos, clicando aqui. &nbsp; &nbsp; &nbsp; &nbsp; &nbsp; &nbsp; &nbsp; &nbsp;","og_url":"https:\/\/caminhovivo.com\/index.php\/area-dos-pais\/","og_site_name":"Caminho Vivo","article_modified_time":"2025-12-01T12:31:18+00:00","og_image":[{"url":"http:\/\/caminhovivo.com\/wp-content\/uploads\/2024\/01\/people-students-university-6027028-1024x682.jpg"}],"twitter_card":"summary_large_image","twitter_misc":{"Est. tempo de leitura":"3 minutos"},"schema":{"@context":"https:\/\/schema.org","@graph":[{"@type":"WebPage","@id":"https:\/\/caminhovivo.com\/index.php\/area-dos-pais\/","url":"https:\/\/caminhovivo.com\/index.php\/area-dos-pais\/","name":"\u00c1rea dos Pais - Caminho Vivo","isPartOf":{"@id":"https:\/\/caminhovivo.com\/#website"},"primaryImageOfPage":{"@id":"https:\/\/caminhovivo.com\/index.php\/area-dos-pais\/#primaryimage"},"image":{"@id":"https:\/\/caminhovivo.com\/index.php\/area-dos-pais\/#primaryimage"},"thumbnailUrl":"http:\/\/caminhovivo.com\/wp-content\/uploads\/2024\/01\/people-students-university-6027028-1024x682.jpg","datePublished":"2024-01-27T13:54:21+00:00","dateModified":"2025-12-01T12:31:18+00:00","breadcrumb":{"@id":"https:\/\/caminhovivo.com\/index.php\/area-dos-pais\/#breadcrumb"},"inLanguage":"pt-BR","potentialAction":[{"@type":"ReadAction","target":["https:\/\/caminhovivo.com\/index.php\/area-dos-pais\/"]}]},{"@type":"ImageObject","inLanguage":"pt-BR","@id":"https:\/\/caminhovivo.com\/index.php\/area-dos-pais\/#primaryimage","url":"https:\/\/caminhovivo.com\/wp-content\/uploads\/2024\/01\/people-students-university-6027028.jpg","contentUrl":"https:\/\/caminhovivo.com\/wp-content\/uploads\/2024\/01\/people-students-university-6027028.jpg","width":1280,"height":853,"caption":"people, students, university-6027028.jpg"},{"@type":"BreadcrumbList","@id":"https:\/\/caminhovivo.com\/index.php\/area-dos-pais\/#breadcrumb","itemListElement":[{"@type":"ListItem","position":1,"name":"In\u00edcio","item":"https:\/\/caminhovivo.com\/"},{"@type":"ListItem","position":2,"name":"\u00c1rea dos Pais"}]},{"@type":"WebSite","@id":"https:\/\/caminhovivo.com\/#website","url":"https:\/\/caminhovivo.com\/","name":"Caminho Vivo","description":"Curr\u00edculo para Educa\u00e7\u00e3o Domiciliar","publisher":{"@id":"https:\/\/caminhovivo.com\/#organization"},"potentialAction":[{"@type":"SearchAction","target":{"@type":"EntryPoint","urlTemplate":"https:\/\/caminhovivo.com\/?s={search_term_string}"},"query-input":{"@type":"PropertyValueSpecification","valueRequired":true,"valueName":"search_term_string"}}],"inLanguage":"pt-BR"},{"@type":"Organization","@id":"https:\/\/caminhovivo.com\/#organization","name":"Caminho Vivo","url":"https:\/\/caminhovivo.com\/","logo":{"@type":"ImageObject","inLanguage":"pt-BR","@id":"https:\/\/caminhovivo.com\/#\/schema\/logo\/image\/","url":"https:\/\/caminhovivo.com\/wp-content\/uploads\/2024\/01\/HOMESCHOOL-3.png","contentUrl":"https:\/\/caminhovivo.com\/wp-content\/uploads\/2024\/01\/HOMESCHOOL-3.png","width":2000,"height":1333,"caption":"Caminho Vivo"},"image":{"@id":"https:\/\/caminhovivo.com\/#\/schema\/logo\/image\/"}}]}},"_links":{"self":[{"href":"https:\/\/caminhovivo.com\/index.php\/wp-json\/wp\/v2\/pages\/1560"}],"collection":[{"href":"https:\/\/caminhovivo.com\/index.php\/wp-json\/wp\/v2\/pages"}],"about":[{"href":"https:\/\/caminhovivo.com\/index.php\/wp-json\/wp\/v2\/types\/page"}],"author":[{"embeddable":true,"href":"https:\/\/caminhovivo.com\/index.php\/wp-json\/wp\/v2\/users\/1"}],"replies":[{"embeddable":true,"href":"https:\/\/caminhovivo.com\/index.php\/wp-json\/wp\/v2\/comments?post=1560"}],"version-history":[{"count":97,"href":"https:\/\/caminhovivo.com\/index.php\/wp-json\/wp\/v2\/pages\/1560\/revisions"}],"predecessor-version":[{"id":3015,"href":"https:\/\/caminhovivo.com\/index.php\/wp-json\/wp\/v2\/pages\/1560\/revisions\/3015"}],"wp:attachment":[{"href":"https:\/\/caminhovivo.com\/index.php\/wp-json\/wp\/v2\/media?parent=1560"}],"curies":[{"name":"wp","href":"https:\/\/api.w.org\/{rel}","templated":true}]}}