{"id":1548,"date":"2024-01-23T14:46:30","date_gmt":"2024-01-23T17:46:30","guid":{"rendered":"https:\/\/caminhovivo.com\/?page_id=1548"},"modified":"2025-11-27T12:48:08","modified_gmt":"2025-11-27T15:48:08","slug":"ano-2","status":"publish","type":"page","link":"https:\/\/caminhovivo.com\/index.php\/ano-2\/","title":{"rendered":"Ano 2"},"content":{"rendered":"\t\t<div data-elementor-type=\"wp-page\" data-elementor-id=\"1548\" class=\"elementor elementor-1548\">\n\t\t\t\t\t\t<section class=\"elementor-section elementor-top-section elementor-element elementor-element-576f2b3 elementor-section-boxed elementor-section-height-default elementor-section-height-default\" data-id=\"576f2b3\" data-element_type=\"section\">\n\t\t\t\t\t\t<div class=\"elementor-container elementor-column-gap-default\">\n\t\t\t\t\t<div class=\"elementor-column elementor-col-100 elementor-top-column elementor-element elementor-element-e3b6ec5\" data-id=\"e3b6ec5\" data-element_type=\"column\">\n\t\t\t<div class=\"elementor-widget-wrap elementor-element-populated\">\n\t\t\t\t\t\t<div class=\"elementor-element elementor-element-44f4b87 elementor-widget elementor-widget-heading\" data-id=\"44f4b87\" data-element_type=\"widget\" data-widget_type=\"heading.default\">\n\t\t\t\t<div class=\"elementor-widget-container\">\n\t\t\t\t\t<h1 class=\"elementor-heading-title elementor-size-default\">Ano 2<\/h1>\t\t\t\t<\/div>\n\t\t\t\t<\/div>\n\t\t\t\t\t<\/div>\n\t\t<\/div>\n\t\t\t\t\t<\/div>\n\t\t<\/section>\n\t\t\t\t<section class=\"elementor-section elementor-top-section elementor-element elementor-element-949f3c6 elementor-section-boxed elementor-section-height-default elementor-section-height-default\" data-id=\"949f3c6\" data-element_type=\"section\" data-settings=\"{&quot;background_background&quot;:&quot;classic&quot;}\">\n\t\t\t\t\t\t<div class=\"elementor-container elementor-column-gap-default\">\n\t\t\t\t\t<div class=\"elementor-column elementor-col-50 elementor-top-column elementor-element elementor-element-7dbedfe\" data-id=\"7dbedfe\" data-element_type=\"column\" data-settings=\"{&quot;background_background&quot;:&quot;gradient&quot;}\">\n\t\t\t<div class=\"elementor-widget-wrap elementor-element-populated\">\n\t\t\t\t\t\t<div class=\"elementor-element elementor-element-7ebeae3 elementor-widget elementor-widget-text-editor\" data-id=\"7ebeae3\" data-element_type=\"widget\" data-widget_type=\"text-editor.default\">\n\t\t\t\t<div class=\"elementor-widget-container\">\n\t\t\t\t\t\t\t\t\t<p>O ano 2 corresponde ao segundo ano do ensino fundamental e \u00e9 indicado para crian\u00e7as a partir de 7 anos de idade.<\/p><p>Neste ano o foco \u00e9 consolidar o h\u00e1bito da aten\u00e7\u00e3o e a flu\u00eancia da leitura.<\/p><p>Os livros sugeridos para as li\u00e7\u00f5es de hist\u00f3ria, biografia, ci\u00eancias e geografia devem ser ouvidos e narrados. Para a narra\u00e7\u00e3o, a m\u00e3e ou o professor ler\u00e1 pequenos trechos e solicitar\u00e1 \u00e0 crian\u00e7a que ela reconte com suas palavras o que ouviu.<\/p><p>Pouco trabalho adicional \u00e9 necess\u00e1rio. Ilustra\u00e7\u00f5es das leituras\u00a0 e a busca por lugares citados em mapas \u00e9 incentivada.<\/p><p>Toda bibliografia indicada s\u00e3o sugest\u00f5es.\u00a0 Voc\u00ea \u00e9 livre para substituir ou acrescentar conforme a necessidade e o interesse da sua fam\u00edlia.<\/p>\t\t\t\t\t\t\t\t<\/div>\n\t\t\t\t<\/div>\n\t\t\t\t\t<\/div>\n\t\t<\/div>\n\t\t\t\t<div class=\"elementor-column elementor-col-50 elementor-top-column elementor-element elementor-element-e6961a9\" data-id=\"e6961a9\" data-element_type=\"column\">\n\t\t\t<div class=\"elementor-widget-wrap elementor-element-populated\">\n\t\t\t\t\t\t<div class=\"elementor-element elementor-element-3f3d321 elementor-widget__width-initial elementor-widget elementor-widget-image\" data-id=\"3f3d321\" data-element_type=\"widget\" data-widget_type=\"image.default\">\n\t\t\t\t<div class=\"elementor-widget-container\">\n\t\t\t\t\t\t\t\t\t\t\t\t\t\t\t<img fetchpriority=\"high\" decoding=\"async\" width=\"250\" height=\"358\" src=\"https:\/\/caminhovivo.com\/wp-content\/uploads\/2024\/01\/Johannes_Vermeer_1632-1675_-_The_Girl_With_The_Pearl_Earring_1665.jpg\" class=\"attachment-1536x1536 size-1536x1536 wp-image-1550\" alt=\"\" srcset=\"https:\/\/caminhovivo.com\/wp-content\/uploads\/2024\/01\/Johannes_Vermeer_1632-1675_-_The_Girl_With_The_Pearl_Earring_1665.jpg 250w, https:\/\/caminhovivo.com\/wp-content\/uploads\/2024\/01\/Johannes_Vermeer_1632-1675_-_The_Girl_With_The_Pearl_Earring_1665-209x300.jpg 209w\" sizes=\"(max-width: 250px) 100vw, 250px\" \/>\t\t\t\t\t\t\t\t\t\t\t\t\t\t\t<\/div>\n\t\t\t\t<\/div>\n\t\t\t\t\t<\/div>\n\t\t<\/div>\n\t\t\t\t\t<\/div>\n\t\t<\/section>\n\t\t\t\t<section class=\"elementor-section elementor-top-section elementor-element elementor-element-e439a47 elementor-section-boxed elementor-section-height-default elementor-section-height-default\" data-id=\"e439a47\" data-element_type=\"section\">\n\t\t\t\t\t\t<div class=\"elementor-container elementor-column-gap-default\">\n\t\t\t\t\t<div class=\"elementor-column elementor-col-100 elementor-top-column elementor-element elementor-element-9ee6cca\" data-id=\"9ee6cca\" data-element_type=\"column\">\n\t\t\t<div class=\"elementor-widget-wrap elementor-element-populated\">\n\t\t\t\t\t\t<div class=\"elementor-element elementor-element-50abffc elementor-widget-divider--view-line_icon elementor-view-default elementor-widget-divider--element-align-center elementor-widget elementor-widget-divider\" data-id=\"50abffc\" data-element_type=\"widget\" data-widget_type=\"divider.default\">\n\t\t\t\t<div class=\"elementor-widget-container\">\n\t\t\t\t\t\t\t<div class=\"elementor-divider\">\n\t\t\t<span class=\"elementor-divider-separator\">\n\t\t\t\t\t\t\t<div class=\"elementor-icon elementor-divider__element\">\n\t\t\t\t\t<i aria-hidden=\"true\" class=\"fas fa-tree\"><\/i><\/div>\n\t\t\t\t\t\t<\/span>\n\t\t<\/div>\n\t\t\t\t\t\t<\/div>\n\t\t\t\t<\/div>\n\t\t\t\t\t<\/div>\n\t\t<\/div>\n\t\t\t\t\t<\/div>\n\t\t<\/section>\n\t\t\t\t<section class=\"elementor-section elementor-top-section elementor-element elementor-element-16c75bb elementor-section-boxed elementor-section-height-default elementor-section-height-default\" data-id=\"16c75bb\" data-element_type=\"section\">\n\t\t\t\t\t\t<div class=\"elementor-container elementor-column-gap-default\">\n\t\t\t\t\t<div class=\"elementor-column elementor-col-100 elementor-top-column elementor-element elementor-element-3e424f4\" data-id=\"3e424f4\" data-element_type=\"column\">\n\t\t\t<div class=\"elementor-widget-wrap\">\n\t\t\t\t\t\t\t<\/div>\n\t\t<\/div>\n\t\t\t\t\t<\/div>\n\t\t<\/section>\n\t\t\t\t<section class=\"elementor-section elementor-top-section elementor-element elementor-element-4797b9c elementor-section-boxed elementor-section-height-default elementor-section-height-default\" data-id=\"4797b9c\" data-element_type=\"section\" data-settings=\"{&quot;background_background&quot;:&quot;classic&quot;}\">\n\t\t\t\t\t\t\t<div class=\"elementor-background-overlay\"><\/div>\n\t\t\t\t\t\t\t<div class=\"elementor-container elementor-column-gap-default\">\n\t\t\t\t\t<div class=\"elementor-column elementor-col-100 elementor-top-column elementor-element elementor-element-a0dc82c\" data-id=\"a0dc82c\" data-element_type=\"column\">\n\t\t\t<div class=\"elementor-widget-wrap elementor-element-populated\">\n\t\t\t\t\t\t<div class=\"elementor-element elementor-element-98d7b05 elementor-widget elementor-widget-heading\" data-id=\"98d7b05\" data-element_type=\"widget\" data-widget_type=\"heading.default\">\n\t\t\t\t<div class=\"elementor-widget-container\">\n\t\t\t\t\t<h2 class=\"elementor-heading-title elementor-size-default\">Vis\u00e3o Geral<\/h2>\t\t\t\t<\/div>\n\t\t\t\t<\/div>\n\t\t\t\t<section class=\"elementor-section elementor-inner-section elementor-element elementor-element-80493d9 elementor-section-boxed elementor-section-height-default elementor-section-height-default\" data-id=\"80493d9\" data-element_type=\"section\">\n\t\t\t\t\t\t<div class=\"elementor-container elementor-column-gap-default\">\n\t\t\t\t\t<div class=\"elementor-column elementor-col-100 elementor-inner-column elementor-element elementor-element-d316b31\" data-id=\"d316b31\" data-element_type=\"column\">\n\t\t\t<div class=\"elementor-widget-wrap elementor-element-populated\">\n\t\t\t\t\t\t<div class=\"elementor-element elementor-element-c6b3b7a elementor-widget elementor-widget-text-editor\" data-id=\"c6b3b7a\" data-element_type=\"widget\" data-widget_type=\"text-editor.default\">\n\t\t\t\t<div class=\"elementor-widget-container\">\n\t\t\t\t\t\t\t\t\t<p>&nbsp; &nbsp; A primeira coluna corresponde \u00e0s Disciplinas de Estudo e as tr\u00eas colunas \u00e0 direita, aos assuntos a serem estudados a cada 3 meses.<\/p>\t\t\t\t\t\t\t\t<\/div>\n\t\t\t\t<\/div>\n\t\t\t\t\t<\/div>\n\t\t<\/div>\n\t\t\t\t\t<\/div>\n\t\t<\/section>\n\t\t\t\t<div class=\"elementor-element elementor-element-6b22549 elementor-widget elementor-widget-text-editor\" data-id=\"6b22549\" data-element_type=\"widget\" data-widget_type=\"text-editor.default\">\n\t\t\t\t<div class=\"elementor-widget-container\">\n\t\t\t\t\t\t\t\t\t<table><tbody><tr><td width=\"142\"><p>B\u00edblia<\/p><\/td><td width=\"142\"><p>\u00caxodo<\/p><p>Marcos\u00a0<\/p><\/td><td width=\"142\"><p>\u00caxodo<\/p><p>Marcos<\/p><\/td><td width=\"142\"><p>\u00caxodo<\/p><p>Marcos<\/p><\/td><\/tr><tr><td width=\"142\"><p>Biografias<\/p><\/td><td width=\"142\"><p>Hist\u00f3rias de Mission\u00e1rios<\/p><\/td><td width=\"142\"><p>Hist\u00f3rias de Mission\u00e1rios<\/p><\/td><td width=\"142\"><p>Hist\u00f3rias de Mission\u00e1rios<\/p><\/td><\/tr><tr><td width=\"142\"><p>Hist\u00f3ria<\/p><\/td><td width=\"142\"><p>Brasil &#8211; As Bandeiras<\/p><\/td><td width=\"142\"><p>Brasil &#8211; Inconfid\u00eancia Mineira<\/p><\/td><td width=\"142\"><p>Chegada da Fam\u00edlia Real ao Brasil<\/p><\/td><\/tr><tr><td width=\"142\">\u00a0<\/td><td width=\"142\">\u00a0<\/td><td width=\"142\">\u00a0<\/td><td width=\"142\">\u00a0<\/td><\/tr><tr><td width=\"142\"><p>Linguagem e literatura<\/p><\/td><td width=\"142\"><p>Pr\u00e1tica de leitura\u00a0<\/p><p>O Peregrino<\/p><p>Mitos gregos<\/p><p>Recita\u00e7\u00e3o de Salmos e Poemas<\/p><\/td><td width=\"142\"><p>Pr\u00e1tica de leitura\u00a0<\/p><p>O Peregrino<\/p><p>Mitos gregos<\/p><p>Recita\u00e7\u00e3o de trechos b\u00edblicos e Poemas<\/p><\/td><td width=\"142\"><p>Pr\u00e1tica de leitura\u00a0<\/p><p>O Peregrino<\/p><p>Mitos gregos<\/p><p>Recita\u00e7\u00e3o de Salmos e Poemas<\/p><\/td><\/tr><tr><td width=\"142\"><p>Ci\u00eancias<\/p><\/td><td width=\"142\"><p>H\u00e1bitos e sabedoria dos animais<\/p><p>Observa\u00e7\u00e3o de anf\u00edbios<\/p><\/td><td width=\"142\"><p>H\u00e1bitos e sabedoria dos animais<\/p><p>Observa\u00e7\u00e3o de peixes<\/p><\/td><td width=\"142\"><p>H\u00e1bitos e sabedoria dos animais<\/p><p>Visita\u00e7\u00e3o ao Zool\u00f3gico<\/p><\/td><\/tr><tr><td width=\"142\"><p>Geografia<\/p><\/td><td width=\"142\"><p>Crian\u00e7as da Am\u00e9rica<\/p><p>Conceitos b\u00e1sicos em geografia<\/p><\/td><td width=\"142\"><p>Crian\u00e7as da \u00c1sia<\/p><p>Conceitos b\u00e1sicos em geografia<\/p><\/td><td width=\"142\"><p>Crian\u00e7as da \u00c1frica<\/p><p>Conceitos b\u00e1sicos em geografia<\/p><\/td><\/tr><tr><td width=\"142\"><p>M\u00fasica<\/p><\/td><td width=\"142\"><p>Vida e obra de Vivaldi<\/p><p>O aprendizado de um instrumento \u00e9 altamente recomendado<\/p><\/td><td width=\"142\"><p>Vida e obra de\u00a0 Bach<\/p><p>O aprendizado de um instrumento \u00e9 altamente recomendado<\/p><\/td><td width=\"142\"><p>Vida e obra de Franz Schubert\u00a0<\/p><p>O aprendizado de um instrumento \u00e9 altamente recomendado<\/p><\/td><\/tr><tr><td width=\"142\"><p>Artes e artesanato<\/p><\/td><td width=\"142\"><p>Vida e obra de Arthur John Elsley<\/p><p>Desenho<\/p><p>Dobraduras<\/p><\/td><td width=\"142\"><p>Vida e obra de Jan Vermeer<\/p><p>Desenho<\/p><p>Aquarela<\/p><\/td><td width=\"142\"><p>Vida e obra de Degas<\/p><p>Desenho<\/p><p>Aquarela<\/p><\/td><\/tr><tr><td width=\"142\"><p>Matem\u00e1tica<\/p><\/td><td width=\"142\"><p>As li\u00e7\u00f5es podem variar conforme o material escolhido<\/p><\/td><td width=\"142\"><p>As li\u00e7\u00f5es podem variar conforme o material escolhido<\/p><\/td><td width=\"142\"><p>As li\u00e7\u00f5es podem variar conforme o material escolhido<\/p><\/td><\/tr><tr><td width=\"142\"><p>Ingl\u00eas<\/p><\/td><td width=\"142\">Vocabul\u00e1rio atrav\u00e9s de hist\u00f3rias<\/td><td width=\"142\">Vocabul\u00e1rio atrav\u00e9s de hist\u00f3rias<\/td><td width=\"142\">Vocabul\u00e1rio atrav\u00e9s de hist\u00f3rias<\/td><\/tr><\/tbody><\/table>\t\t\t\t\t\t\t\t<\/div>\n\t\t\t\t<\/div>\n\t\t\t\t\t<\/div>\n\t\t<\/div>\n\t\t\t\t\t<\/div>\n\t\t<\/section>\n\t\t\t\t<section class=\"elementor-section elementor-top-section elementor-element elementor-element-52ab954 elementor-section-boxed elementor-section-height-default elementor-section-height-default\" data-id=\"52ab954\" data-element_type=\"section\">\n\t\t\t\t\t\t<div class=\"elementor-container elementor-column-gap-default\">\n\t\t\t\t\t<div class=\"elementor-column elementor-col-100 elementor-top-column elementor-element elementor-element-d9da175\" data-id=\"d9da175\" data-element_type=\"column\">\n\t\t\t<div class=\"elementor-widget-wrap elementor-element-populated\">\n\t\t\t\t\t\t<div class=\"elementor-element elementor-element-6b6e38c elementor-widget-divider--view-line_icon elementor-view-default elementor-widget-divider--element-align-center elementor-widget elementor-widget-divider\" data-id=\"6b6e38c\" data-element_type=\"widget\" data-widget_type=\"divider.default\">\n\t\t\t\t<div class=\"elementor-widget-container\">\n\t\t\t\t\t\t\t<div class=\"elementor-divider\">\n\t\t\t<span class=\"elementor-divider-separator\">\n\t\t\t\t\t\t\t<div class=\"elementor-icon elementor-divider__element\">\n\t\t\t\t\t<i aria-hidden=\"true\" class=\"fas fa-tree\"><\/i><\/div>\n\t\t\t\t\t\t<\/span>\n\t\t<\/div>\n\t\t\t\t\t\t<\/div>\n\t\t\t\t<\/div>\n\t\t\t\t<div class=\"elementor-element elementor-element-aa8060f elementor-align-center elementor-widget__width-inherit elementor-widget elementor-widget-button\" data-id=\"aa8060f\" data-element_type=\"widget\" data-widget_type=\"button.default\">\n\t\t\t\t<div class=\"elementor-widget-container\">\n\t\t\t\t\t\t\t\t\t<div class=\"elementor-button-wrapper\">\n\t\t\t\t\t<a class=\"elementor-button elementor-button-link elementor-size-md\" href=\"https:\/\/chk.eduzz.com\/801V4QKN97\">\n\t\t\t\t\t\t<span class=\"elementor-button-content-wrapper\">\n\t\t\t\t\t\t\t\t\t<span class=\"elementor-button-text\">Indica\u00e7\u00f5es de livros<\/span>\n\t\t\t\t\t<\/span>\n\t\t\t\t\t<\/a>\n\t\t\t\t<\/div>\n\t\t\t\t\t\t\t\t<\/div>\n\t\t\t\t<\/div>\n\t\t\t\t\t<\/div>\n\t\t<\/div>\n\t\t\t\t\t<\/div>\n\t\t<\/section>\n\t\t\t\t<\/div>\n\t\t","protected":false},"excerpt":{"rendered":"<p>Ano 2 O ano 2 corresponde ao segundo ano do ensino fundamental e \u00e9 indicado para crian\u00e7as a partir de 7 anos de idade. Neste ano o foco \u00e9 consolidar o h\u00e1bito da aten\u00e7\u00e3o e a flu\u00eancia da leitura. Os livros sugeridos para as li\u00e7\u00f5es de hist\u00f3ria, biografia, ci\u00eancias e geografia devem ser ouvidos e &hellip;<\/p>\n<p class=\"read-more\"> <a class=\"\" href=\"https:\/\/caminhovivo.com\/index.php\/ano-2\/\"> <span class=\"screen-reader-text\">Ano 2<\/span> Leia mais &raquo;<\/a><\/p>\n","protected":false},"author":1,"featured_media":0,"parent":0,"menu_order":0,"comment_status":"closed","ping_status":"closed","template":"","meta":{"site-sidebar-layout":"no-sidebar","site-content-layout":"page-builder","ast-global-header-display":"","ast-main-header-display":"","ast-hfb-above-header-display":"","ast-hfb-below-header-display":"","ast-hfb-mobile-header-display":"","site-post-title":"disabled","ast-breadcrumbs-content":"","ast-featured-img":"disabled","footer-sml-layout":"","theme-transparent-header-meta":"default","adv-header-id-meta":"","stick-header-meta":"","header-above-stick-meta":"","header-main-stick-meta":"","header-below-stick-meta":"","footnotes":""},"class_list":["post-1548","page","type-page","status-publish","hentry"],"yoast_head":"<!-- This site is optimized with the Yoast SEO plugin v23.5 - https:\/\/yoast.com\/wordpress\/plugins\/seo\/ -->\n<title>Ano 2 - Caminho Vivo<\/title>\n<meta name=\"robots\" content=\"index, follow, max-snippet:-1, max-image-preview:large, max-video-preview:-1\" \/>\n<link rel=\"canonical\" href=\"https:\/\/caminhovivo.com\/index.php\/ano-2\/\" \/>\n<meta property=\"og:locale\" content=\"pt_BR\" \/>\n<meta property=\"og:type\" content=\"article\" \/>\n<meta property=\"og:title\" content=\"Ano 2 - Caminho Vivo\" \/>\n<meta property=\"og:description\" content=\"Ano 2 O ano 2 corresponde ao segundo ano do ensino fundamental e \u00e9 indicado para crian\u00e7as a partir de 7 anos de idade. Neste ano o foco \u00e9 consolidar o h\u00e1bito da aten\u00e7\u00e3o e a flu\u00eancia da leitura. Os livros sugeridos para as li\u00e7\u00f5es de hist\u00f3ria, biografia, ci\u00eancias e geografia devem ser ouvidos e &hellip; Ano 2 Leia mais &raquo;\" \/>\n<meta property=\"og:url\" content=\"https:\/\/caminhovivo.com\/index.php\/ano-2\/\" \/>\n<meta property=\"og:site_name\" content=\"Caminho Vivo\" \/>\n<meta property=\"article:modified_time\" content=\"2025-11-27T15:48:08+00:00\" \/>\n<meta property=\"og:image\" content=\"http:\/\/caminhovivo.com\/wp-content\/uploads\/2024\/01\/Johannes_Vermeer_1632-1675_-_The_Girl_With_The_Pearl_Earring_1665.jpg\" \/>\n<meta name=\"twitter:card\" content=\"summary_large_image\" \/>\n<meta name=\"twitter:label1\" content=\"Est. tempo de leitura\" \/>\n\t<meta name=\"twitter:data1\" content=\"3 minutos\" \/>\n<script type=\"application\/ld+json\" class=\"yoast-schema-graph\">{\"@context\":\"https:\/\/schema.org\",\"@graph\":[{\"@type\":\"WebPage\",\"@id\":\"https:\/\/caminhovivo.com\/index.php\/ano-2\/\",\"url\":\"https:\/\/caminhovivo.com\/index.php\/ano-2\/\",\"name\":\"Ano 2 - Caminho Vivo\",\"isPartOf\":{\"@id\":\"https:\/\/caminhovivo.com\/#website\"},\"primaryImageOfPage\":{\"@id\":\"https:\/\/caminhovivo.com\/index.php\/ano-2\/#primaryimage\"},\"image\":{\"@id\":\"https:\/\/caminhovivo.com\/index.php\/ano-2\/#primaryimage\"},\"thumbnailUrl\":\"http:\/\/caminhovivo.com\/wp-content\/uploads\/2024\/01\/Johannes_Vermeer_1632-1675_-_The_Girl_With_The_Pearl_Earring_1665.jpg\",\"datePublished\":\"2024-01-23T17:46:30+00:00\",\"dateModified\":\"2025-11-27T15:48:08+00:00\",\"breadcrumb\":{\"@id\":\"https:\/\/caminhovivo.com\/index.php\/ano-2\/#breadcrumb\"},\"inLanguage\":\"pt-BR\",\"potentialAction\":[{\"@type\":\"ReadAction\",\"target\":[\"https:\/\/caminhovivo.com\/index.php\/ano-2\/\"]}]},{\"@type\":\"ImageObject\",\"inLanguage\":\"pt-BR\",\"@id\":\"https:\/\/caminhovivo.com\/index.php\/ano-2\/#primaryimage\",\"url\":\"https:\/\/caminhovivo.com\/wp-content\/uploads\/2024\/01\/Johannes_Vermeer_1632-1675_-_The_Girl_With_The_Pearl_Earring_1665.jpg\",\"contentUrl\":\"https:\/\/caminhovivo.com\/wp-content\/uploads\/2024\/01\/Johannes_Vermeer_1632-1675_-_The_Girl_With_The_Pearl_Earring_1665.jpg\",\"width\":250,\"height\":358},{\"@type\":\"BreadcrumbList\",\"@id\":\"https:\/\/caminhovivo.com\/index.php\/ano-2\/#breadcrumb\",\"itemListElement\":[{\"@type\":\"ListItem\",\"position\":1,\"name\":\"In\u00edcio\",\"item\":\"https:\/\/caminhovivo.com\/\"},{\"@type\":\"ListItem\",\"position\":2,\"name\":\"Ano 2\"}]},{\"@type\":\"WebSite\",\"@id\":\"https:\/\/caminhovivo.com\/#website\",\"url\":\"https:\/\/caminhovivo.com\/\",\"name\":\"Caminho Vivo\",\"description\":\"Curr\u00edculo para Educa\u00e7\u00e3o Domiciliar\",\"publisher\":{\"@id\":\"https:\/\/caminhovivo.com\/#organization\"},\"potentialAction\":[{\"@type\":\"SearchAction\",\"target\":{\"@type\":\"EntryPoint\",\"urlTemplate\":\"https:\/\/caminhovivo.com\/?s={search_term_string}\"},\"query-input\":{\"@type\":\"PropertyValueSpecification\",\"valueRequired\":true,\"valueName\":\"search_term_string\"}}],\"inLanguage\":\"pt-BR\"},{\"@type\":\"Organization\",\"@id\":\"https:\/\/caminhovivo.com\/#organization\",\"name\":\"Caminho Vivo\",\"url\":\"https:\/\/caminhovivo.com\/\",\"logo\":{\"@type\":\"ImageObject\",\"inLanguage\":\"pt-BR\",\"@id\":\"https:\/\/caminhovivo.com\/#\/schema\/logo\/image\/\",\"url\":\"https:\/\/caminhovivo.com\/wp-content\/uploads\/2024\/01\/HOMESCHOOL-3.png\",\"contentUrl\":\"https:\/\/caminhovivo.com\/wp-content\/uploads\/2024\/01\/HOMESCHOOL-3.png\",\"width\":2000,\"height\":1333,\"caption\":\"Caminho Vivo\"},\"image\":{\"@id\":\"https:\/\/caminhovivo.com\/#\/schema\/logo\/image\/\"}}]}<\/script>\n<!-- \/ Yoast SEO plugin. -->","yoast_head_json":{"title":"Ano 2 - Caminho Vivo","robots":{"index":"index","follow":"follow","max-snippet":"max-snippet:-1","max-image-preview":"max-image-preview:large","max-video-preview":"max-video-preview:-1"},"canonical":"https:\/\/caminhovivo.com\/index.php\/ano-2\/","og_locale":"pt_BR","og_type":"article","og_title":"Ano 2 - Caminho Vivo","og_description":"Ano 2 O ano 2 corresponde ao segundo ano do ensino fundamental e \u00e9 indicado para crian\u00e7as a partir de 7 anos de idade. Neste ano o foco \u00e9 consolidar o h\u00e1bito da aten\u00e7\u00e3o e a flu\u00eancia da leitura. Os livros sugeridos para as li\u00e7\u00f5es de hist\u00f3ria, biografia, ci\u00eancias e geografia devem ser ouvidos e &hellip; Ano 2 Leia mais &raquo;","og_url":"https:\/\/caminhovivo.com\/index.php\/ano-2\/","og_site_name":"Caminho Vivo","article_modified_time":"2025-11-27T15:48:08+00:00","og_image":[{"url":"http:\/\/caminhovivo.com\/wp-content\/uploads\/2024\/01\/Johannes_Vermeer_1632-1675_-_The_Girl_With_The_Pearl_Earring_1665.jpg"}],"twitter_card":"summary_large_image","twitter_misc":{"Est. tempo de leitura":"3 minutos"},"schema":{"@context":"https:\/\/schema.org","@graph":[{"@type":"WebPage","@id":"https:\/\/caminhovivo.com\/index.php\/ano-2\/","url":"https:\/\/caminhovivo.com\/index.php\/ano-2\/","name":"Ano 2 - Caminho Vivo","isPartOf":{"@id":"https:\/\/caminhovivo.com\/#website"},"primaryImageOfPage":{"@id":"https:\/\/caminhovivo.com\/index.php\/ano-2\/#primaryimage"},"image":{"@id":"https:\/\/caminhovivo.com\/index.php\/ano-2\/#primaryimage"},"thumbnailUrl":"http:\/\/caminhovivo.com\/wp-content\/uploads\/2024\/01\/Johannes_Vermeer_1632-1675_-_The_Girl_With_The_Pearl_Earring_1665.jpg","datePublished":"2024-01-23T17:46:30+00:00","dateModified":"2025-11-27T15:48:08+00:00","breadcrumb":{"@id":"https:\/\/caminhovivo.com\/index.php\/ano-2\/#breadcrumb"},"inLanguage":"pt-BR","potentialAction":[{"@type":"ReadAction","target":["https:\/\/caminhovivo.com\/index.php\/ano-2\/"]}]},{"@type":"ImageObject","inLanguage":"pt-BR","@id":"https:\/\/caminhovivo.com\/index.php\/ano-2\/#primaryimage","url":"https:\/\/caminhovivo.com\/wp-content\/uploads\/2024\/01\/Johannes_Vermeer_1632-1675_-_The_Girl_With_The_Pearl_Earring_1665.jpg","contentUrl":"https:\/\/caminhovivo.com\/wp-content\/uploads\/2024\/01\/Johannes_Vermeer_1632-1675_-_The_Girl_With_The_Pearl_Earring_1665.jpg","width":250,"height":358},{"@type":"BreadcrumbList","@id":"https:\/\/caminhovivo.com\/index.php\/ano-2\/#breadcrumb","itemListElement":[{"@type":"ListItem","position":1,"name":"In\u00edcio","item":"https:\/\/caminhovivo.com\/"},{"@type":"ListItem","position":2,"name":"Ano 2"}]},{"@type":"WebSite","@id":"https:\/\/caminhovivo.com\/#website","url":"https:\/\/caminhovivo.com\/","name":"Caminho Vivo","description":"Curr\u00edculo para Educa\u00e7\u00e3o Domiciliar","publisher":{"@id":"https:\/\/caminhovivo.com\/#organization"},"potentialAction":[{"@type":"SearchAction","target":{"@type":"EntryPoint","urlTemplate":"https:\/\/caminhovivo.com\/?s={search_term_string}"},"query-input":{"@type":"PropertyValueSpecification","valueRequired":true,"valueName":"search_term_string"}}],"inLanguage":"pt-BR"},{"@type":"Organization","@id":"https:\/\/caminhovivo.com\/#organization","name":"Caminho Vivo","url":"https:\/\/caminhovivo.com\/","logo":{"@type":"ImageObject","inLanguage":"pt-BR","@id":"https:\/\/caminhovivo.com\/#\/schema\/logo\/image\/","url":"https:\/\/caminhovivo.com\/wp-content\/uploads\/2024\/01\/HOMESCHOOL-3.png","contentUrl":"https:\/\/caminhovivo.com\/wp-content\/uploads\/2024\/01\/HOMESCHOOL-3.png","width":2000,"height":1333,"caption":"Caminho Vivo"},"image":{"@id":"https:\/\/caminhovivo.com\/#\/schema\/logo\/image\/"}}]}},"_links":{"self":[{"href":"https:\/\/caminhovivo.com\/index.php\/wp-json\/wp\/v2\/pages\/1548"}],"collection":[{"href":"https:\/\/caminhovivo.com\/index.php\/wp-json\/wp\/v2\/pages"}],"about":[{"href":"https:\/\/caminhovivo.com\/index.php\/wp-json\/wp\/v2\/types\/page"}],"author":[{"embeddable":true,"href":"https:\/\/caminhovivo.com\/index.php\/wp-json\/wp\/v2\/users\/1"}],"replies":[{"embeddable":true,"href":"https:\/\/caminhovivo.com\/index.php\/wp-json\/wp\/v2\/comments?post=1548"}],"version-history":[{"count":28,"href":"https:\/\/caminhovivo.com\/index.php\/wp-json\/wp\/v2\/pages\/1548\/revisions"}],"predecessor-version":[{"id":2977,"href":"https:\/\/caminhovivo.com\/index.php\/wp-json\/wp\/v2\/pages\/1548\/revisions\/2977"}],"wp:attachment":[{"href":"https:\/\/caminhovivo.com\/index.php\/wp-json\/wp\/v2\/media?parent=1548"}],"curies":[{"name":"wp","href":"https:\/\/api.w.org\/{rel}","templated":true}]}}